{"id":1258,"date":"2022-02-12T00:57:43","date_gmt":"2022-02-11T23:57:43","guid":{"rendered":"https:\/\/paidoskids.com\/?page_id=1258"},"modified":"2025-02-12T13:46:45","modified_gmt":"2025-02-12T12:46:45","slug":"sobre-nosotros","status":"publish","type":"page","link":"https:\/\/paidoskids.com\/index.php\/sobre-nosotros\/","title":{"rendered":"Sobre nosotros"},"content":{"rendered":"\n<p>Paid\u00f3s Kids es un comercio tradicional que abri\u00f3 sus puertas en Alcantarilla en septiembre de 1.995. Los fundadores de dicho comercios son hijos de comerciantes que contin\u00faan con la profesi\u00f3n que sus padres han ejercido durante toda su vida profesional.<\/p>\n\n\n\n<p>En 2017, ganamos el Premio Mercurio Comercio 2016 de la regi\u00f3n de Murcia.<\/p>\n\n\n\n<p>El comercio f\u00edsico est\u00e1 situado en calle Mayor, 149 de Alcantarilla, Murcia.<\/p>\n\n\n\n<figure class=\"wp-block-image size-large\"><img loading=\"lazy\" decoding=\"async\" width=\"1024\" height=\"687\" src=\"https:\/\/paidoskids.com\/wp-content\/uploads\/2022\/02\/DSC_0202-1024x687.jpg\" alt=\"\" class=\"wp-image-1259\" srcset=\"https:\/\/paidoskids.com\/wp-content\/uploads\/2022\/02\/DSC_0202-1024x687.jpg 1024w, https:\/\/paidoskids.com\/wp-content\/uploads\/2022\/02\/DSC_0202-scaled-510x342.jpg 510w, https:\/\/paidoskids.com\/wp-content\/uploads\/2022\/02\/DSC_0202-300x201.jpg 300w, https:\/\/paidoskids.com\/wp-content\/uploads\/2022\/02\/DSC_0202-768x516.jpg 768w, https:\/\/paidoskids.com\/wp-content\/uploads\/2022\/02\/DSC_0202-1536x1031.jpg 1536w, https:\/\/paidoskids.com\/wp-content\/uploads\/2022\/02\/DSC_0202-2048x1375.jpg 2048w, https:\/\/paidoskids.com\/wp-content\/uploads\/2022\/02\/DSC_0202-1320x886.jpg 1320w, https:\/\/paidoskids.com\/wp-content\/uploads\/2022\/02\/DSC_0202-600x403.jpg 600w, https:\/\/paidoskids.com\/wp-content\/uploads\/2022\/02\/DSC_0202-134x90.jpg 134w\" sizes=\"auto, (max-width: 1024px) 100vw, 1024px\" \/><figcaption class=\"wp-element-caption\">Recogiendo el premio Mercurio Comercio 2016 Regi\u00f3n de Murcia con el presidente de la Comunidad<\/figcaption><\/figure>\n\n\n\n<p>Cada temporada seleccionamos las mejores prendas entre diversos fabricantes de ropa infantil de reconocido prestigio. La elecci\u00f3n de cada prenda la hacemos seg\u00fan la tendencia actual, los gustos y preferencias de nuestros clientes, as\u00ed como la calidad de dicha prenda que tiene que ser capaz de resistir en el tiempo despu\u00e9s de ser usada y lavada durante mucho tiempo.<\/p>\n\n\n\n<h2 class=\"wp-block-heading\" id=\"esto-es-lo-que-opinan-algunos-de-nuestros-clientes\">Esto es lo que opinan algunos de nuestros clientes<\/h2>\n\n\n\n<div class=\"wp-block-group is-layout-flow wp-block-group-is-layout-flow\">\n<div class=\"wp-block-columns is-layout-flex wp-container-core-columns-is-layout-9d6595d7 wp-block-columns-is-layout-flex\">\n<div class=\"wp-block-column is-layout-flow wp-block-column-is-layout-flow\" style=\"flex-basis:100%\">\n<figure class=\"wp-block-gallery has-nested-images columns-default is-cropped wp-block-gallery-1 is-layout-flex wp-block-gallery-is-layout-flex\">\n<figure class=\"wp-block-image size-large\"><img loading=\"lazy\" decoding=\"async\" width=\"1024\" height=\"1024\" data-id=\"4940\" src=\"https:\/\/paidoskids.com\/wp-content\/uploads\/2023\/12\/LoQueOpinan-1024x1024.jpeg\" alt=\"\" class=\"wp-image-4940\" srcset=\"https:\/\/paidoskids.com\/wp-content\/uploads\/2023\/12\/LoQueOpinan-1024x1024.jpeg 1024w, https:\/\/paidoskids.com\/wp-content\/uploads\/2023\/12\/LoQueOpinan-100x100.jpeg 100w, https:\/\/paidoskids.com\/wp-content\/uploads\/2023\/12\/LoQueOpinan-510x510.jpeg 510w, https:\/\/paidoskids.com\/wp-content\/uploads\/2023\/12\/LoQueOpinan-300x300.jpeg 300w, https:\/\/paidoskids.com\/wp-content\/uploads\/2023\/12\/LoQueOpinan-150x150.jpeg 150w, https:\/\/paidoskids.com\/wp-content\/uploads\/2023\/12\/LoQueOpinan-768x768.jpeg 768w, https:\/\/paidoskids.com\/wp-content\/uploads\/2023\/12\/LoQueOpinan.jpeg 1080w\" sizes=\"auto, (max-width: 1024px) 100vw, 1024px\" \/><\/figure>\n\n\n\n<figure class=\"wp-block-image size-large\"><img loading=\"lazy\" decoding=\"async\" width=\"1024\" height=\"1024\" data-id=\"4939\" src=\"https:\/\/paidoskids.com\/wp-content\/uploads\/2023\/12\/LoQueOpinan-5-1024x1024.jpeg\" alt=\"\" class=\"wp-image-4939\" srcset=\"https:\/\/paidoskids.com\/wp-content\/uploads\/2023\/12\/LoQueOpinan-5-1024x1024.jpeg 1024w, https:\/\/paidoskids.com\/wp-content\/uploads\/2023\/12\/LoQueOpinan-5-100x100.jpeg 100w, https:\/\/paidoskids.com\/wp-content\/uploads\/2023\/12\/LoQueOpinan-5-510x510.jpeg 510w, https:\/\/paidoskids.com\/wp-content\/uploads\/2023\/12\/LoQueOpinan-5-300x300.jpeg 300w, https:\/\/paidoskids.com\/wp-content\/uploads\/2023\/12\/LoQueOpinan-5-150x150.jpeg 150w, https:\/\/paidoskids.com\/wp-content\/uploads\/2023\/12\/LoQueOpinan-5-768x768.jpeg 768w, https:\/\/paidoskids.com\/wp-content\/uploads\/2023\/12\/LoQueOpinan-5.jpeg 1080w\" sizes=\"auto, (max-width: 1024px) 100vw, 1024px\" \/><\/figure>\n\n\n\n<figure class=\"wp-block-image size-large\"><img loading=\"lazy\" decoding=\"async\" width=\"1024\" height=\"1024\" data-id=\"4938\" src=\"https:\/\/paidoskids.com\/wp-content\/uploads\/2023\/12\/LoQueOpinan-4-1024x1024.jpeg\" alt=\"\" class=\"wp-image-4938\" srcset=\"https:\/\/paidoskids.com\/wp-content\/uploads\/2023\/12\/LoQueOpinan-4-1024x1024.jpeg 1024w, https:\/\/paidoskids.com\/wp-content\/uploads\/2023\/12\/LoQueOpinan-4-100x100.jpeg 100w, https:\/\/paidoskids.com\/wp-content\/uploads\/2023\/12\/LoQueOpinan-4-510x510.jpeg 510w, https:\/\/paidoskids.com\/wp-content\/uploads\/2023\/12\/LoQueOpinan-4-300x300.jpeg 300w, https:\/\/paidoskids.com\/wp-content\/uploads\/2023\/12\/LoQueOpinan-4-150x150.jpeg 150w, https:\/\/paidoskids.com\/wp-content\/uploads\/2023\/12\/LoQueOpinan-4-768x768.jpeg 768w, https:\/\/paidoskids.com\/wp-content\/uploads\/2023\/12\/LoQueOpinan-4.jpeg 1080w\" sizes=\"auto, (max-width: 1024px) 100vw, 1024px\" \/><\/figure>\n\n\n\n<figure class=\"wp-block-image size-large\"><img loading=\"lazy\" decoding=\"async\" width=\"1024\" height=\"1024\" data-id=\"4937\" src=\"https:\/\/paidoskids.com\/wp-content\/uploads\/2023\/12\/LoQueOpinan-2-1024x1024.jpeg\" alt=\"\" class=\"wp-image-4937\" srcset=\"https:\/\/paidoskids.com\/wp-content\/uploads\/2023\/12\/LoQueOpinan-2-1024x1024.jpeg 1024w, https:\/\/paidoskids.com\/wp-content\/uploads\/2023\/12\/LoQueOpinan-2-100x100.jpeg 100w, https:\/\/paidoskids.com\/wp-content\/uploads\/2023\/12\/LoQueOpinan-2-510x510.jpeg 510w, https:\/\/paidoskids.com\/wp-content\/uploads\/2023\/12\/LoQueOpinan-2-300x300.jpeg 300w, https:\/\/paidoskids.com\/wp-content\/uploads\/2023\/12\/LoQueOpinan-2-150x150.jpeg 150w, https:\/\/paidoskids.com\/wp-content\/uploads\/2023\/12\/LoQueOpinan-2-768x768.jpeg 768w, https:\/\/paidoskids.com\/wp-content\/uploads\/2023\/12\/LoQueOpinan-2.jpeg 1080w\" sizes=\"auto, (max-width: 1024px) 100vw, 1024px\" \/><\/figure>\n\n\n\n<figure class=\"wp-block-image size-large\"><img loading=\"lazy\" decoding=\"async\" width=\"1024\" height=\"1024\" data-id=\"4936\" src=\"https:\/\/paidoskids.com\/wp-content\/uploads\/2023\/12\/LoQueOpinan-1-1024x1024.jpeg\" alt=\"\" class=\"wp-image-4936\" srcset=\"https:\/\/paidoskids.com\/wp-content\/uploads\/2023\/12\/LoQueOpinan-1-1024x1024.jpeg 1024w, https:\/\/paidoskids.com\/wp-content\/uploads\/2023\/12\/LoQueOpinan-1-100x100.jpeg 100w, https:\/\/paidoskids.com\/wp-content\/uploads\/2023\/12\/LoQueOpinan-1-510x510.jpeg 510w, https:\/\/paidoskids.com\/wp-content\/uploads\/2023\/12\/LoQueOpinan-1-300x300.jpeg 300w, https:\/\/paidoskids.com\/wp-content\/uploads\/2023\/12\/LoQueOpinan-1-150x150.jpeg 150w, https:\/\/paidoskids.com\/wp-content\/uploads\/2023\/12\/LoQueOpinan-1-768x768.jpeg 768w, https:\/\/paidoskids.com\/wp-content\/uploads\/2023\/12\/LoQueOpinan-1.jpeg 1080w\" sizes=\"auto, (max-width: 1024px) 100vw, 1024px\" \/><\/figure>\n<\/figure>\n<\/div>\n<\/div>\n<\/div>\n\n\n\n<p>Fuente de rese\u00f1as de <a href=\"https:\/\/g.page\/PaidosKids?share\" title=\"Google Maps\">Google Maps<\/a><\/p>\n","protected":false},"excerpt":{"rendered":"<p>Paid\u00f3s Kids es un comercio tradicional que abri\u00f3 sus puertas en Alcantarilla en septiembre de 1.995. Los fundadores de dicho comercios son hijos de comerciantes que contin\u00faan con la profesi\u00f3n que sus padres han ejercido durante toda su vida profesional. En 2017, ganamos el Premio Mercurio Comercio 2016 de la regi\u00f3n de Murcia. El comercio [&#8230;]\n","protected":false},"author":1,"featured_media":0,"parent":0,"menu_order":0,"comment_status":"closed","ping_status":"closed","template":"","meta":{"om_disable_all_campaigns":false,"_monsterinsights_skip_tracking":false,"_monsterinsights_sitenote_active":false,"_monsterinsights_sitenote_note":"","_monsterinsights_sitenote_category":0,"footnotes":""},"class_list":["post-1258","page","type-page","status-publish","hentry"],"aioseo_notices":[],"_links":{"self":[{"href":"https:\/\/paidoskids.com\/index.php\/wp-json\/wp\/v2\/pages\/1258","targetHints":{"allow":["GET"]}}],"collection":[{"href":"https:\/\/paidoskids.com\/index.php\/wp-json\/wp\/v2\/pages"}],"about":[{"href":"https:\/\/paidoskids.com\/index.php\/wp-json\/wp\/v2\/types\/page"}],"author":[{"embeddable":true,"href":"https:\/\/paidoskids.com\/index.php\/wp-json\/wp\/v2\/users\/1"}],"replies":[{"embeddable":true,"href":"https:\/\/paidoskids.com\/index.php\/wp-json\/wp\/v2\/comments?post=1258"}],"version-history":[{"count":3,"href":"https:\/\/paidoskids.com\/index.php\/wp-json\/wp\/v2\/pages\/1258\/revisions"}],"predecessor-version":[{"id":30696,"href":"https:\/\/paidoskids.com\/index.php\/wp-json\/wp\/v2\/pages\/1258\/revisions\/30696"}],"wp:attachment":[{"href":"https:\/\/paidoskids.com\/index.php\/wp-json\/wp\/v2\/media?parent=1258"}],"curies":[{"name":"wp","href":"https:\/\/api.w.org\/{rel}","templated":true}]}}