{"id":18119,"date":"2025-09-23T19:09:28","date_gmt":"2025-09-23T17:09:28","guid":{"rendered":"https:\/\/paidoskids.com\/?post_type=product&#038;p=18119"},"modified":"2026-05-05T14:07:26","modified_gmt":"2026-05-05T12:07:26","slug":"joggers-cintura-ajustable-con-goma-interior-infantil-nino-name-it","status":"publish","type":"product","link":"https:\/\/paidoskids.com\/index.php\/product\/joggers-cintura-ajustable-con-goma-interior-infantil-nino-name-it\/","title":{"rendered":"Joggers Cintura Ajustable Con Goma Interior Infantil Ni\u00d1o Name It"},"content":{"rendered":"<p>Joggers Cintura Ajustable Con Goma Interior Infantil Ni\u00d1o Name It<\/p>\n<p>La mezclilla es una tela tejida duradera disponible en varias expresiones para una apariencia \u00fanica.<br \/>\n&#8211; Tipo de producto: Vaqueros tipo jogger<br \/>\n&#8211; Cierre: Cierre con bot\u00f3n de presi\u00f3n y media bragueta (tallas 80-110) o cierre con bot\u00f3n de gancho y cremallera (tallas 116-164)<br \/>\n&#8211; Bolsillos : Bolsillos traseros, Bolsillos delanteros<br \/>\n&#8211; Detalles adicionales : Etiqueta, Cintura ajustable, Cintura el\u00e1stica<br \/>\n&#8211; Lavado\/Acabado: Abrasiones sutiles<\/p>\n<p>Descripci\u00f3n de calidad<br \/>\nG\u00e9nero: Ni\u00f1o<br \/>\nFabricaci\u00f3n: Tejido<br \/>\nDetalle de fabricaci\u00f3n: tejido de sarga<br \/>\nComposici\u00f3n: 70% Algod\u00f3n, 27% Poli\u00e9ster, 3% Elastano<\/p>\n","protected":false},"excerpt":{"rendered":"<p>Joggers Cintura Ajustable Con Goma Interior Infantil Ni\u00d1o Name It La mezclilla es una tela tejida duradera disponible en varias expresiones para una apariencia \u00fanica. &#8211; Tipo de producto: Vaqueros tipo jogger &#8211; Cierre: Cierre con bot\u00f3n de presi\u00f3n y media bragueta (tallas 80-110) o cierre con bot\u00f3n de gancho y cremallera (tallas 116-164) &#8211; [&#8230;]\n","protected":false},"featured_media":24264,"template":"","meta":{"om_disable_all_campaigns":false,"_monsterinsights_skip_tracking":false,"_monsterinsights_sitenote_active":false,"_monsterinsights_sitenote_note":"","_monsterinsights_sitenote_category":0},"product_brand":[],"product_cat":[10714,10849,10851],"product_tag":[],"class_list":{"0":"post-18119","1":"product","2":"type-product","3":"status-publish","4":"has-post-thumbnail","6":"product_cat-rebajas","7":"product_cat-rebajas-bebe-nino","8":"product_cat-rebajas-infantil-nino","9":"yith_product_brand-name-it","11":"first","12":"instock","13":"taxable","14":"shipping-taxable","15":"purchasable","16":"product-type-variable","17":"has-default-attributes"},"aioseo_notices":[],"_links":{"self":[{"href":"https:\/\/paidoskids.com\/index.php\/wp-json\/wp\/v2\/product\/18119","targetHints":{"allow":["GET"]}}],"collection":[{"href":"https:\/\/paidoskids.com\/index.php\/wp-json\/wp\/v2\/product"}],"about":[{"href":"https:\/\/paidoskids.com\/index.php\/wp-json\/wp\/v2\/types\/product"}],"wp:featuredmedia":[{"embeddable":true,"href":"https:\/\/paidoskids.com\/index.php\/wp-json\/wp\/v2\/media\/24264"}],"wp:attachment":[{"href":"https:\/\/paidoskids.com\/index.php\/wp-json\/wp\/v2\/media?parent=18119"}],"wp:term":[{"taxonomy":"product_brand","embeddable":true,"href":"https:\/\/paidoskids.com\/index.php\/wp-json\/wp\/v2\/product_brand?post=18119"},{"taxonomy":"product_cat","embeddable":true,"href":"https:\/\/paidoskids.com\/index.php\/wp-json\/wp\/v2\/product_cat?post=18119"},{"taxonomy":"product_tag","embeddable":true,"href":"https:\/\/paidoskids.com\/index.php\/wp-json\/wp\/v2\/product_tag?post=18119"}],"curies":[{"name":"wp","href":"https:\/\/api.w.org\/{rel}","templated":true}]}}