{"id":18424,"date":"2025-09-17T19:30:11","date_gmt":"2025-09-17T17:30:11","guid":{"rendered":"https:\/\/paidoskids.com\/?post_type=product&#038;p=18424"},"modified":"2026-05-05T14:07:26","modified_gmt":"2026-05-05T12:07:26","slug":"pantalon-bolsillo-cargo-chico-jack-jones","status":"publish","type":"product","link":"https:\/\/paidoskids.com\/index.php\/product\/pantalon-bolsillo-cargo-chico-jack-jones\/","title":{"rendered":"Pantalon Bolsillo Cargo Chico Jack   Jones"},"content":{"rendered":"<p>Dise\u00f1ados originalmente para el ej\u00e9rcito brit\u00e1nico, los pantalones cargo tienen varios bolsillos en las perneras para mayor practicidad. Perfectos tanto para un look informal como para un conjunto elegante, ya que todo depende del estilo que le des.<br \/>\nEl tejido es un material resistente y duradero que no se estira como los tejidos de punto.<br \/>\nDescubre el mundo cool de Jack and Jones Junior, donde la moda cobra vida con una explosi\u00f3n de energ\u00eda juvenil y encanto vibrante. Nuestras colecciones son una mezcla de dise\u00f1os frescos, modernos y frescos adaptados a chicos de 3 a 16 a\u00f1os. Sum\u00e9rgete en estilos c\u00f3modos y de alta calidad que realzan la moda para chicos. Jack and Jones Junior redefine la moda para ni\u00f1os de 3 a 16 a\u00f1os y adopta el esp\u00edritu de la edad adulta en cada conjunto.<br \/>\n&#8211; Tipo de producto : Pantal\u00f3n cargo<br \/>\n&#8211; Cierre : Bragueta con cremallera<br \/>\n&#8211; Bolsillos : Bolsillos traseros, Bolsillos delanteros, Bolsillos laterales<br \/>\n&#8211; Cintura : Cintura : Media<br \/>\n&#8211; Detalles de la pierna : Bajos de canal\u00e9<br \/>\n&#8211; Tipo de cuerpo : JUNIOR<br \/>\n&#8211; Corte : Corte entallado con tiro bajo, rodilla estrecha y pu\u00f1os ajustados<br \/>\nDescripci\u00f3n de la calidad<br \/>\nSexo: Masculino<br \/>\nConfecci\u00f3n: Tejido<br \/>\nComposici\u00f3n: 68% Algod\u00f3n &#8211; Ecol\u00f3gico, 30% Algod\u00f3n &#8211; Reciclado, 2% Elastano<br \/>\nElecci\u00f3n sostenible<br \/>\nEl material principal de este producto contiene un m\u00ednimo del 50% de algod\u00f3n org\u00e1nico. El algod\u00f3n ecol\u00f3gico se cultiva sin utilizar productos qu\u00edmicos nocivos. El cultivo de algod\u00f3n ecol\u00f3gico protege los recursos naturales y la biodiversidad.,El material principal de este producto contiene un m\u00ednimo del 20% de algod\u00f3n reciclado. El algod\u00f3n reciclado ahorra recursos naturales y reduce la cantidad de residuos textiles.<\/p>\n<p>Traducci\u00f3n realizada con la versi\u00f3n gratuita del traductor DeepL.com<\/p>\n","protected":false},"excerpt":{"rendered":"<p>Dise\u00f1ados originalmente para el ej\u00e9rcito brit\u00e1nico, los pantalones cargo tienen varios bolsillos en las perneras para mayor practicidad. Perfectos tanto para un look informal como para un conjunto elegante, ya que todo depende del estilo que le des. El tejido es un material resistente y duradero que no se estira como los tejidos de punto. [&#8230;]\n","protected":false},"featured_media":24899,"template":"","meta":{"om_disable_all_campaigns":false,"_monsterinsights_skip_tracking":false,"_monsterinsights_sitenote_active":false,"_monsterinsights_sitenote_note":"","_monsterinsights_sitenote_category":0},"product_brand":[],"product_cat":[10714,10853],"product_tag":[],"class_list":{"0":"post-18424","1":"product","2":"type-product","3":"status-publish","4":"has-post-thumbnail","6":"product_cat-rebajas","7":"product_cat-rebajas-chico","8":"yith_product_brand-jack-jones","10":"first","11":"instock","12":"taxable","13":"shipping-taxable","14":"purchasable","15":"product-type-variable","16":"has-default-attributes"},"aioseo_notices":[],"_links":{"self":[{"href":"https:\/\/paidoskids.com\/index.php\/wp-json\/wp\/v2\/product\/18424","targetHints":{"allow":["GET"]}}],"collection":[{"href":"https:\/\/paidoskids.com\/index.php\/wp-json\/wp\/v2\/product"}],"about":[{"href":"https:\/\/paidoskids.com\/index.php\/wp-json\/wp\/v2\/types\/product"}],"wp:featuredmedia":[{"embeddable":true,"href":"https:\/\/paidoskids.com\/index.php\/wp-json\/wp\/v2\/media\/24899"}],"wp:attachment":[{"href":"https:\/\/paidoskids.com\/index.php\/wp-json\/wp\/v2\/media?parent=18424"}],"wp:term":[{"taxonomy":"product_brand","embeddable":true,"href":"https:\/\/paidoskids.com\/index.php\/wp-json\/wp\/v2\/product_brand?post=18424"},{"taxonomy":"product_cat","embeddable":true,"href":"https:\/\/paidoskids.com\/index.php\/wp-json\/wp\/v2\/product_cat?post=18424"},{"taxonomy":"product_tag","embeddable":true,"href":"https:\/\/paidoskids.com\/index.php\/wp-json\/wp\/v2\/product_tag?post=18424"}],"curies":[{"name":"wp","href":"https:\/\/api.w.org\/{rel}","templated":true}]}}