{"id":27444,"date":"2025-01-14T21:31:15","date_gmt":"2025-01-14T20:31:15","guid":{"rendered":"https:\/\/paidoskids.com\/?post_type=product&#038;p=27444"},"modified":"2026-05-05T14:07:26","modified_gmt":"2026-05-05T12:07:26","slug":"pantalon-tejano-rotos-chica-name-it","status":"publish","type":"product","link":"https:\/\/paidoskids.com\/index.php\/product\/pantalon-tejano-rotos-chica-name-it\/","title":{"rendered":"Pantalon Tejano Rotos Chica Name It"},"content":{"rendered":"<p>Pantal\u00f3n tejano con rotos de chica de Name It. La cadera es regular y el pantal\u00f3n ancho. Es la \u00faltima tendencia en moda y a las chicas les encanta.<\/p>\n<p>&nbsp;<\/p>\n<p>Especificaciones<br \/>\nEncuentra los vaqueros perfectos y sorprende a tu hijo con estilos atemporales que garantizan un aspecto fresco y libertad de movimientos.<br \/>\nEl denim es un tejido duradero disponible en varias expresiones para un look \u00fanico.<br \/>\n&#8211; Tipo de producto : Vaqueros anchos<br \/>\n&#8211; Cierre : Bot\u00f3n de gancho y bragueta con cremallera<br \/>\n&#8211; Cintura : Cintura alta<br \/>\n&#8211; Detalles adicionales : Cintura ajustable, Remaches<br \/>\n&#8211; Lavado\/Acabado : Efecto desgastado para un look desgastado<br \/>\nLeer m\u00e1s<br \/>\nG\u00e9nero : Mujer Mujer<br \/>\nConfecci\u00f3n: Tejido<br \/>\nDetalle de fabricaci\u00f3n: Tejido de sarga<br \/>\nComposici\u00f3n: 50% algod\u00f3n, 50% algod\u00f3n ecol\u00f3gico<\/p>\n<p>Traducci\u00f3n realizada con la versi\u00f3n gratuita del traductor DeepL.com<\/p>\n","protected":false},"excerpt":{"rendered":"<p>Pantal\u00f3n tejano con rotos de chica de Name It. La cadera es regular y el pantal\u00f3n ancho. Es la \u00faltima tendencia en moda y a las chicas les encanta. &nbsp; Especificaciones Encuentra los vaqueros perfectos y sorprende a tu hijo con estilos atemporales que garantizan un aspecto fresco y libertad de movimientos. El denim es [&#8230;]\n","protected":false},"featured_media":27661,"template":"","meta":{"om_disable_all_campaigns":false,"_monsterinsights_skip_tracking":false,"_monsterinsights_sitenote_active":false,"_monsterinsights_sitenote_note":"","_monsterinsights_sitenote_category":0},"product_brand":[],"product_cat":[10714,10854],"product_tag":[],"class_list":{"0":"post-27444","1":"product","2":"type-product","3":"status-publish","4":"has-post-thumbnail","6":"product_cat-rebajas","7":"product_cat-rebajas-chica","8":"yith_product_brand-name-it","10":"first","11":"instock","12":"taxable","13":"shipping-taxable","14":"purchasable","15":"product-type-variable","16":"has-default-attributes"},"aioseo_notices":[],"_links":{"self":[{"href":"https:\/\/paidoskids.com\/index.php\/wp-json\/wp\/v2\/product\/27444","targetHints":{"allow":["GET"]}}],"collection":[{"href":"https:\/\/paidoskids.com\/index.php\/wp-json\/wp\/v2\/product"}],"about":[{"href":"https:\/\/paidoskids.com\/index.php\/wp-json\/wp\/v2\/types\/product"}],"wp:featuredmedia":[{"embeddable":true,"href":"https:\/\/paidoskids.com\/index.php\/wp-json\/wp\/v2\/media\/27661"}],"wp:attachment":[{"href":"https:\/\/paidoskids.com\/index.php\/wp-json\/wp\/v2\/media?parent=27444"}],"wp:term":[{"taxonomy":"product_brand","embeddable":true,"href":"https:\/\/paidoskids.com\/index.php\/wp-json\/wp\/v2\/product_brand?post=27444"},{"taxonomy":"product_cat","embeddable":true,"href":"https:\/\/paidoskids.com\/index.php\/wp-json\/wp\/v2\/product_cat?post=27444"},{"taxonomy":"product_tag","embeddable":true,"href":"https:\/\/paidoskids.com\/index.php\/wp-json\/wp\/v2\/product_tag?post=27444"}],"curies":[{"name":"wp","href":"https:\/\/api.w.org\/{rel}","templated":true}]}}