{"id":29142,"date":"2025-01-22T20:30:24","date_gmt":"2025-01-22T19:30:24","guid":{"rendered":"https:\/\/paidoskids.com\/?post_type=product&#038;p=29142"},"modified":"2026-04-28T20:52:59","modified_gmt":"2026-04-28T18:52:59","slug":"babero-silicona-koala-pink","status":"publish","type":"product","link":"https:\/\/paidoskids.com\/index.php\/product\/babero-silicona-koala-pink\/","title":{"rendered":"Babero Silicona \u00abkoala\u00bb Pink"},"content":{"rendered":"<p>Babero Silicona \u00abkoala\u00bb Pink<\/p>\n<ul>\n<li>Babero de facil limpieza y gran durabilidad.<\/li>\n<li>Ajustable en 5 posiciones.<\/li>\n<li>Hombreras anchas para reducir la presi\u00f3n, proporcionando comodidad a nuestro beb\u00e9.<\/li>\n<li>Dep\u00f3sito en la parte inferior.<\/li>\n<li>Silicona muy suave para proteger la piel y el cuello de nuestro beb\u00e9.<\/li>\n<li>Apto para limpieza en lavavajillas.<\/li>\n<li>210x20x260<\/li>\n<li>1.09L<\/li>\n<\/ul>\n","protected":false},"excerpt":{"rendered":"<p>Babero Silicona \u00abkoala\u00bb Pink Babero de facil limpieza y gran durabilidad. Ajustable en 5 posiciones. Hombreras anchas para reducir la presi\u00f3n, proporcionando comodidad a nuestro beb\u00e9. Dep\u00f3sito en la parte inferior. Silicona muy suave para proteger la piel y el cuello de nuestro beb\u00e9. Apto para limpieza en lavavajillas. 210x20x260 1.09L<\/p>\n","protected":false},"featured_media":29161,"template":"","meta":{"om_disable_all_campaigns":false,"_monsterinsights_skip_tracking":false,"_monsterinsights_sitenote_active":false,"_monsterinsights_sitenote_note":"","_monsterinsights_sitenote_category":0},"product_brand":[],"product_cat":[10476],"product_tag":[],"class_list":{"0":"post-29142","1":"product","2":"type-product","3":"status-publish","4":"has-post-thumbnail","6":"product_cat-mochilas","7":"yith_product_brand-safta","9":"first","10":"instock","11":"taxable","12":"shipping-taxable","13":"purchasable","14":"product-type-simple"},"aioseo_notices":[],"_links":{"self":[{"href":"https:\/\/paidoskids.com\/index.php\/wp-json\/wp\/v2\/product\/29142","targetHints":{"allow":["GET"]}}],"collection":[{"href":"https:\/\/paidoskids.com\/index.php\/wp-json\/wp\/v2\/product"}],"about":[{"href":"https:\/\/paidoskids.com\/index.php\/wp-json\/wp\/v2\/types\/product"}],"wp:featuredmedia":[{"embeddable":true,"href":"https:\/\/paidoskids.com\/index.php\/wp-json\/wp\/v2\/media\/29161"}],"wp:attachment":[{"href":"https:\/\/paidoskids.com\/index.php\/wp-json\/wp\/v2\/media?parent=29142"}],"wp:term":[{"taxonomy":"product_brand","embeddable":true,"href":"https:\/\/paidoskids.com\/index.php\/wp-json\/wp\/v2\/product_brand?post=29142"},{"taxonomy":"product_cat","embeddable":true,"href":"https:\/\/paidoskids.com\/index.php\/wp-json\/wp\/v2\/product_cat?post=29142"},{"taxonomy":"product_tag","embeddable":true,"href":"https:\/\/paidoskids.com\/index.php\/wp-json\/wp\/v2\/product_tag?post=29142"}],"curies":[{"name":"wp","href":"https:\/\/api.w.org\/{rel}","templated":true}]}}