{"id":36079,"date":"2025-09-23T19:30:35","date_gmt":"2025-09-23T17:30:35","guid":{"rendered":"https:\/\/paidoskids.com\/?post_type=product&#038;p=36079"},"modified":"2026-04-17T21:10:48","modified_gmt":"2026-04-17T19:10:48","slug":"sudadera-one-piece-chico","status":"publish","type":"product","link":"https:\/\/paidoskids.com\/index.php\/product\/sudadera-one-piece-chico\/","title":{"rendered":"Sudadera One Piece Chico"},"content":{"rendered":"<h2>Sudadera One Piece Chico<\/h2>\n<p>One Piece es una serie de animaci\u00f3n japonesa que se desarrolla principalmente en el mar y en islas, donde los piratas vagan por las ciudades mientras la marina intenta mantener el orden. Como cualquier otro pirata, Luffy se lanza al mar en busca del misterioso tesoro de One Piece y para cumplir su sue\u00f1o de convertirse en el rey de los piratas. Se convierte en un forajido buscado por la marina.<br \/>\n&#8211; Tipo de producto: Sudadera<br \/>\n&#8211; Cuello: Sudadera con capucha<br \/>\n&#8211; Manga: Manga larga<br \/>\n&#8211; Pu\u00f1os: Pu\u00f1os acanalados<br \/>\n&#8211; Estampado: Estampado de goma para una sensaci\u00f3n de suavidad<br \/>\n&#8211; Ajuste: Ajuste est\u00e1ndar<\/p>\n<p>Composici\u00f3n: 70 % algod\u00f3n, 30 % poli\u00e9ster<\/p>\n","protected":false},"excerpt":{"rendered":"<p>Sudadera One Piece Chico One Piece es una serie de animaci\u00f3n japonesa que se desarrolla principalmente en el mar y en islas, donde los piratas vagan por las ciudades mientras la marina intenta mantener el orden. Como cualquier otro pirata, Luffy se lanza al mar en busca del misterioso tesoro de One Piece y para [&#8230;]\n","protected":false},"featured_media":36301,"template":"","meta":{"om_disable_all_campaigns":false,"_monsterinsights_skip_tracking":false,"_monsterinsights_sitenote_active":false,"_monsterinsights_sitenote_note":"","_monsterinsights_sitenote_category":0},"product_brand":[],"product_cat":[10714,10853],"product_tag":[],"class_list":{"0":"post-36079","1":"product","2":"type-product","3":"status-publish","4":"has-post-thumbnail","6":"product_cat-rebajas","7":"product_cat-rebajas-chico","8":"yith_product_brand-name-it","10":"first","11":"instock","12":"sale","13":"taxable","14":"shipping-taxable","15":"purchasable","16":"product-type-variable","17":"has-default-attributes"},"aioseo_notices":[],"_links":{"self":[{"href":"https:\/\/paidoskids.com\/index.php\/wp-json\/wp\/v2\/product\/36079","targetHints":{"allow":["GET"]}}],"collection":[{"href":"https:\/\/paidoskids.com\/index.php\/wp-json\/wp\/v2\/product"}],"about":[{"href":"https:\/\/paidoskids.com\/index.php\/wp-json\/wp\/v2\/types\/product"}],"wp:featuredmedia":[{"embeddable":true,"href":"https:\/\/paidoskids.com\/index.php\/wp-json\/wp\/v2\/media\/36301"}],"wp:attachment":[{"href":"https:\/\/paidoskids.com\/index.php\/wp-json\/wp\/v2\/media?parent=36079"}],"wp:term":[{"taxonomy":"product_brand","embeddable":true,"href":"https:\/\/paidoskids.com\/index.php\/wp-json\/wp\/v2\/product_brand?post=36079"},{"taxonomy":"product_cat","embeddable":true,"href":"https:\/\/paidoskids.com\/index.php\/wp-json\/wp\/v2\/product_cat?post=36079"},{"taxonomy":"product_tag","embeddable":true,"href":"https:\/\/paidoskids.com\/index.php\/wp-json\/wp\/v2\/product_tag?post=36079"}],"curies":[{"name":"wp","href":"https:\/\/api.w.org\/{rel}","templated":true}]}}