{"id":36768,"date":"2025-08-11T13:01:11","date_gmt":"2025-08-11T11:01:11","guid":{"rendered":"https:\/\/paidoskids.com\/?post_type=product&#038;p=36768"},"modified":"2026-05-05T14:07:26","modified_gmt":"2026-05-05T12:07:26","slug":"camiseta-punto-basica-de-bebe-infantil-2","status":"publish","type":"product","link":"https:\/\/paidoskids.com\/index.php\/product\/camiseta-punto-basica-de-bebe-infantil-2\/","title":{"rendered":"Camiseta Punto B\u00c1sica De Beb\u00c9 &#8211; Infantil"},"content":{"rendered":"<p>Camiseta Punto B\u00e1sica De Beb\u00e9 &#8211; Infantil<\/p>\n","protected":false},"excerpt":{"rendered":"<p>Camiseta Punto B\u00e1sica De Beb\u00e9 &#8211; Infantil<\/p>\n","protected":false},"featured_media":38487,"template":"","meta":{"om_disable_all_campaigns":false,"_monsterinsights_skip_tracking":false,"_monsterinsights_sitenote_active":false,"_monsterinsights_sitenote_note":"","_monsterinsights_sitenote_category":0},"product_brand":[],"product_cat":[10714,10849,10851],"product_tag":[],"class_list":{"0":"post-36768","1":"product","2":"type-product","3":"status-publish","4":"has-post-thumbnail","6":"product_cat-rebajas","7":"product_cat-rebajas-bebe-nino","8":"product_cat-rebajas-infantil-nino","9":"yith_product_brand-boboli","11":"first","12":"instock","13":"taxable","14":"shipping-taxable","15":"purchasable","16":"product-type-variable","17":"has-default-attributes"},"aioseo_notices":[],"_links":{"self":[{"href":"https:\/\/paidoskids.com\/index.php\/wp-json\/wp\/v2\/product\/36768","targetHints":{"allow":["GET"]}}],"collection":[{"href":"https:\/\/paidoskids.com\/index.php\/wp-json\/wp\/v2\/product"}],"about":[{"href":"https:\/\/paidoskids.com\/index.php\/wp-json\/wp\/v2\/types\/product"}],"wp:featuredmedia":[{"embeddable":true,"href":"https:\/\/paidoskids.com\/index.php\/wp-json\/wp\/v2\/media\/38487"}],"wp:attachment":[{"href":"https:\/\/paidoskids.com\/index.php\/wp-json\/wp\/v2\/media?parent=36768"}],"wp:term":[{"taxonomy":"product_brand","embeddable":true,"href":"https:\/\/paidoskids.com\/index.php\/wp-json\/wp\/v2\/product_brand?post=36768"},{"taxonomy":"product_cat","embeddable":true,"href":"https:\/\/paidoskids.com\/index.php\/wp-json\/wp\/v2\/product_cat?post=36768"},{"taxonomy":"product_tag","embeddable":true,"href":"https:\/\/paidoskids.com\/index.php\/wp-json\/wp\/v2\/product_tag?post=36768"}],"curies":[{"name":"wp","href":"https:\/\/api.w.org\/{rel}","templated":true}]}}