{"id":37142,"date":"2025-08-11T14:01:02","date_gmt":"2025-08-11T12:01:02","guid":{"rendered":"https:\/\/paidoskids.com\/?post_type=product&#038;p=37142"},"modified":"2026-05-06T11:27:08","modified_gmt":"2026-05-06T09:27:08","slug":"pantalon-punto-franela-de-bebe-infantil","status":"publish","type":"product","link":"https:\/\/paidoskids.com\/index.php\/product\/pantalon-punto-franela-de-bebe-infantil\/","title":{"rendered":"Pantal\u00d3n Punto Franela De Beb\u00c9 &#8211; Infantil"},"content":{"rendered":"<p>Pantal\u00f3n Punto Franela de Beb\u00e9 &#8211; Infantil<\/p>\n","protected":false},"excerpt":{"rendered":"<p>Pantal\u00f3n Punto Franela de Beb\u00e9 &#8211; Infantil<\/p>\n","protected":false},"featured_media":38911,"template":"","meta":{"om_disable_all_campaigns":false,"_monsterinsights_skip_tracking":false,"_monsterinsights_sitenote_active":false,"_monsterinsights_sitenote_note":"","_monsterinsights_sitenote_category":0},"product_brand":[],"product_cat":[10714,10849,10851],"product_tag":[],"class_list":{"0":"post-37142","1":"product","2":"type-product","3":"status-publish","4":"has-post-thumbnail","6":"product_cat-rebajas","7":"product_cat-rebajas-bebe-nino","8":"product_cat-rebajas-infantil-nino","9":"yith_product_brand-boboli","11":"first","12":"instock","13":"taxable","14":"shipping-taxable","15":"purchasable","16":"product-type-variable","17":"has-default-attributes"},"aioseo_notices":[],"_links":{"self":[{"href":"https:\/\/paidoskids.com\/index.php\/wp-json\/wp\/v2\/product\/37142","targetHints":{"allow":["GET"]}}],"collection":[{"href":"https:\/\/paidoskids.com\/index.php\/wp-json\/wp\/v2\/product"}],"about":[{"href":"https:\/\/paidoskids.com\/index.php\/wp-json\/wp\/v2\/types\/product"}],"wp:featuredmedia":[{"embeddable":true,"href":"https:\/\/paidoskids.com\/index.php\/wp-json\/wp\/v2\/media\/38911"}],"wp:attachment":[{"href":"https:\/\/paidoskids.com\/index.php\/wp-json\/wp\/v2\/media?parent=37142"}],"wp:term":[{"taxonomy":"product_brand","embeddable":true,"href":"https:\/\/paidoskids.com\/index.php\/wp-json\/wp\/v2\/product_brand?post=37142"},{"taxonomy":"product_cat","embeddable":true,"href":"https:\/\/paidoskids.com\/index.php\/wp-json\/wp\/v2\/product_cat?post=37142"},{"taxonomy":"product_tag","embeddable":true,"href":"https:\/\/paidoskids.com\/index.php\/wp-json\/wp\/v2\/product_tag?post=37142"}],"curies":[{"name":"wp","href":"https:\/\/api.w.org\/{rel}","templated":true}]}}