{"id":41234,"date":"2025-12-10T04:01:58","date_gmt":"2025-12-10T03:01:58","guid":{"rendered":"https:\/\/paidoskids.com\/?post_type=product&#038;p=41234"},"modified":"2026-05-05T14:05:00","modified_gmt":"2026-05-05T12:05:00","slug":"mochila-para-portatil-141-safta-basic-marino","status":"publish","type":"product","link":"https:\/\/paidoskids.com\/index.php\/product\/mochila-para-portatil-141-safta-basic-marino\/","title":{"rendered":"Mochila Para Portatil 14,1&#8243; Safta Basic Marino"},"content":{"rendered":"<div class=\"page-title-wrapper product\">\n<h1 class=\"page-title\"><span class=\"base\" data-ui-id=\"page-title-wrapper\">MOCHILA PARA PORTATIL 14,1&#8243; SAFTA BASIC \u00abMARINO\u00bb<\/span><\/h1>\n<\/div>\n<div class=\"product attribute overview\">\n<div class=\"value\">\n<ul>\n<li>Alojamiento acolchado para portatil de hasta 14,1\u00bb.<\/li>\n<li>Bolsillo para IPAD o similar de hasta 10,6\u00bb.<\/li>\n<li>Alojamiento espec\u00edfico para tel\u00e9fono movil.<\/li>\n<li>Mosquet\u00f3n interior para llaves.<\/li>\n<li>Orificio para salida de auriculares.<\/li>\n<li>Bolsillo frontal con cremallera.<\/li>\n<li>Bolsillo trasero con cremallera.<\/li>\n<li>Doble tirador en cremallera principal para facilitar su apertura.<\/li>\n<li>Hombreras y espalda ergon\u00f3micas y acolchadas antisudor,y Asa de mano forrada en la parte superior.<\/li>\n<li>310x160x410 mm<\/li>\n<li>20L<\/li>\n<\/ul>\n<\/div>\n<\/div>\n","protected":false},"excerpt":{"rendered":"<p>MOCHILA PARA PORTATIL 14,1&#8243; SAFTA BASIC \u00abMARINO\u00bb Alojamiento acolchado para portatil de hasta 14,1\u00bb. Bolsillo para IPAD o similar de hasta 10,6\u00bb. Alojamiento espec\u00edfico para tel\u00e9fono movil. Mosquet\u00f3n interior para llaves. Orificio para salida de auriculares. Bolsillo frontal con cremallera. Bolsillo trasero con cremallera. Doble tirador en cremallera principal para facilitar su apertura. Hombreras y [&#8230;]\n","protected":false},"featured_media":44024,"template":"","meta":{"om_disable_all_campaigns":false,"_monsterinsights_skip_tracking":false,"_monsterinsights_sitenote_active":false,"_monsterinsights_sitenote_note":"","_monsterinsights_sitenote_category":0},"product_brand":[],"product_cat":[31,10476,10714,10853],"product_tag":[],"class_list":{"0":"post-41234","1":"product","2":"type-product","3":"status-publish","4":"has-post-thumbnail","6":"product_cat-chico","7":"product_cat-mochilas","8":"product_cat-rebajas","9":"product_cat-rebajas-chico","10":"yith_product_brand-safta","12":"first","13":"instock","14":"taxable","15":"shipping-taxable","16":"purchasable","17":"product-type-simple"},"aioseo_notices":[],"_links":{"self":[{"href":"https:\/\/paidoskids.com\/index.php\/wp-json\/wp\/v2\/product\/41234","targetHints":{"allow":["GET"]}}],"collection":[{"href":"https:\/\/paidoskids.com\/index.php\/wp-json\/wp\/v2\/product"}],"about":[{"href":"https:\/\/paidoskids.com\/index.php\/wp-json\/wp\/v2\/types\/product"}],"wp:featuredmedia":[{"embeddable":true,"href":"https:\/\/paidoskids.com\/index.php\/wp-json\/wp\/v2\/media\/44024"}],"wp:attachment":[{"href":"https:\/\/paidoskids.com\/index.php\/wp-json\/wp\/v2\/media?parent=41234"}],"wp:term":[{"taxonomy":"product_brand","embeddable":true,"href":"https:\/\/paidoskids.com\/index.php\/wp-json\/wp\/v2\/product_brand?post=41234"},{"taxonomy":"product_cat","embeddable":true,"href":"https:\/\/paidoskids.com\/index.php\/wp-json\/wp\/v2\/product_cat?post=41234"},{"taxonomy":"product_tag","embeddable":true,"href":"https:\/\/paidoskids.com\/index.php\/wp-json\/wp\/v2\/product_tag?post=41234"}],"curies":[{"name":"wp","href":"https:\/\/api.w.org\/{rel}","templated":true}]}}