{"id":43133,"date":"2025-11-12T12:51:06","date_gmt":"2025-11-12T11:51:06","guid":{"rendered":"https:\/\/paidoskids.com\/?post_type=product&#038;p=43133"},"modified":"2026-04-22T13:32:12","modified_gmt":"2026-04-22T11:32:12","slug":"camisa-chico-jack-jones","status":"publish","type":"product","link":"https:\/\/paidoskids.com\/index.php\/product\/camisa-chico-jack-jones\/","title":{"rendered":"Camisa Chico Jack   Jones"},"content":{"rendered":"<p>Camisa de Jack &amp; Jones para ni\u00f1o<\/p>\n<pre class=\"ProductDetail-module__productDrawerInfo__k7MX5\">Composici\u00f3n:\r\n75% Algod\u00f3n\r\n25% Algod\u00f3n Reciclado<\/pre>\n","protected":false},"excerpt":{"rendered":"<p>Camisa de Jack &amp; Jones para ni\u00f1o Composici\u00f3n: 75% Algod\u00f3n 25% Algod\u00f3n Reciclado<\/p>\n","protected":false},"featured_media":43320,"template":"","meta":{"om_disable_all_campaigns":false,"_monsterinsights_skip_tracking":false,"_monsterinsights_sitenote_active":false,"_monsterinsights_sitenote_note":"","_monsterinsights_sitenote_category":0},"product_brand":[],"product_cat":[10714,10853],"product_tag":[],"class_list":{"0":"post-43133","1":"product","2":"type-product","3":"status-publish","4":"has-post-thumbnail","6":"product_cat-rebajas","7":"product_cat-rebajas-chico","8":"yith_product_brand-jack-jones","10":"first","11":"instock","12":"taxable","13":"shipping-taxable","14":"purchasable","15":"product-type-variable","16":"has-default-attributes"},"aioseo_notices":[],"_links":{"self":[{"href":"https:\/\/paidoskids.com\/index.php\/wp-json\/wp\/v2\/product\/43133","targetHints":{"allow":["GET"]}}],"collection":[{"href":"https:\/\/paidoskids.com\/index.php\/wp-json\/wp\/v2\/product"}],"about":[{"href":"https:\/\/paidoskids.com\/index.php\/wp-json\/wp\/v2\/types\/product"}],"wp:featuredmedia":[{"embeddable":true,"href":"https:\/\/paidoskids.com\/index.php\/wp-json\/wp\/v2\/media\/43320"}],"wp:attachment":[{"href":"https:\/\/paidoskids.com\/index.php\/wp-json\/wp\/v2\/media?parent=43133"}],"wp:term":[{"taxonomy":"product_brand","embeddable":true,"href":"https:\/\/paidoskids.com\/index.php\/wp-json\/wp\/v2\/product_brand?post=43133"},{"taxonomy":"product_cat","embeddable":true,"href":"https:\/\/paidoskids.com\/index.php\/wp-json\/wp\/v2\/product_cat?post=43133"},{"taxonomy":"product_tag","embeddable":true,"href":"https:\/\/paidoskids.com\/index.php\/wp-json\/wp\/v2\/product_tag?post=43133"}],"curies":[{"name":"wp","href":"https:\/\/api.w.org\/{rel}","templated":true}]}}