{"id":44161,"date":"2026-01-26T12:57:06","date_gmt":"2026-01-26T11:57:06","guid":{"rendered":"https:\/\/paidoskids.com\/?post_type=product&#038;p=44161"},"modified":"2026-05-09T11:53:02","modified_gmt":"2026-05-09T09:53:02","slug":"camiseta-jack-jones-chico-m-c","status":"publish","type":"product","link":"https:\/\/paidoskids.com\/index.php\/product\/camiseta-jack-jones-chico-m-c\/","title":{"rendered":"Camiseta Jack   Jones Chico M\/c"},"content":{"rendered":"<p>Camiseta Jack &amp; Jones chico manga corta.<\/p>\n<p>No hay nada m\u00e1s sencillo que una camiseta. Podr\u00e1s combinarla con cualquier prenda de tu armario.<\/p>\n<p>El jersey es un tejido ligero y el\u00e1stico que garantiza la comodidad.<\/p>\n<p>Descubre el fant\u00e1stico mundo de Jack and Jones Junior, donde la moda cobra vida con una explosi\u00f3n de energ\u00eda juvenil y encanto vibrante. Nuestras colecciones son una mezcla de dise\u00f1os frescos, modernos y atractivos, pensados para ni\u00f1os de entre 8 y 16 a\u00f1os. Sum\u00e9rgete en estilos c\u00f3modos y de alta calidad que resaltan la moda infantil. Desde cortes atractivos hasta un estilo contempor\u00e1neo, Jack and Jones Junior redefine la moda para ni\u00f1os de entre 8 y 16 a\u00f1os e incorpora el esp\u00edritu de la edad adulta en cada conjunto.<\/p>\n<p>&#8211; Tipo de producto: Camiseta<\/p>\n<p>&#8211; Cuello: Cuello redondo<\/p>\n<p>&#8211; Manga: Manga corta<\/p>\n<p>&#8211; Ajuste: Ajuste regular<\/p>\n<p>&#8211; Estilo de vida: Ocio<\/p>\n<p>G\u00e9nero: Hombre<\/p>\n<p>Fabricaci\u00f3n: Tejido circular<\/p>\n<p>Detalle de fabricaci\u00f3n: Jersey sencillo<\/p>\n<p>Composici\u00f3n: 100 % algod\u00f3n &#8211; Algod\u00f3n mejor trazable<\/p>\n<p>&nbsp;<\/p>\n<p><i>Traducci\u00f3n realizada con la versi\u00f3n gratuita del traductor <a href=\"https:\/\/www.deepl.com\/?utm_campaign=product&amp;utm_source=web_translator&amp;utm_medium=web&amp;utm_content=copy_free_translation\">DeepL.com<\/a><\/i><\/p>\n","protected":false},"excerpt":{"rendered":"<p>Camiseta Jack &amp; Jones chico manga corta. No hay nada m\u00e1s sencillo que una camiseta. Podr\u00e1s combinarla con cualquier prenda de tu armario. El jersey es un tejido ligero y el\u00e1stico que garantiza la comodidad. Descubre el fant\u00e1stico mundo de Jack and Jones Junior, donde la moda cobra vida con una explosi\u00f3n de energ\u00eda juvenil [&#8230;]\n","protected":false},"featured_media":44402,"template":"","meta":{"om_disable_all_campaigns":false,"_monsterinsights_skip_tracking":false,"_monsterinsights_sitenote_active":false,"_monsterinsights_sitenote_note":"","_monsterinsights_sitenote_category":0},"product_brand":[],"product_cat":[31,10879],"product_tag":[],"class_list":{"0":"post-44161","1":"product","2":"type-product","3":"status-publish","4":"has-post-thumbnail","6":"product_cat-chico","7":"product_cat-pv2026","8":"yith_product_brand-jack-jones","10":"first","11":"instock","12":"sale","13":"taxable","14":"shipping-taxable","15":"purchasable","16":"product-type-variable","17":"has-default-attributes"},"aioseo_notices":[],"_links":{"self":[{"href":"https:\/\/paidoskids.com\/index.php\/wp-json\/wp\/v2\/product\/44161","targetHints":{"allow":["GET"]}}],"collection":[{"href":"https:\/\/paidoskids.com\/index.php\/wp-json\/wp\/v2\/product"}],"about":[{"href":"https:\/\/paidoskids.com\/index.php\/wp-json\/wp\/v2\/types\/product"}],"wp:featuredmedia":[{"embeddable":true,"href":"https:\/\/paidoskids.com\/index.php\/wp-json\/wp\/v2\/media\/44402"}],"wp:attachment":[{"href":"https:\/\/paidoskids.com\/index.php\/wp-json\/wp\/v2\/media?parent=44161"}],"wp:term":[{"taxonomy":"product_brand","embeddable":true,"href":"https:\/\/paidoskids.com\/index.php\/wp-json\/wp\/v2\/product_brand?post=44161"},{"taxonomy":"product_cat","embeddable":true,"href":"https:\/\/paidoskids.com\/index.php\/wp-json\/wp\/v2\/product_cat?post=44161"},{"taxonomy":"product_tag","embeddable":true,"href":"https:\/\/paidoskids.com\/index.php\/wp-json\/wp\/v2\/product_tag?post=44161"}],"curies":[{"name":"wp","href":"https:\/\/api.w.org\/{rel}","templated":true}]}}