{"id":44192,"date":"2026-01-26T12:57:28","date_gmt":"2026-01-26T11:57:28","guid":{"rendered":"https:\/\/paidoskids.com\/?post_type=product&#038;p=44192"},"modified":"2026-05-05T14:07:27","modified_gmt":"2026-05-05T12:07:27","slug":"camiseta-jack-jones-infantil-nino-m-c","status":"publish","type":"product","link":"https:\/\/paidoskids.com\/index.php\/product\/camiseta-jack-jones-infantil-nino-m-c\/","title":{"rendered":"Camiseta Jack   Jones Infantil Ni\u00d1o M\/c"},"content":{"rendered":"<p>Camiseta Jack &amp; Jones infantil ni\u00f1o.<\/p>\n<p>&#8211; Tipo de producto: Camiseta<\/p>\n<p>&#8211; Cuello: Cuello redondo<\/p>\n<p>&#8211; Manga: Manga corta<\/p>\n<p>&#8211; Ajuste: Ajuste regular<\/p>\n<p>&#8211; Estilo de vida: Ocio<\/p>\n<p>G\u00e9nero: Hombre<\/p>\n<p>Fabricaci\u00f3n: Tejido circular<\/p>\n<p>Detalle de fabricaci\u00f3n: Jersey sencillo<\/p>\n<p>Composici\u00f3n: 100 % algod\u00f3n<\/p>\n<p>&nbsp;<\/p>\n","protected":false},"excerpt":{"rendered":"<p>Camiseta Jack &amp; Jones infantil ni\u00f1o. &#8211; Tipo de producto: Camiseta &#8211; Cuello: Cuello redondo &#8211; Manga: Manga corta &#8211; Ajuste: Ajuste regular &#8211; Estilo de vida: Ocio G\u00e9nero: Hombre Fabricaci\u00f3n: Tejido circular Detalle de fabricaci\u00f3n: Jersey sencillo Composici\u00f3n: 100 % algod\u00f3n &nbsp;<\/p>\n","protected":false},"featured_media":44408,"template":"","meta":{"om_disable_all_campaigns":false,"_monsterinsights_skip_tracking":false,"_monsterinsights_sitenote_active":false,"_monsterinsights_sitenote_note":"","_monsterinsights_sitenote_category":0},"product_brand":[],"product_cat":[29,10879],"product_tag":[],"class_list":{"0":"post-44192","1":"product","2":"type-product","3":"status-publish","4":"has-post-thumbnail","6":"product_cat-infantil-nino","7":"product_cat-pv2026","8":"yith_product_brand-jack-jones","10":"first","11":"instock","12":"sale","13":"taxable","14":"shipping-taxable","15":"purchasable","16":"product-type-variable","17":"has-default-attributes"},"aioseo_notices":[],"_links":{"self":[{"href":"https:\/\/paidoskids.com\/index.php\/wp-json\/wp\/v2\/product\/44192","targetHints":{"allow":["GET"]}}],"collection":[{"href":"https:\/\/paidoskids.com\/index.php\/wp-json\/wp\/v2\/product"}],"about":[{"href":"https:\/\/paidoskids.com\/index.php\/wp-json\/wp\/v2\/types\/product"}],"wp:featuredmedia":[{"embeddable":true,"href":"https:\/\/paidoskids.com\/index.php\/wp-json\/wp\/v2\/media\/44408"}],"wp:attachment":[{"href":"https:\/\/paidoskids.com\/index.php\/wp-json\/wp\/v2\/media?parent=44192"}],"wp:term":[{"taxonomy":"product_brand","embeddable":true,"href":"https:\/\/paidoskids.com\/index.php\/wp-json\/wp\/v2\/product_brand?post=44192"},{"taxonomy":"product_cat","embeddable":true,"href":"https:\/\/paidoskids.com\/index.php\/wp-json\/wp\/v2\/product_cat?post=44192"},{"taxonomy":"product_tag","embeddable":true,"href":"https:\/\/paidoskids.com\/index.php\/wp-json\/wp\/v2\/product_tag?post=44192"}],"curies":[{"name":"wp","href":"https:\/\/api.w.org\/{rel}","templated":true}]}}