{"id":44215,"date":"2026-01-26T12:57:45","date_gmt":"2026-01-26T11:57:45","guid":{"rendered":"https:\/\/paidoskids.com\/?post_type=product&#038;p=44215"},"modified":"2026-05-06T11:27:08","modified_gmt":"2026-05-06T09:27:08","slug":"camiseta-manga-corta-infantil-nina-name-it","status":"publish","type":"product","link":"https:\/\/paidoskids.com\/index.php\/product\/camiseta-manga-corta-infantil-nina-name-it\/","title":{"rendered":"Camiseta Manga Corta Infantil Ni\u00d1a Name It"},"content":{"rendered":"<p>Renueva el armario de tu hijo con camisetas geniales perfectas para el d\u00eda a d\u00eda y para ocasiones especiales.<\/p>\n<p>El jersey es un tejido ligero y el\u00e1stico con una superficie y un interior suaves que proporcionan una sensaci\u00f3n c\u00f3moda y libertad de movimiento.<\/p>\n<p>&#8211; Tipo de producto: camiseta.<\/p>\n<p>&#8211; Cuello: cuello redondo.<\/p>\n<p>&#8211; Manga: manga corta.<\/p>\n<p>&#8211; Estampado: estampado brillante para un look llamativo y moderno, estampado pigmentado para un estampado suave en tejidos m\u00e1s ligeros.<\/p>\n<p>&#8211; Ajuste: ajuste regular.<\/p>\n<p>G\u00e9nero: mujer.<\/p>\n<p>Fabricaci\u00f3n: tejido circular.<\/p>\n<p>Detalle de fabricaci\u00f3n: jersey sencillo.<\/p>\n<p>Composici\u00f3n: 100 % algod\u00f3n org\u00e1nico.<\/p>\n","protected":false},"excerpt":{"rendered":"<p>Renueva el armario de tu hijo con camisetas geniales perfectas para el d\u00eda a d\u00eda y para ocasiones especiales. El jersey es un tejido ligero y el\u00e1stico con una superficie y un interior suaves que proporcionan una sensaci\u00f3n c\u00f3moda y libertad de movimiento. &#8211; Tipo de producto: camiseta. &#8211; Cuello: cuello redondo. &#8211; Manga: manga [&#8230;]\n","protected":false},"featured_media":44432,"template":"","meta":{"om_disable_all_campaigns":false,"_monsterinsights_skip_tracking":false,"_monsterinsights_sitenote_active":false,"_monsterinsights_sitenote_note":"","_monsterinsights_sitenote_category":0},"product_brand":[],"product_cat":[30,10879],"product_tag":[],"class_list":{"0":"post-44215","1":"product","2":"type-product","3":"status-publish","4":"has-post-thumbnail","6":"product_cat-infantil-nina","7":"product_cat-pv2026","8":"yith_product_brand-name-it","10":"first","11":"instock","12":"sale","13":"taxable","14":"shipping-taxable","15":"purchasable","16":"product-type-variable","17":"has-default-attributes"},"aioseo_notices":[],"_links":{"self":[{"href":"https:\/\/paidoskids.com\/index.php\/wp-json\/wp\/v2\/product\/44215","targetHints":{"allow":["GET"]}}],"collection":[{"href":"https:\/\/paidoskids.com\/index.php\/wp-json\/wp\/v2\/product"}],"about":[{"href":"https:\/\/paidoskids.com\/index.php\/wp-json\/wp\/v2\/types\/product"}],"wp:featuredmedia":[{"embeddable":true,"href":"https:\/\/paidoskids.com\/index.php\/wp-json\/wp\/v2\/media\/44432"}],"wp:attachment":[{"href":"https:\/\/paidoskids.com\/index.php\/wp-json\/wp\/v2\/media?parent=44215"}],"wp:term":[{"taxonomy":"product_brand","embeddable":true,"href":"https:\/\/paidoskids.com\/index.php\/wp-json\/wp\/v2\/product_brand?post=44215"},{"taxonomy":"product_cat","embeddable":true,"href":"https:\/\/paidoskids.com\/index.php\/wp-json\/wp\/v2\/product_cat?post=44215"},{"taxonomy":"product_tag","embeddable":true,"href":"https:\/\/paidoskids.com\/index.php\/wp-json\/wp\/v2\/product_tag?post=44215"}],"curies":[{"name":"wp","href":"https:\/\/api.w.org\/{rel}","templated":true}]}}