{"id":44383,"date":"2026-01-26T12:59:56","date_gmt":"2026-01-26T11:59:56","guid":{"rendered":"https:\/\/paidoskids.com\/?post_type=product&#038;p=44383"},"modified":"2026-04-22T13:32:13","modified_gmt":"2026-04-22T11:32:13","slug":"blusa-popelin-combinada-de-nina-bebe-infantil","status":"publish","type":"product","link":"https:\/\/paidoskids.com\/index.php\/product\/blusa-popelin-combinada-de-nina-bebe-infantil\/","title":{"rendered":"Blusa Popel\u00cdn Combinada De Ni\u00d1a Beb\u00c9-infantil"},"content":{"rendered":"<p>Blusa popelin combinada B\u00f3boli<\/p>\n<p>COMPOSICI\u00d3N:80%algod\u00f3n 20%poli\u00e9ster<\/p>\n<p>INSTRUCCIONES DE LAVADO:Lavar a m\u00e1quina, temperatura m\u00e1xima 30\u00ba C. No usar lej\u00eda. No se puede secar con secadora. Planchar a temperatura baja, m\u00e1ximo 110\u00ba C. No admite el lavado en seco.<\/p>\n","protected":false},"excerpt":{"rendered":"<p>Blusa popelin combinada B\u00f3boli COMPOSICI\u00d3N:80%algod\u00f3n 20%poli\u00e9ster INSTRUCCIONES DE LAVADO:Lavar a m\u00e1quina, temperatura m\u00e1xima 30\u00ba C. No usar lej\u00eda. No se puede secar con secadora. Planchar a temperatura baja, m\u00e1ximo 110\u00ba C. No admite el lavado en seco.<\/p>\n","protected":false},"featured_media":44959,"template":"","meta":{"om_disable_all_campaigns":false,"_monsterinsights_skip_tracking":false,"_monsterinsights_sitenote_active":false,"_monsterinsights_sitenote_note":"","_monsterinsights_sitenote_category":0},"product_brand":[],"product_cat":[28,30],"product_tag":[],"class_list":{"0":"post-44383","1":"product","2":"type-product","3":"status-publish","4":"has-post-thumbnail","6":"product_cat-bebe-nina","7":"product_cat-infantil-nina","8":"yith_product_brand-boboli","10":"first","11":"instock","12":"sale","13":"taxable","14":"shipping-taxable","15":"purchasable","16":"product-type-variable","17":"has-default-attributes"},"aioseo_notices":[],"_links":{"self":[{"href":"https:\/\/paidoskids.com\/index.php\/wp-json\/wp\/v2\/product\/44383","targetHints":{"allow":["GET"]}}],"collection":[{"href":"https:\/\/paidoskids.com\/index.php\/wp-json\/wp\/v2\/product"}],"about":[{"href":"https:\/\/paidoskids.com\/index.php\/wp-json\/wp\/v2\/types\/product"}],"wp:featuredmedia":[{"embeddable":true,"href":"https:\/\/paidoskids.com\/index.php\/wp-json\/wp\/v2\/media\/44959"}],"wp:attachment":[{"href":"https:\/\/paidoskids.com\/index.php\/wp-json\/wp\/v2\/media?parent=44383"}],"wp:term":[{"taxonomy":"product_brand","embeddable":true,"href":"https:\/\/paidoskids.com\/index.php\/wp-json\/wp\/v2\/product_brand?post=44383"},{"taxonomy":"product_cat","embeddable":true,"href":"https:\/\/paidoskids.com\/index.php\/wp-json\/wp\/v2\/product_cat?post=44383"},{"taxonomy":"product_tag","embeddable":true,"href":"https:\/\/paidoskids.com\/index.php\/wp-json\/wp\/v2\/product_tag?post=44383"}],"curies":[{"name":"wp","href":"https:\/\/api.w.org\/{rel}","templated":true}]}}