{"id":44445,"date":"2026-01-26T18:26:55","date_gmt":"2026-01-26T17:26:55","guid":{"rendered":"https:\/\/paidoskids.com\/?post_type=product&#038;p=44445"},"modified":"2026-05-05T14:07:30","modified_gmt":"2026-05-05T12:07:30","slug":"pantalon-chandal-fino-name-it-infantil","status":"publish","type":"product","link":"https:\/\/paidoskids.com\/index.php\/product\/pantalon-chandal-fino-name-it-infantil\/","title":{"rendered":"Pantalon Chandal Fino Name It Infantil"},"content":{"rendered":"<p>Pantal\u00f3n de ch\u00e1ndal fino Name It tallas infantiles.<\/p>\n<p>El cord\u00f3n es de adorno.<br \/>\nLa cintura es ajustable con el\u00e1stico de ojales.<br \/>\nUna vez ajustada la cintura a la medida del ni\u00f1o, \u00e9ste no tendr\u00e1 que atar ning\u00fan cord\u00f3n. Mucho m\u00e1s f\u00e1cil y c\u00f3modo.<\/p>\n<p>G\u00e9nero: Hombre.<br \/>\nFabricaci\u00f3n: Tejido circular.<br \/>\nDetalle de fabricaci\u00f3n: Parte trasera con bucles.<br \/>\nTipo de estilo: PANTALONES.<br \/>\nComposici\u00f3n: 80 % algod\u00f3n, 20 % poli\u00e9ster.<\/p>\n","protected":false},"excerpt":{"rendered":"<p>Pantal\u00f3n de ch\u00e1ndal fino Name It tallas infantiles. El cord\u00f3n es de adorno. La cintura es ajustable con el\u00e1stico de ojales. Una vez ajustada la cintura a la medida del ni\u00f1o, \u00e9ste no tendr\u00e1 que atar ning\u00fan cord\u00f3n. Mucho m\u00e1s f\u00e1cil y c\u00f3modo. G\u00e9nero: Hombre. Fabricaci\u00f3n: Tejido circular. Detalle de fabricaci\u00f3n: Parte trasera con bucles. [&#8230;]\n","protected":false},"featured_media":44708,"template":"","meta":{"om_disable_all_campaigns":false,"_monsterinsights_skip_tracking":false,"_monsterinsights_sitenote_active":false,"_monsterinsights_sitenote_note":"","_monsterinsights_sitenote_category":0},"product_brand":[],"product_cat":[29,10879],"product_tag":[],"class_list":{"0":"post-44445","1":"product","2":"type-product","3":"status-publish","4":"has-post-thumbnail","6":"product_cat-infantil-nino","7":"product_cat-pv2026","8":"yith_product_brand-name-it","10":"first","11":"instock","12":"sale","13":"taxable","14":"shipping-taxable","15":"purchasable","16":"product-type-variable","17":"has-default-attributes"},"aioseo_notices":[],"_links":{"self":[{"href":"https:\/\/paidoskids.com\/index.php\/wp-json\/wp\/v2\/product\/44445","targetHints":{"allow":["GET"]}}],"collection":[{"href":"https:\/\/paidoskids.com\/index.php\/wp-json\/wp\/v2\/product"}],"about":[{"href":"https:\/\/paidoskids.com\/index.php\/wp-json\/wp\/v2\/types\/product"}],"wp:featuredmedia":[{"embeddable":true,"href":"https:\/\/paidoskids.com\/index.php\/wp-json\/wp\/v2\/media\/44708"}],"wp:attachment":[{"href":"https:\/\/paidoskids.com\/index.php\/wp-json\/wp\/v2\/media?parent=44445"}],"wp:term":[{"taxonomy":"product_brand","embeddable":true,"href":"https:\/\/paidoskids.com\/index.php\/wp-json\/wp\/v2\/product_brand?post=44445"},{"taxonomy":"product_cat","embeddable":true,"href":"https:\/\/paidoskids.com\/index.php\/wp-json\/wp\/v2\/product_cat?post=44445"},{"taxonomy":"product_tag","embeddable":true,"href":"https:\/\/paidoskids.com\/index.php\/wp-json\/wp\/v2\/product_tag?post=44445"}],"curies":[{"name":"wp","href":"https:\/\/api.w.org\/{rel}","templated":true}]}}