{"id":44528,"date":"2026-01-26T18:27:54","date_gmt":"2026-01-26T17:27:54","guid":{"rendered":"https:\/\/paidoskids.com\/?post_type=product&#038;p=44528"},"modified":"2026-05-05T14:07:30","modified_gmt":"2026-05-05T12:07:30","slug":"camiseta-manga-corta-chico-nameit","status":"publish","type":"product","link":"https:\/\/paidoskids.com\/index.php\/product\/camiseta-manga-corta-chico-nameit\/","title":{"rendered":"Camiseta Manga Corta Chico Nameit"},"content":{"rendered":"<p>Renueva el armario de tu hijo con camisetas modernas perfectas para el d\u00eda a d\u00eda y para ocasiones especiales.<br \/>\nEl jersey es un tejido ligero y el\u00e1stico con una superficie y un interior suaves que proporcionan una gran comodidad y libertad de movimiento.<br \/>\n&#8211; Tipo de producto: camiseta<br \/>\n&#8211; Cuello: cuello redondo<br \/>\n&#8211; Manga: manga corta<br \/>\n&#8211; Estampado: estampado pigmentado para un acabado suave en tejidos m\u00e1s ligeros<br \/>\n&#8211; Ajuste: ajuste regular<\/p>\n<p>G\u00e9nero: Masculino<br \/>\nFabricaci\u00f3n: Tejido circular<br \/>\nDetalle de fabricaci\u00f3n: Jersey sencillo<br \/>\nComposici\u00f3n: 100 % algod\u00f3n org\u00e1nico<\/p>\n<p>Referencia del material exterior: 311 | Jersey sencillo 150 GSM-100-OCo (ALGOD\u00d3N PEINADO)<br \/>\nFibras certificadas y de marca<br \/>\nEl material principal de este producto contiene un m\u00ednimo del 50 % de algod\u00f3n org\u00e1nico.<\/p>\n","protected":false},"excerpt":{"rendered":"<p>Renueva el armario de tu hijo con camisetas modernas perfectas para el d\u00eda a d\u00eda y para ocasiones especiales. El jersey es un tejido ligero y el\u00e1stico con una superficie y un interior suaves que proporcionan una gran comodidad y libertad de movimiento. &#8211; Tipo de producto: camiseta &#8211; Cuello: cuello redondo &#8211; Manga: manga [&#8230;]\n","protected":false},"featured_media":44679,"template":"","meta":{"om_disable_all_campaigns":false,"_monsterinsights_skip_tracking":false,"_monsterinsights_sitenote_active":false,"_monsterinsights_sitenote_note":"","_monsterinsights_sitenote_category":0},"product_brand":[],"product_cat":[31,10879],"product_tag":[],"class_list":{"0":"post-44528","1":"product","2":"type-product","3":"status-publish","4":"has-post-thumbnail","6":"product_cat-chico","7":"product_cat-pv2026","8":"yith_product_brand-name-it","10":"first","11":"instock","12":"sale","13":"taxable","14":"shipping-taxable","15":"purchasable","16":"product-type-variable","17":"has-default-attributes"},"aioseo_notices":[],"_links":{"self":[{"href":"https:\/\/paidoskids.com\/index.php\/wp-json\/wp\/v2\/product\/44528","targetHints":{"allow":["GET"]}}],"collection":[{"href":"https:\/\/paidoskids.com\/index.php\/wp-json\/wp\/v2\/product"}],"about":[{"href":"https:\/\/paidoskids.com\/index.php\/wp-json\/wp\/v2\/types\/product"}],"wp:featuredmedia":[{"embeddable":true,"href":"https:\/\/paidoskids.com\/index.php\/wp-json\/wp\/v2\/media\/44679"}],"wp:attachment":[{"href":"https:\/\/paidoskids.com\/index.php\/wp-json\/wp\/v2\/media?parent=44528"}],"wp:term":[{"taxonomy":"product_brand","embeddable":true,"href":"https:\/\/paidoskids.com\/index.php\/wp-json\/wp\/v2\/product_brand?post=44528"},{"taxonomy":"product_cat","embeddable":true,"href":"https:\/\/paidoskids.com\/index.php\/wp-json\/wp\/v2\/product_cat?post=44528"},{"taxonomy":"product_tag","embeddable":true,"href":"https:\/\/paidoskids.com\/index.php\/wp-json\/wp\/v2\/product_tag?post=44528"}],"curies":[{"name":"wp","href":"https:\/\/api.w.org\/{rel}","templated":true}]}}