{"id":44604,"date":"2026-01-26T18:28:45","date_gmt":"2026-01-26T17:28:45","guid":{"rendered":"https:\/\/paidoskids.com\/?post_type=product&#038;p=44604"},"modified":"2026-05-08T11:32:07","modified_gmt":"2026-05-08T09:32:07","slug":"legging-infantil-nina-name-it-2","status":"publish","type":"product","link":"https:\/\/paidoskids.com\/index.php\/product\/legging-infantil-nina-name-it-2\/","title":{"rendered":"Legging Infantil Ni\u00d1a Name It"},"content":{"rendered":"<p>Legging b\u00e1sico Name It infantil ni\u00f1a.<\/p>\n<p>Prenda c\u00f3moda y deportiva apta cara casi todo el a\u00f1o.<\/p>\n<p>El jersey es un tejido ligero y el\u00e1stico con una superficie y un interior suaves que proporcionan una sensaci\u00f3n c\u00f3moda y libertad de movimiento.<br \/>\n&#8211; Tipo de producto: Leggings<br \/>\n&#8211; Ajuste: Ajuste regular<br \/>\nG\u00e9nero: Mujer<br \/>\nFabricaci\u00f3n: Tejido circular<br \/>\nDetalles de fabricaci\u00f3n: Jersey sencillo<br \/>\nComposici\u00f3n: 95 % algod\u00f3n org\u00e1nico, 5 % elastano<\/p>\n<p>Referencia del material exterior: 298 | Jersey sencillo 180 GSM-95\/5-OCo\/Ea (ALGOD\u00d3N PEINADO)<br \/>\nFibras certificadas y de marca<br \/>\nEl material principal de este producto contiene un m\u00ednimo del 50 % de algod\u00f3n org\u00e1nico.<\/p>\n","protected":false},"excerpt":{"rendered":"<p>Legging b\u00e1sico Name It infantil ni\u00f1a. Prenda c\u00f3moda y deportiva apta cara casi todo el a\u00f1o. El jersey es un tejido ligero y el\u00e1stico con una superficie y un interior suaves que proporcionan una sensaci\u00f3n c\u00f3moda y libertad de movimiento. &#8211; Tipo de producto: Leggings &#8211; Ajuste: Ajuste regular G\u00e9nero: Mujer Fabricaci\u00f3n: Tejido circular Detalles [&#8230;]\n","protected":false},"featured_media":44661,"template":"","meta":{"om_disable_all_campaigns":false,"_monsterinsights_skip_tracking":false,"_monsterinsights_sitenote_active":false,"_monsterinsights_sitenote_note":"","_monsterinsights_sitenote_category":0},"product_brand":[],"product_cat":[30,10879],"product_tag":[],"class_list":{"0":"post-44604","1":"product","2":"type-product","3":"status-publish","4":"has-post-thumbnail","6":"product_cat-infantil-nina","7":"product_cat-pv2026","8":"yith_product_brand-name-it","10":"first","11":"instock","12":"sale","13":"taxable","14":"shipping-taxable","15":"purchasable","16":"product-type-variable","17":"has-default-attributes"},"aioseo_notices":[],"_links":{"self":[{"href":"https:\/\/paidoskids.com\/index.php\/wp-json\/wp\/v2\/product\/44604","targetHints":{"allow":["GET"]}}],"collection":[{"href":"https:\/\/paidoskids.com\/index.php\/wp-json\/wp\/v2\/product"}],"about":[{"href":"https:\/\/paidoskids.com\/index.php\/wp-json\/wp\/v2\/types\/product"}],"wp:featuredmedia":[{"embeddable":true,"href":"https:\/\/paidoskids.com\/index.php\/wp-json\/wp\/v2\/media\/44661"}],"wp:attachment":[{"href":"https:\/\/paidoskids.com\/index.php\/wp-json\/wp\/v2\/media?parent=44604"}],"wp:term":[{"taxonomy":"product_brand","embeddable":true,"href":"https:\/\/paidoskids.com\/index.php\/wp-json\/wp\/v2\/product_brand?post=44604"},{"taxonomy":"product_cat","embeddable":true,"href":"https:\/\/paidoskids.com\/index.php\/wp-json\/wp\/v2\/product_cat?post=44604"},{"taxonomy":"product_tag","embeddable":true,"href":"https:\/\/paidoskids.com\/index.php\/wp-json\/wp\/v2\/product_tag?post=44604"}],"curies":[{"name":"wp","href":"https:\/\/api.w.org\/{rel}","templated":true}]}}