{"id":44860,"date":"2026-04-01T11:07:50","date_gmt":"2026-04-01T09:07:50","guid":{"rendered":"https:\/\/paidoskids.com\/?post_type=product&#038;p=44860"},"modified":"2026-04-28T20:56:01","modified_gmt":"2026-04-28T18:56:01","slug":"camiseta-punto-de-nina-bebe-infantil-2","status":"publish","type":"product","link":"https:\/\/paidoskids.com\/index.php\/product\/camiseta-punto-de-nina-bebe-infantil-2\/","title":{"rendered":"Camiseta Punto De Ni\u00d1a Beb\u00c9-infantil"},"content":{"rendered":"<p>Camiseta punto B\u00f3boli para ni\u00f1a.<\/p>\n<p>COMPOSICI\u00d3N:95%algod\u00f3n 5%elastano<\/p>\n<p>INSTRUCCIONES DE LAVADO:Lavar a m\u00e1quina, temperatura m\u00e1xima 30\u00ba C. No usar lej\u00eda. No se puede secar con secadora. Planchar a temperatura baja, m\u00e1ximo 110\u00ba C. No admite el lavado en seco.<\/p>\n","protected":false},"excerpt":{"rendered":"<p>Camiseta punto B\u00f3boli para ni\u00f1a. COMPOSICI\u00d3N:95%algod\u00f3n 5%elastano INSTRUCCIONES DE LAVADO:Lavar a m\u00e1quina, temperatura m\u00e1xima 30\u00ba C. No usar lej\u00eda. No se puede secar con secadora. Planchar a temperatura baja, m\u00e1ximo 110\u00ba C. No admite el lavado en seco.<\/p>\n","protected":false},"featured_media":50204,"template":"","meta":{"om_disable_all_campaigns":false,"_monsterinsights_skip_tracking":false,"_monsterinsights_sitenote_active":false,"_monsterinsights_sitenote_note":"","_monsterinsights_sitenote_category":0},"product_brand":[],"product_cat":[28,30,10879],"product_tag":[],"class_list":{"0":"post-44860","1":"product","2":"type-product","3":"status-publish","4":"has-post-thumbnail","6":"product_cat-bebe-nina","7":"product_cat-infantil-nina","8":"product_cat-pv2026","9":"yith_product_brand-boboli","11":"first","12":"instock","13":"sale","14":"taxable","15":"shipping-taxable","16":"purchasable","17":"product-type-variable","18":"has-default-attributes"},"aioseo_notices":[],"_links":{"self":[{"href":"https:\/\/paidoskids.com\/index.php\/wp-json\/wp\/v2\/product\/44860","targetHints":{"allow":["GET"]}}],"collection":[{"href":"https:\/\/paidoskids.com\/index.php\/wp-json\/wp\/v2\/product"}],"about":[{"href":"https:\/\/paidoskids.com\/index.php\/wp-json\/wp\/v2\/types\/product"}],"wp:featuredmedia":[{"embeddable":true,"href":"https:\/\/paidoskids.com\/index.php\/wp-json\/wp\/v2\/media\/50204"}],"wp:attachment":[{"href":"https:\/\/paidoskids.com\/index.php\/wp-json\/wp\/v2\/media?parent=44860"}],"wp:term":[{"taxonomy":"product_brand","embeddable":true,"href":"https:\/\/paidoskids.com\/index.php\/wp-json\/wp\/v2\/product_brand?post=44860"},{"taxonomy":"product_cat","embeddable":true,"href":"https:\/\/paidoskids.com\/index.php\/wp-json\/wp\/v2\/product_cat?post=44860"},{"taxonomy":"product_tag","embeddable":true,"href":"https:\/\/paidoskids.com\/index.php\/wp-json\/wp\/v2\/product_tag?post=44860"}],"curies":[{"name":"wp","href":"https:\/\/api.w.org\/{rel}","templated":true}]}}