{"id":45139,"date":"2026-01-29T13:28:13","date_gmt":"2026-01-29T12:28:13","guid":{"rendered":"https:\/\/paidoskids.com\/?post_type=product&#038;p=45139"},"modified":"2026-04-17T21:10:49","modified_gmt":"2026-04-17T19:10:49","slug":"camiseta-m-l-spiderman","status":"publish","type":"product","link":"https:\/\/paidoskids.com\/index.php\/product\/camiseta-m-l-spiderman\/","title":{"rendered":"Camiseta M\/l Spiderman"},"content":{"rendered":"<p>Camiseta manga larga Spiderman.<br \/>\nSe trata de una prenda deportiva que seca r\u00e1pido el sudor y es muy el\u00e1stica.<\/p>\n<p>Composici\u00f3n:<\/p>\n<p>97% poli\u00e9ster<\/p>\n<p>3 % elastano.<\/p>\n","protected":false},"excerpt":{"rendered":"<p>Camiseta manga larga Spiderman. Se trata de una prenda deportiva que seca r\u00e1pido el sudor y es muy el\u00e1stica. Composici\u00f3n: 97% poli\u00e9ster 3 % elastano.<\/p>\n","protected":false},"featured_media":45271,"template":"","meta":{"om_disable_all_campaigns":false,"_monsterinsights_skip_tracking":false,"_monsterinsights_sitenote_active":false,"_monsterinsights_sitenote_note":"","_monsterinsights_sitenote_category":0},"product_brand":[],"product_cat":[10584,10714,10851],"product_tag":[],"class_list":{"0":"post-45139","1":"product","2":"type-product","3":"status-publish","4":"has-post-thumbnail","6":"product_cat-licencias","7":"product_cat-rebajas","8":"product_cat-rebajas-infantil-nino","9":"yith_product_brand-sun-city","11":"first","12":"instock","13":"sale","14":"taxable","15":"shipping-taxable","16":"purchasable","17":"product-type-variable","18":"has-default-attributes"},"aioseo_notices":[],"_links":{"self":[{"href":"https:\/\/paidoskids.com\/index.php\/wp-json\/wp\/v2\/product\/45139","targetHints":{"allow":["GET"]}}],"collection":[{"href":"https:\/\/paidoskids.com\/index.php\/wp-json\/wp\/v2\/product"}],"about":[{"href":"https:\/\/paidoskids.com\/index.php\/wp-json\/wp\/v2\/types\/product"}],"wp:featuredmedia":[{"embeddable":true,"href":"https:\/\/paidoskids.com\/index.php\/wp-json\/wp\/v2\/media\/45271"}],"wp:attachment":[{"href":"https:\/\/paidoskids.com\/index.php\/wp-json\/wp\/v2\/media?parent=45139"}],"wp:term":[{"taxonomy":"product_brand","embeddable":true,"href":"https:\/\/paidoskids.com\/index.php\/wp-json\/wp\/v2\/product_brand?post=45139"},{"taxonomy":"product_cat","embeddable":true,"href":"https:\/\/paidoskids.com\/index.php\/wp-json\/wp\/v2\/product_cat?post=45139"},{"taxonomy":"product_tag","embeddable":true,"href":"https:\/\/paidoskids.com\/index.php\/wp-json\/wp\/v2\/product_tag?post=45139"}],"curies":[{"name":"wp","href":"https:\/\/api.w.org\/{rel}","templated":true}]}}