{"id":45396,"date":"2026-01-29T20:20:01","date_gmt":"2026-01-29T19:20:01","guid":{"rendered":"https:\/\/paidoskids.com\/?post_type=product&#038;p=45396"},"modified":"2026-04-18T19:15:35","modified_gmt":"2026-04-18T17:15:35","slug":"camiseta-punto-flame-chica","status":"publish","type":"product","link":"https:\/\/paidoskids.com\/index.php\/product\/camiseta-punto-flame-chica\/","title":{"rendered":"Camiseta Punto Flam\u00c9 Chica"},"content":{"rendered":"<p>Camiseta punto flam\u00e9 B\u00f3boli.<\/p>\n<p>COMPOSICI\u00d3N:100%algod\u00f3n<\/p>\n<p>INSTRUCCIONES DE LAVADO:Lavar a m\u00e1quina, temperatura m\u00e1xima 30\u00ba C. No usar lej\u00eda. No se puede secar con secadora. Planchar a temperatura baja, m\u00e1ximo 110\u00ba C. No admite el lavado en seco.<\/p>\n","protected":false},"excerpt":{"rendered":"<p>Camiseta punto flam\u00e9 B\u00f3boli. COMPOSICI\u00d3N:100%algod\u00f3n INSTRUCCIONES DE LAVADO:Lavar a m\u00e1quina, temperatura m\u00e1xima 30\u00ba C. No usar lej\u00eda. No se puede secar con secadora. Planchar a temperatura baja, m\u00e1ximo 110\u00ba C. No admite el lavado en seco.<\/p>\n","protected":false},"featured_media":45661,"template":"","meta":{"om_disable_all_campaigns":false,"_monsterinsights_skip_tracking":false,"_monsterinsights_sitenote_active":false,"_monsterinsights_sitenote_note":"","_monsterinsights_sitenote_category":0},"product_brand":[],"product_cat":[32,10879],"product_tag":[],"class_list":{"0":"post-45396","1":"product","2":"type-product","3":"status-publish","4":"has-post-thumbnail","6":"product_cat-chica","7":"product_cat-pv2026","8":"yith_product_brand-boboli","10":"first","11":"instock","12":"sale","13":"taxable","14":"shipping-taxable","15":"purchasable","16":"product-type-variable","17":"has-default-attributes"},"aioseo_notices":[],"_links":{"self":[{"href":"https:\/\/paidoskids.com\/index.php\/wp-json\/wp\/v2\/product\/45396","targetHints":{"allow":["GET"]}}],"collection":[{"href":"https:\/\/paidoskids.com\/index.php\/wp-json\/wp\/v2\/product"}],"about":[{"href":"https:\/\/paidoskids.com\/index.php\/wp-json\/wp\/v2\/types\/product"}],"wp:featuredmedia":[{"embeddable":true,"href":"https:\/\/paidoskids.com\/index.php\/wp-json\/wp\/v2\/media\/45661"}],"wp:attachment":[{"href":"https:\/\/paidoskids.com\/index.php\/wp-json\/wp\/v2\/media?parent=45396"}],"wp:term":[{"taxonomy":"product_brand","embeddable":true,"href":"https:\/\/paidoskids.com\/index.php\/wp-json\/wp\/v2\/product_brand?post=45396"},{"taxonomy":"product_cat","embeddable":true,"href":"https:\/\/paidoskids.com\/index.php\/wp-json\/wp\/v2\/product_cat?post=45396"},{"taxonomy":"product_tag","embeddable":true,"href":"https:\/\/paidoskids.com\/index.php\/wp-json\/wp\/v2\/product_tag?post=45396"}],"curies":[{"name":"wp","href":"https:\/\/api.w.org\/{rel}","templated":true}]}}