{"id":46156,"date":"2026-02-02T18:24:39","date_gmt":"2026-02-02T17:24:39","guid":{"rendered":"https:\/\/paidoskids.com\/?post_type=product&#038;p=46156"},"modified":"2026-04-18T19:15:36","modified_gmt":"2026-04-18T17:15:36","slug":"bermudas-felpa-de-chico","status":"publish","type":"product","link":"https:\/\/paidoskids.com\/index.php\/product\/bermudas-felpa-de-chico\/","title":{"rendered":"Bermudas Felpa De Chico"},"content":{"rendered":"<p>Bermudas felpa chico B\u00f3boli.<\/p>\n<p>COMPOSICI\u00d3N:100%algod\u00f3n<\/p>\n<p>INSTRUCCIONES DE LAVADO:Lavar a m\u00e1quina, temperatura m\u00e1xima 30\u00ba C. No usar lej\u00eda. No se puede secar con secadora. Planchar a temperatura baja, m\u00e1ximo 110\u00ba C. No admite el lavado en seco.<\/p>\n","protected":false},"excerpt":{"rendered":"<p>Bermudas felpa chico B\u00f3boli. COMPOSICI\u00d3N:100%algod\u00f3n INSTRUCCIONES DE LAVADO:Lavar a m\u00e1quina, temperatura m\u00e1xima 30\u00ba C. No usar lej\u00eda. No se puede secar con secadora. Planchar a temperatura baja, m\u00e1ximo 110\u00ba C. No admite el lavado en seco.<\/p>\n","protected":false},"featured_media":46395,"template":"","meta":{"om_disable_all_campaigns":false,"_monsterinsights_skip_tracking":false,"_monsterinsights_sitenote_active":false,"_monsterinsights_sitenote_note":"","_monsterinsights_sitenote_category":0},"product_brand":[],"product_cat":[31,10879],"product_tag":[],"class_list":{"0":"post-46156","1":"product","2":"type-product","3":"status-publish","4":"has-post-thumbnail","6":"product_cat-chico","7":"product_cat-pv2026","8":"yith_product_brand-boboli","10":"first","11":"instock","12":"sale","13":"taxable","14":"shipping-taxable","15":"purchasable","16":"product-type-variable","17":"has-default-attributes"},"aioseo_notices":[],"_links":{"self":[{"href":"https:\/\/paidoskids.com\/index.php\/wp-json\/wp\/v2\/product\/46156","targetHints":{"allow":["GET"]}}],"collection":[{"href":"https:\/\/paidoskids.com\/index.php\/wp-json\/wp\/v2\/product"}],"about":[{"href":"https:\/\/paidoskids.com\/index.php\/wp-json\/wp\/v2\/types\/product"}],"wp:featuredmedia":[{"embeddable":true,"href":"https:\/\/paidoskids.com\/index.php\/wp-json\/wp\/v2\/media\/46395"}],"wp:attachment":[{"href":"https:\/\/paidoskids.com\/index.php\/wp-json\/wp\/v2\/media?parent=46156"}],"wp:term":[{"taxonomy":"product_brand","embeddable":true,"href":"https:\/\/paidoskids.com\/index.php\/wp-json\/wp\/v2\/product_brand?post=46156"},{"taxonomy":"product_cat","embeddable":true,"href":"https:\/\/paidoskids.com\/index.php\/wp-json\/wp\/v2\/product_cat?post=46156"},{"taxonomy":"product_tag","embeddable":true,"href":"https:\/\/paidoskids.com\/index.php\/wp-json\/wp\/v2\/product_tag?post=46156"}],"curies":[{"name":"wp","href":"https:\/\/api.w.org\/{rel}","templated":true}]}}