{"id":48345,"date":"2026-02-19T12:29:15","date_gmt":"2026-02-19T11:29:15","guid":{"rendered":"https:\/\/paidoskids.com\/?post_type=product&#038;p=48345"},"modified":"2026-04-18T19:15:39","modified_gmt":"2026-04-18T17:15:39","slug":"legging-guppy-infantil-nina","status":"publish","type":"product","link":"https:\/\/paidoskids.com\/index.php\/product\/legging-guppy-infantil-nina\/","title":{"rendered":"Legging Guppy Infantil Ni\u00d1a"},"content":{"rendered":"<div>Experimenta la luz, la vida y la naturaleza con vibrantes estilos primaverales que a\u00f1aden diversi\u00f3n y color al conjunto de tu hijo.<\/div>\n<div>El jersey es un tejido ligero y el\u00e1stico con una superficie y un interior suaves que ofrecen comodidad y libertad de movimiento.<\/div>\n<div>&#8211; Tipo de producto: Leggings<\/div>\n<div>&#8211; Detalles adicionales: Cintura el\u00e1stica en el interior<\/div>\n<div>&#8211; Estampado: Estampado repetido en toda la superficie del producto<\/div>\n<div>&#8211; Ajuste: Corte ajustado<\/div>\n<div><\/div>\n<div>G\u00e9nero: Mujer<\/div>\n<div>Fabricaci\u00f3n: Punto circular<\/div>\n<div>Detalles de fabricaci\u00f3n: Jersey sencillo<\/div>\n<div><\/div>\n<div>Nombre del tejido: SJ-160-95\/5-Co\/EA<\/div>\n<div>Composici\u00f3n: 95 % algod\u00f3n, 5 % elastano<\/div>\n<div>Gafa: 28<\/div>\n<div>Gramaje: 160<\/div>\n<div>Comentarios sobre el tejido: ALGOD\u00d3N PEINADO<\/div>\n","protected":false},"excerpt":{"rendered":"<p>Experimenta la luz, la vida y la naturaleza con vibrantes estilos primaverales que a\u00f1aden diversi\u00f3n y color al conjunto de tu hijo. El jersey es un tejido ligero y el\u00e1stico con una superficie y un interior suaves que ofrecen comodidad y libertad de movimiento. &#8211; Tipo de producto: Leggings &#8211; Detalles adicionales: Cintura el\u00e1stica en [&#8230;]\n","protected":false},"featured_media":48426,"template":"","meta":{"om_disable_all_campaigns":false,"_monsterinsights_skip_tracking":false,"_monsterinsights_sitenote_active":false,"_monsterinsights_sitenote_note":"","_monsterinsights_sitenote_category":0},"product_brand":[],"product_cat":[30,10879],"product_tag":[],"class_list":{"0":"post-48345","1":"product","2":"type-product","3":"status-publish","4":"has-post-thumbnail","6":"product_cat-infantil-nina","7":"product_cat-pv2026","8":"yith_product_brand-guppy","10":"first","11":"instock","12":"sale","13":"taxable","14":"shipping-taxable","15":"purchasable","16":"product-type-variable","17":"has-default-attributes"},"aioseo_notices":[],"_links":{"self":[{"href":"https:\/\/paidoskids.com\/index.php\/wp-json\/wp\/v2\/product\/48345","targetHints":{"allow":["GET"]}}],"collection":[{"href":"https:\/\/paidoskids.com\/index.php\/wp-json\/wp\/v2\/product"}],"about":[{"href":"https:\/\/paidoskids.com\/index.php\/wp-json\/wp\/v2\/types\/product"}],"wp:featuredmedia":[{"embeddable":true,"href":"https:\/\/paidoskids.com\/index.php\/wp-json\/wp\/v2\/media\/48426"}],"wp:attachment":[{"href":"https:\/\/paidoskids.com\/index.php\/wp-json\/wp\/v2\/media?parent=48345"}],"wp:term":[{"taxonomy":"product_brand","embeddable":true,"href":"https:\/\/paidoskids.com\/index.php\/wp-json\/wp\/v2\/product_brand?post=48345"},{"taxonomy":"product_cat","embeddable":true,"href":"https:\/\/paidoskids.com\/index.php\/wp-json\/wp\/v2\/product_cat?post=48345"},{"taxonomy":"product_tag","embeddable":true,"href":"https:\/\/paidoskids.com\/index.php\/wp-json\/wp\/v2\/product_tag?post=48345"}],"curies":[{"name":"wp","href":"https:\/\/api.w.org\/{rel}","templated":true}]}}