{"id":48368,"date":"2026-02-19T12:29:29","date_gmt":"2026-02-19T11:29:29","guid":{"rendered":"https:\/\/paidoskids.com\/?post_type=product&#038;p=48368"},"modified":"2026-04-16T11:02:41","modified_gmt":"2026-04-16T09:02:41","slug":"camiseta-m-c-guppy","status":"publish","type":"product","link":"https:\/\/paidoskids.com\/index.php\/product\/camiseta-m-c-guppy\/","title":{"rendered":"Camiseta M\/c Guppy"},"content":{"rendered":"<div>Camiseta manga corta Guppy de primer precio.<\/div>\n<div>Disfruta de la luz, la vida y la naturaleza con vibrantes estilos primaverales que a\u00f1aden diversi\u00f3n y color al conjunto de tu hijo.<\/div>\n<div>El jersey es un tejido ligero y el\u00e1stico con una superficie y un interior suaves que ofrecen comodidad y libertad de movimiento.<\/div>\n<div>&#8211; Tipo de producto: Camiseta<\/div>\n<div>&#8211; Cuello: Redondo<\/div>\n<div>&#8211; Manga: Manga corta<\/div>\n<div>&#8211; Estampado: Estampado de goma para una sensaci\u00f3n suave<\/div>\n<div>&#8211; Ajuste: Regular<\/div>\n<div><\/div>\n<div>G\u00e9nero: Mujer<\/div>\n<div>Fabricaci\u00f3n: Punto circular<\/div>\n<div>Detalle de fabricaci\u00f3n: Jersey sencillo<\/div>\n<div>Composici\u00f3n: 100 % algod\u00f3n<\/div>\n<div><\/div>\n<div>Referencia del material exterior: 312 | Jersey sencillo 150 GSM-100-Co (ALGOD\u00d3N PEINADO)<\/div>\n","protected":false},"excerpt":{"rendered":"<p>Camiseta manga corta Guppy de primer precio. Disfruta de la luz, la vida y la naturaleza con vibrantes estilos primaverales que a\u00f1aden diversi\u00f3n y color al conjunto de tu hijo. El jersey es un tejido ligero y el\u00e1stico con una superficie y un interior suaves que ofrecen comodidad y libertad de movimiento. &#8211; Tipo de [&#8230;]\n","protected":false},"featured_media":48417,"template":"","meta":{"om_disable_all_campaigns":false,"_monsterinsights_skip_tracking":false,"_monsterinsights_sitenote_active":false,"_monsterinsights_sitenote_note":"","_monsterinsights_sitenote_category":0},"product_brand":[],"product_cat":[30,10879],"product_tag":[],"class_list":{"0":"post-48368","1":"product","2":"type-product","3":"status-publish","4":"has-post-thumbnail","6":"product_cat-infantil-nina","7":"product_cat-pv2026","8":"yith_product_brand-guppy","10":"first","11":"instock","12":"taxable","13":"shipping-taxable","14":"purchasable","15":"product-type-variable","16":"has-default-attributes"},"aioseo_notices":[],"_links":{"self":[{"href":"https:\/\/paidoskids.com\/index.php\/wp-json\/wp\/v2\/product\/48368","targetHints":{"allow":["GET"]}}],"collection":[{"href":"https:\/\/paidoskids.com\/index.php\/wp-json\/wp\/v2\/product"}],"about":[{"href":"https:\/\/paidoskids.com\/index.php\/wp-json\/wp\/v2\/types\/product"}],"wp:featuredmedia":[{"embeddable":true,"href":"https:\/\/paidoskids.com\/index.php\/wp-json\/wp\/v2\/media\/48417"}],"wp:attachment":[{"href":"https:\/\/paidoskids.com\/index.php\/wp-json\/wp\/v2\/media?parent=48368"}],"wp:term":[{"taxonomy":"product_brand","embeddable":true,"href":"https:\/\/paidoskids.com\/index.php\/wp-json\/wp\/v2\/product_brand?post=48368"},{"taxonomy":"product_cat","embeddable":true,"href":"https:\/\/paidoskids.com\/index.php\/wp-json\/wp\/v2\/product_cat?post=48368"},{"taxonomy":"product_tag","embeddable":true,"href":"https:\/\/paidoskids.com\/index.php\/wp-json\/wp\/v2\/product_tag?post=48368"}],"curies":[{"name":"wp","href":"https:\/\/api.w.org\/{rel}","templated":true}]}}