{"id":48391,"date":"2026-02-19T12:29:45","date_gmt":"2026-02-19T11:29:45","guid":{"rendered":"https:\/\/paidoskids.com\/?post_type=product&#038;p=48391"},"modified":"2026-04-15T17:46:02","modified_gmt":"2026-04-15T15:46:02","slug":"cortavientos-cochecitos-name-it","status":"publish","type":"product","link":"https:\/\/paidoskids.com\/index.php\/product\/cortavientos-cochecitos-name-it\/","title":{"rendered":"Cortavientos Cochecitos Name It"},"content":{"rendered":"<div>Cortavientos para no pasar fr\u00edo en entretiempo. Para las noches de primavera o verano.<br \/>\nEs una prenda que se utiliza mucho en primavera y tambi\u00e9n en septiembre y octubre donde hay zonas que no hace fr\u00edo para ponerse un chaquet\u00f3n m\u00e1s abrigado.<\/div>\n<div><\/div>\n<div>\u00a0&#8211; Tipo de producto: Chaqueta<\/div>\n<div>&#8211; Cuello: Capucha desmontable<\/div>\n<div>&#8211; Mangas: Mangas largas<\/div>\n<div>&#8211; Pu\u00f1os: Pu\u00f1os el\u00e1sticos<\/div>\n<div>&#8211; Cierre: Cremallera<\/div>\n<div>&#8211; Bolsillos: Bolsillos laterales<\/div>\n<div>&#8211; Detalles adicionales: Capucha desmontable, Detalle reflectante<\/div>\n<div>&#8211; Lavado\/Acabado: El tratamiento hidr\u00f3fugo BIONIC FINISH\u00ae ECO garantiza la impermeabilidad sin fl\u00faor.<\/div>\n<div><\/div>\n<div>SIN PFAS &#8211; Nuestros productos no contienen compuestos de fl\u00faor.<\/div>\n<div>&#8211; Estampado: Estampado repetido en toda la superficie del producto.<\/div>\n<div>&#8211; Estilo de vida: Outdoor<\/div>\n<div><\/div>\n<div>G\u00e9nero: Masculino<\/div>\n<div>Fabricaci\u00f3n: Tejido<\/div>\n<div>Detalle de fabricaci\u00f3n: Tejido liso<\/div>\n<div>Composici\u00f3n: 100 % poli\u00e9ster reciclado<\/div>\n<div><\/div>\n<div>Referencia del material exterior: Tejido liso 108 GSM-100-RecPl<\/div>\n<div>Fibras certificadas y de marca<\/div>\n<div>El material principal de este producto contiene un m\u00ednimo del 50 % de poli\u00e9ster reciclado.<\/div>\n","protected":false},"excerpt":{"rendered":"<p>Cortavientos para no pasar fr\u00edo en entretiempo. Para las noches de primavera o verano. Es una prenda que se utiliza mucho en primavera y tambi\u00e9n en septiembre y octubre donde hay zonas que no hace fr\u00edo para ponerse un chaquet\u00f3n m\u00e1s abrigado. \u00a0&#8211; Tipo de producto: Chaqueta &#8211; Cuello: Capucha desmontable &#8211; Mangas: Mangas largas [&#8230;]\n","protected":false},"featured_media":48404,"template":"","meta":{"om_disable_all_campaigns":false,"_monsterinsights_skip_tracking":false,"_monsterinsights_sitenote_active":false,"_monsterinsights_sitenote_note":"","_monsterinsights_sitenote_category":0},"product_brand":[],"product_cat":[29,10879],"product_tag":[],"class_list":{"0":"post-48391","1":"product","2":"type-product","3":"status-publish","4":"has-post-thumbnail","6":"product_cat-infantil-nino","7":"product_cat-pv2026","8":"yith_product_brand-name-it","10":"first","11":"instock","12":"sale","13":"taxable","14":"shipping-taxable","15":"purchasable","16":"product-type-variable","17":"has-default-attributes"},"aioseo_notices":[],"_links":{"self":[{"href":"https:\/\/paidoskids.com\/index.php\/wp-json\/wp\/v2\/product\/48391","targetHints":{"allow":["GET"]}}],"collection":[{"href":"https:\/\/paidoskids.com\/index.php\/wp-json\/wp\/v2\/product"}],"about":[{"href":"https:\/\/paidoskids.com\/index.php\/wp-json\/wp\/v2\/types\/product"}],"wp:featuredmedia":[{"embeddable":true,"href":"https:\/\/paidoskids.com\/index.php\/wp-json\/wp\/v2\/media\/48404"}],"wp:attachment":[{"href":"https:\/\/paidoskids.com\/index.php\/wp-json\/wp\/v2\/media?parent=48391"}],"wp:term":[{"taxonomy":"product_brand","embeddable":true,"href":"https:\/\/paidoskids.com\/index.php\/wp-json\/wp\/v2\/product_brand?post=48391"},{"taxonomy":"product_cat","embeddable":true,"href":"https:\/\/paidoskids.com\/index.php\/wp-json\/wp\/v2\/product_cat?post=48391"},{"taxonomy":"product_tag","embeddable":true,"href":"https:\/\/paidoskids.com\/index.php\/wp-json\/wp\/v2\/product_tag?post=48391"}],"curies":[{"name":"wp","href":"https:\/\/api.w.org\/{rel}","templated":true}]}}