{"id":48567,"date":"2026-02-19T19:10:15","date_gmt":"2026-02-19T18:10:15","guid":{"rendered":"https:\/\/paidoskids.com\/?post_type=product&#038;p=48567"},"modified":"2026-04-29T10:52:23","modified_gmt":"2026-04-29T08:52:23","slug":"conjunto-short-punto-fantasia","status":"publish","type":"product","link":"https:\/\/paidoskids.com\/index.php\/product\/conjunto-short-punto-fantasia\/","title":{"rendered":"Conjunto Short Punto Fantas\u00cda"},"content":{"rendered":"<p>Conjunto short punto fantas\u00eda Mayoral.<\/p>\n<div class=\"Eti\">\n<div class=\"header\">\n<p>Camiseta manga corta<\/p>\n<\/div>\n<div class=\"sub-header\">\n<p>COMPOSICI\u00d3N<\/p>\n<\/div>\n<div class=\"Com\">\n<div class=\"CLin\">\n<div class=\"Cuni_t\">Exterior<\/div>\n<div class=\"Cuni\">100% Algod\u00f3n<\/div>\n<\/div>\n<\/div>\n<div class=\"Cui\">\n<p>CUIDADO DE LA PRENDA<\/p>\n<p><img decoding=\"async\" src=\"https:\/\/media.mayoral.com\/wcsstore\/mayoral\/images\/careicons\/S01.JPG\" \/>\u00a0<img decoding=\"async\" src=\"https:\/\/media.mayoral.com\/wcsstore\/mayoral\/images\/careicons\/S13.JPG\" \/>\u00a0<img decoding=\"async\" src=\"https:\/\/media.mayoral.com\/wcsstore\/mayoral\/images\/careicons\/S38.JPG\" \/>\u00a0<img decoding=\"async\" src=\"https:\/\/media.mayoral.com\/wcsstore\/mayoral\/images\/careicons\/S17.JPG\" \/>\u00a0<img decoding=\"async\" src=\"https:\/\/media.mayoral.com\/wcsstore\/mayoral\/images\/careicons\/S22.JPG\" \/><\/div>\n<\/div>\n<div class=\"Eti\">\n<div class=\"header\">\n<p>Short<\/p>\n<\/div>\n<div class=\"sub-header\">\n<p>COMPOSICI\u00d3N<\/p>\n<\/div>\n<div class=\"Com\">\n<div class=\"CLin\">\n<div class=\"Cuni_t\">Exterior<\/div>\n<div class=\"Cuni\">95% Poli\u00e9ster<\/div>\n<div class=\"Cuni\">5% Elastano<\/div>\n<\/div>\n<div class=\"CLin\">\n<div class=\"Cuni_t\">Forro<\/div>\n<div class=\"Cuni\">60% Algod\u00f3n<\/div>\n<div class=\"Cuni\">40% Poli\u00e9ster<\/div>\n<\/div>\n<\/div>\n<div class=\"Cui\">\n<p>CUIDADO DE LA PRENDA<\/p>\n<p><img decoding=\"async\" src=\"https:\/\/media.mayoral.com\/wcsstore\/mayoral\/images\/careicons\/S01.JPG\" \/>\u00a0<img decoding=\"async\" src=\"https:\/\/media.mayoral.com\/wcsstore\/mayoral\/images\/careicons\/S13.JPG\" \/>\u00a0<img decoding=\"async\" src=\"https:\/\/media.mayoral.com\/wcsstore\/mayoral\/images\/careicons\/S38.JPG\" \/>\u00a0<img decoding=\"async\" src=\"https:\/\/media.mayoral.com\/wcsstore\/mayoral\/images\/careicons\/S17.JPG\" \/>\u00a0<img decoding=\"async\" src=\"https:\/\/media.mayoral.com\/wcsstore\/mayoral\/images\/careicons\/S22.JPG\" \/><\/div>\n<\/div>\n<p>&nbsp;<\/p>\n","protected":false},"excerpt":{"rendered":"<p>Conjunto short punto fantas\u00eda Mayoral. Camiseta manga corta COMPOSICI\u00d3N Exterior 100% Algod\u00f3n CUIDADO DE LA PRENDA \u00a0\u00a0\u00a0\u00a0 Short COMPOSICI\u00d3N Exterior 95% Poli\u00e9ster 5% Elastano Forro 60% Algod\u00f3n 40% Poli\u00e9ster CUIDADO DE LA PRENDA \u00a0\u00a0\u00a0\u00a0 &nbsp;<\/p>\n","protected":false},"featured_media":48647,"template":"","meta":{"om_disable_all_campaigns":false,"_monsterinsights_skip_tracking":false,"_monsterinsights_sitenote_active":false,"_monsterinsights_sitenote_note":"","_monsterinsights_sitenote_category":0},"product_brand":[],"product_cat":[30,10879],"product_tag":[],"class_list":{"0":"post-48567","1":"product","2":"type-product","3":"status-publish","4":"has-post-thumbnail","6":"product_cat-infantil-nina","7":"product_cat-pv2026","8":"yith_product_brand-mayoral","10":"first","11":"instock","12":"taxable","13":"shipping-taxable","14":"purchasable","15":"product-type-variable","16":"has-default-attributes"},"aioseo_notices":[],"_links":{"self":[{"href":"https:\/\/paidoskids.com\/index.php\/wp-json\/wp\/v2\/product\/48567","targetHints":{"allow":["GET"]}}],"collection":[{"href":"https:\/\/paidoskids.com\/index.php\/wp-json\/wp\/v2\/product"}],"about":[{"href":"https:\/\/paidoskids.com\/index.php\/wp-json\/wp\/v2\/types\/product"}],"wp:featuredmedia":[{"embeddable":true,"href":"https:\/\/paidoskids.com\/index.php\/wp-json\/wp\/v2\/media\/48647"}],"wp:attachment":[{"href":"https:\/\/paidoskids.com\/index.php\/wp-json\/wp\/v2\/media?parent=48567"}],"wp:term":[{"taxonomy":"product_brand","embeddable":true,"href":"https:\/\/paidoskids.com\/index.php\/wp-json\/wp\/v2\/product_brand?post=48567"},{"taxonomy":"product_cat","embeddable":true,"href":"https:\/\/paidoskids.com\/index.php\/wp-json\/wp\/v2\/product_cat?post=48567"},{"taxonomy":"product_tag","embeddable":true,"href":"https:\/\/paidoskids.com\/index.php\/wp-json\/wp\/v2\/product_tag?post=48567"}],"curies":[{"name":"wp","href":"https:\/\/api.w.org\/{rel}","templated":true}]}}