{"id":48602,"date":"2026-04-01T19:10:51","date_gmt":"2026-04-01T17:10:51","guid":{"rendered":"https:\/\/paidoskids.com\/?post_type=product&#038;p=48602"},"modified":"2026-04-15T17:46:01","modified_gmt":"2026-04-15T15:46:01","slug":"conjunto-short-felpa-flame","status":"publish","type":"product","link":"https:\/\/paidoskids.com\/index.php\/product\/conjunto-short-felpa-flame\/","title":{"rendered":"Conjunto Short Felpa Flame"},"content":{"rendered":"<p>Conjunto short felpa flam\u00e9 Mayoral.<\/p>\n<div class=\"Eti\">\n<div class=\"header\">\n<p>Camiseta manga corta<\/p>\n<\/div>\n<div class=\"sub-header\">\n<p>COMPOSICI\u00d3N<\/p>\n<\/div>\n<div class=\"Com\">\n<div class=\"CLin\">\n<div class=\"Cuni_t\">Exterior<\/div>\n<div class=\"Cuni\">100% Algod\u00f3n<\/div>\n<\/div>\n<\/div>\n<div class=\"Cui\">\n<p>CUIDADO DE LA PRENDA<\/p>\n<p><img decoding=\"async\" src=\"https:\/\/media.mayoral.com\/wcsstore\/mayoral\/images\/careicons\/S01.JPG\" \/>\u00a0<img decoding=\"async\" src=\"https:\/\/media.mayoral.com\/wcsstore\/mayoral\/images\/careicons\/S13.JPG\" \/>\u00a0<img decoding=\"async\" src=\"https:\/\/media.mayoral.com\/wcsstore\/mayoral\/images\/careicons\/S38.JPG\" \/>\u00a0<img decoding=\"async\" src=\"https:\/\/media.mayoral.com\/wcsstore\/mayoral\/images\/careicons\/S17.JPG\" \/>\u00a0<img decoding=\"async\" src=\"https:\/\/media.mayoral.com\/wcsstore\/mayoral\/images\/careicons\/S22.JPG\" \/><\/div>\n<\/div>\n<div class=\"Eti\">\n<div class=\"header\">\n<p>Short<\/p>\n<\/div>\n<div class=\"sub-header\">\n<p>COMPOSICI\u00d3N<\/p>\n<\/div>\n<div class=\"Com\">\n<div class=\"CLin\">\n<div class=\"Cuni_t\">Exterior<\/div>\n<div class=\"Cuni\">100% Algod\u00f3n<\/div>\n<\/div>\n<\/div>\n<div class=\"Cui\">\n<p>CUIDADO DE LA PRENDA<\/p>\n<p><img decoding=\"async\" src=\"https:\/\/media.mayoral.com\/wcsstore\/mayoral\/images\/careicons\/S01.JPG\" \/>\u00a0<img decoding=\"async\" src=\"https:\/\/media.mayoral.com\/wcsstore\/mayoral\/images\/careicons\/S13.JPG\" \/>\u00a0<img decoding=\"async\" src=\"https:\/\/media.mayoral.com\/wcsstore\/mayoral\/images\/careicons\/S38.JPG\" \/>\u00a0<img decoding=\"async\" src=\"https:\/\/media.mayoral.com\/wcsstore\/mayoral\/images\/careicons\/S17.JPG\" \/>\u00a0<img decoding=\"async\" src=\"https:\/\/media.mayoral.com\/wcsstore\/mayoral\/images\/careicons\/S22.JPG\" \/><\/div>\n<\/div>\n","protected":false},"excerpt":{"rendered":"<p>Conjunto short felpa flam\u00e9 Mayoral. Camiseta manga corta COMPOSICI\u00d3N Exterior 100% Algod\u00f3n CUIDADO DE LA PRENDA \u00a0\u00a0\u00a0\u00a0 Short COMPOSICI\u00d3N Exterior 100% Algod\u00f3n CUIDADO DE LA PRENDA \u00a0\u00a0\u00a0\u00a0<\/p>\n","protected":false},"featured_media":48663,"template":"","meta":{"om_disable_all_campaigns":false,"_monsterinsights_skip_tracking":false,"_monsterinsights_sitenote_active":false,"_monsterinsights_sitenote_note":"","_monsterinsights_sitenote_category":0},"product_brand":[],"product_cat":[30,10879],"product_tag":[],"class_list":{"0":"post-48602","1":"product","2":"type-product","3":"status-publish","4":"has-post-thumbnail","6":"product_cat-infantil-nina","7":"product_cat-pv2026","8":"yith_product_brand-mayoral","10":"first","11":"instock","12":"taxable","13":"shipping-taxable","14":"purchasable","15":"product-type-variable","16":"has-default-attributes"},"aioseo_notices":[],"_links":{"self":[{"href":"https:\/\/paidoskids.com\/index.php\/wp-json\/wp\/v2\/product\/48602","targetHints":{"allow":["GET"]}}],"collection":[{"href":"https:\/\/paidoskids.com\/index.php\/wp-json\/wp\/v2\/product"}],"about":[{"href":"https:\/\/paidoskids.com\/index.php\/wp-json\/wp\/v2\/types\/product"}],"wp:featuredmedia":[{"embeddable":true,"href":"https:\/\/paidoskids.com\/index.php\/wp-json\/wp\/v2\/media\/48663"}],"wp:attachment":[{"href":"https:\/\/paidoskids.com\/index.php\/wp-json\/wp\/v2\/media?parent=48602"}],"wp:term":[{"taxonomy":"product_brand","embeddable":true,"href":"https:\/\/paidoskids.com\/index.php\/wp-json\/wp\/v2\/product_brand?post=48602"},{"taxonomy":"product_cat","embeddable":true,"href":"https:\/\/paidoskids.com\/index.php\/wp-json\/wp\/v2\/product_cat?post=48602"},{"taxonomy":"product_tag","embeddable":true,"href":"https:\/\/paidoskids.com\/index.php\/wp-json\/wp\/v2\/product_tag?post=48602"}],"curies":[{"name":"wp","href":"https:\/\/api.w.org\/{rel}","templated":true}]}}