{"id":48706,"date":"2026-02-24T09:57:13","date_gmt":"2026-02-24T08:57:13","guid":{"rendered":"https:\/\/paidoskids.com\/?post_type=product&#038;p=48706"},"modified":"2026-04-17T21:10:55","modified_gmt":"2026-04-17T19:10:55","slug":"cazadora-tejana-chica-name-it","status":"publish","type":"product","link":"https:\/\/paidoskids.com\/index.php\/product\/cazadora-tejana-chica-name-it\/","title":{"rendered":"Cazadora Tejana Chica Name It"},"content":{"rendered":"<div>Cazadora tejana chica Name It para tallas de 9 a 14 a\u00f1os.<\/div>\n<div><\/div>\n<div>&#8211; Tipo de producto: Chaqueta<\/div>\n<div>&#8211; Cuello: Cuello en V<\/div>\n<div>&#8211; Manga: Manga larga<\/div>\n<div>&#8211; Pu\u00f1os: Abotonados<\/div>\n<div>&#8211; Cierre: Botones a presi\u00f3n<\/div>\n<div>&#8211; Bolsillos: Bolsillos en el pecho con botones a presi\u00f3n<\/div>\n<div><\/div>\n<div>G\u00e9nero: Mujer<\/div>\n<div>Fabricaci\u00f3n: Tejido<\/div>\n<div>Detalle de fabricaci\u00f3n: Sarga<\/div>\n<div>Tipo de estilo: CHAQUETA<\/div>\n<div>Composici\u00f3n: 75 % algod\u00f3n, 25 % poli\u00e9ster<\/div>\n","protected":false},"excerpt":{"rendered":"<p>Cazadora tejana chica Name It para tallas de 9 a 14 a\u00f1os. &#8211; Tipo de producto: Chaqueta &#8211; Cuello: Cuello en V &#8211; Manga: Manga larga &#8211; Pu\u00f1os: Abotonados &#8211; Cierre: Botones a presi\u00f3n &#8211; Bolsillos: Bolsillos en el pecho con botones a presi\u00f3n G\u00e9nero: Mujer Fabricaci\u00f3n: Tejido Detalle de fabricaci\u00f3n: Sarga Tipo de estilo: [&#8230;]\n","protected":false},"featured_media":48728,"template":"","meta":{"om_disable_all_campaigns":false,"_monsterinsights_skip_tracking":false,"_monsterinsights_sitenote_active":false,"_monsterinsights_sitenote_note":"","_monsterinsights_sitenote_category":0},"product_brand":[],"product_cat":[32,10879],"product_tag":[],"class_list":{"0":"post-48706","1":"product","2":"type-product","3":"status-publish","4":"has-post-thumbnail","6":"product_cat-chica","7":"product_cat-pv2026","8":"yith_product_brand-name-it","10":"first","11":"instock","12":"sale","13":"taxable","14":"shipping-taxable","15":"purchasable","16":"product-type-variable","17":"has-default-attributes"},"aioseo_notices":[],"_links":{"self":[{"href":"https:\/\/paidoskids.com\/index.php\/wp-json\/wp\/v2\/product\/48706","targetHints":{"allow":["GET"]}}],"collection":[{"href":"https:\/\/paidoskids.com\/index.php\/wp-json\/wp\/v2\/product"}],"about":[{"href":"https:\/\/paidoskids.com\/index.php\/wp-json\/wp\/v2\/types\/product"}],"wp:featuredmedia":[{"embeddable":true,"href":"https:\/\/paidoskids.com\/index.php\/wp-json\/wp\/v2\/media\/48728"}],"wp:attachment":[{"href":"https:\/\/paidoskids.com\/index.php\/wp-json\/wp\/v2\/media?parent=48706"}],"wp:term":[{"taxonomy":"product_brand","embeddable":true,"href":"https:\/\/paidoskids.com\/index.php\/wp-json\/wp\/v2\/product_brand?post=48706"},{"taxonomy":"product_cat","embeddable":true,"href":"https:\/\/paidoskids.com\/index.php\/wp-json\/wp\/v2\/product_cat?post=48706"},{"taxonomy":"product_tag","embeddable":true,"href":"https:\/\/paidoskids.com\/index.php\/wp-json\/wp\/v2\/product_tag?post=48706"}],"curies":[{"name":"wp","href":"https:\/\/api.w.org\/{rel}","templated":true}]}}