{"id":48908,"date":"2026-02-26T17:15:42","date_gmt":"2026-02-26T16:15:42","guid":{"rendered":"https:\/\/paidoskids.com\/?post_type=product&#038;p=48908"},"modified":"2026-04-17T21:10:55","modified_gmt":"2026-04-17T19:10:55","slug":"legging-name-it-infantil-nina-noos","status":"publish","type":"product","link":"https:\/\/paidoskids.com\/index.php\/product\/legging-name-it-infantil-nina-noos\/","title":{"rendered":"Legging Name It Infantil Ni\u00d1a Noos"},"content":{"rendered":"<div>Legging pirata Name It infantil ni\u00f1a.<\/div>\n<div><\/div>\n<div>El jersey es un tejido ligero y el\u00e1stico con una superficie y un interior suaves que ofrecen comodidad y libertad de movimiento.<\/div>\n<div>&#8211; Tipo de producto: Leggings<\/div>\n<div>&#8211; Largo\/Talla: Hasta la pantorrilla<\/div>\n<div>&#8211; Ajuste: Regular<\/div>\n<div><\/div>\n<div>G\u00e9nero: Mujer<\/div>\n<div>Fabricaci\u00f3n: Punto circular<\/div>\n<div>Detalles de fabricaci\u00f3n: Jersey sencillo<\/div>\n<div>Composici\u00f3n: 95 % algod\u00f3n, 5 % elastano<\/div>\n<div><\/div>\n<div>Referencia del material exterior: 299 | Jersey sencillo 180 g\/m\u00b2 &#8211; 95\/5 unidades (algod\u00f3n peinado)<\/div>\n","protected":false},"excerpt":{"rendered":"<p>Legging pirata Name It infantil ni\u00f1a. El jersey es un tejido ligero y el\u00e1stico con una superficie y un interior suaves que ofrecen comodidad y libertad de movimiento. &#8211; Tipo de producto: Leggings &#8211; Largo\/Talla: Hasta la pantorrilla &#8211; Ajuste: Regular G\u00e9nero: Mujer Fabricaci\u00f3n: Punto circular Detalles de fabricaci\u00f3n: Jersey sencillo Composici\u00f3n: 95 % algod\u00f3n, [&#8230;]\n","protected":false},"featured_media":48977,"template":"","meta":{"om_disable_all_campaigns":false,"_monsterinsights_skip_tracking":false,"_monsterinsights_sitenote_active":false,"_monsterinsights_sitenote_note":"","_monsterinsights_sitenote_category":0},"product_brand":[],"product_cat":[30,10879],"product_tag":[],"class_list":{"0":"post-48908","1":"product","2":"type-product","3":"status-publish","4":"has-post-thumbnail","6":"product_cat-infantil-nina","7":"product_cat-pv2026","8":"yith_product_brand-name-it","10":"first","11":"instock","12":"taxable","13":"shipping-taxable","14":"purchasable","15":"product-type-variable","16":"has-default-attributes"},"aioseo_notices":[],"_links":{"self":[{"href":"https:\/\/paidoskids.com\/index.php\/wp-json\/wp\/v2\/product\/48908","targetHints":{"allow":["GET"]}}],"collection":[{"href":"https:\/\/paidoskids.com\/index.php\/wp-json\/wp\/v2\/product"}],"about":[{"href":"https:\/\/paidoskids.com\/index.php\/wp-json\/wp\/v2\/types\/product"}],"wp:featuredmedia":[{"embeddable":true,"href":"https:\/\/paidoskids.com\/index.php\/wp-json\/wp\/v2\/media\/48977"}],"wp:attachment":[{"href":"https:\/\/paidoskids.com\/index.php\/wp-json\/wp\/v2\/media?parent=48908"}],"wp:term":[{"taxonomy":"product_brand","embeddable":true,"href":"https:\/\/paidoskids.com\/index.php\/wp-json\/wp\/v2\/product_brand?post=48908"},{"taxonomy":"product_cat","embeddable":true,"href":"https:\/\/paidoskids.com\/index.php\/wp-json\/wp\/v2\/product_cat?post=48908"},{"taxonomy":"product_tag","embeddable":true,"href":"https:\/\/paidoskids.com\/index.php\/wp-json\/wp\/v2\/product_tag?post=48908"}],"curies":[{"name":"wp","href":"https:\/\/api.w.org\/{rel}","templated":true}]}}