{"id":48939,"date":"2026-02-26T17:16:02","date_gmt":"2026-02-26T16:16:02","guid":{"rendered":"https:\/\/paidoskids.com\/?post_type=product&#038;p=48939"},"modified":"2026-04-15T17:46:02","modified_gmt":"2026-04-15T15:46:02","slug":"falda-pantalon-tejana-name-it-infantil-nina","status":"publish","type":"product","link":"https:\/\/paidoskids.com\/index.php\/product\/falda-pantalon-tejana-name-it-infantil-nina\/","title":{"rendered":"Falda pantal\u00f3n tejana Name It infantil ni\u00f1a"},"content":{"rendered":"<div>Falda pantal\u00f3n tejana Name It infantil ni\u00f1a.<\/div>\n<div>La ropa vaquera moderna es imprescindible en el armario de cualquier ni\u00f1o. Tanto si prefieres looks modernos como prendas atemporales, tu hijo tendr\u00e1 asegurados estilos suaves y de calidad para cualquier ocasi\u00f3n y temporada.<\/div>\n<div>&#8211; Tipo de producto: Falda pantal\u00f3n<\/div>\n<div>&#8211; Cierre: Cierre con corchete, bot\u00f3n y cremallera<\/div>\n<div>&#8211; Bolsillos: Bolsillos traseros, bolsillo para monedas, bolsillos delanteros<\/div>\n<div>&#8211; Detalles adicionales: Cintura ajustable, insignia, remaches<\/div>\n<div>&#8211; Lavado\/Acabado: Desgastado intenso<\/div>\n<div>&#8211; Corte: Corte regular<\/div>\n<div><\/div>\n<div>G\u00e9nero: Femenino<\/div>\n<div>Fabricaci\u00f3n: Tejido<\/div>\n<div>Detalle de fabricaci\u00f3n: Tejido de sarga<\/div>\n<div>Composici\u00f3n: 80 % algod\u00f3n, 20 % algod\u00f3n reciclado<\/div>\n<div><\/div>\n<div>Material exterior: Tejido de sarga 8.9 OZ-80\/20-Co\/RecCo-MJ DENIM (ALGOD\u00d3N PEINADO)<\/div>\n<div>Fibras certificadas y de marca<\/div>\n<div>El material principal de este producto contiene un m\u00ednimo de 20 % de algod\u00f3n reciclado.<\/div>\n","protected":false},"excerpt":{"rendered":"<p>Falda pantal\u00f3n tejana Name It infantil ni\u00f1a. La ropa vaquera moderna es imprescindible en el armario de cualquier ni\u00f1o. Tanto si prefieres looks modernos como prendas atemporales, tu hijo tendr\u00e1 asegurados estilos suaves y de calidad para cualquier ocasi\u00f3n y temporada. &#8211; Tipo de producto: Falda pantal\u00f3n &#8211; Cierre: Cierre con corchete, bot\u00f3n y cremallera [&#8230;]\n","protected":false},"featured_media":48836,"template":"","meta":{"om_disable_all_campaigns":false,"_monsterinsights_skip_tracking":false,"_monsterinsights_sitenote_active":false,"_monsterinsights_sitenote_note":"","_monsterinsights_sitenote_category":0},"product_brand":[],"product_cat":[30,10879],"product_tag":[],"class_list":{"0":"post-48939","1":"product","2":"type-product","3":"status-publish","4":"has-post-thumbnail","6":"product_cat-infantil-nina","7":"product_cat-pv2026","8":"yith_product_brand-name-it","10":"first","11":"instock","12":"taxable","13":"shipping-taxable","14":"purchasable","15":"product-type-variable","16":"has-default-attributes"},"aioseo_notices":[],"_links":{"self":[{"href":"https:\/\/paidoskids.com\/index.php\/wp-json\/wp\/v2\/product\/48939","targetHints":{"allow":["GET"]}}],"collection":[{"href":"https:\/\/paidoskids.com\/index.php\/wp-json\/wp\/v2\/product"}],"about":[{"href":"https:\/\/paidoskids.com\/index.php\/wp-json\/wp\/v2\/types\/product"}],"wp:featuredmedia":[{"embeddable":true,"href":"https:\/\/paidoskids.com\/index.php\/wp-json\/wp\/v2\/media\/48836"}],"wp:attachment":[{"href":"https:\/\/paidoskids.com\/index.php\/wp-json\/wp\/v2\/media?parent=48939"}],"wp:term":[{"taxonomy":"product_brand","embeddable":true,"href":"https:\/\/paidoskids.com\/index.php\/wp-json\/wp\/v2\/product_brand?post=48939"},{"taxonomy":"product_cat","embeddable":true,"href":"https:\/\/paidoskids.com\/index.php\/wp-json\/wp\/v2\/product_cat?post=48939"},{"taxonomy":"product_tag","embeddable":true,"href":"https:\/\/paidoskids.com\/index.php\/wp-json\/wp\/v2\/product_tag?post=48939"}],"curies":[{"name":"wp","href":"https:\/\/api.w.org\/{rel}","templated":true}]}}