{"id":49021,"date":"2026-02-28T19:16:27","date_gmt":"2026-02-28T18:16:27","guid":{"rendered":"https:\/\/paidoskids.com\/?post_type=product&#038;p=49021"},"modified":"2026-04-17T00:09:26","modified_gmt":"2026-04-16T22:09:26","slug":"camiseta-m-c-name-it-infantil-nina","status":"publish","type":"product","link":"https:\/\/paidoskids.com\/index.php\/product\/camiseta-m-c-name-it-infantil-nina\/","title":{"rendered":"Camiseta M\/c Name It Infantil Ni\u00d1a"},"content":{"rendered":"<p>Camiseta m\/c Name It infantil ni\u00f1a.<\/p>\n<div>Renueva el armario de tu hijo con camisetas modernas, perfectas para el d\u00eda a d\u00eda y para ocasiones especiales.<\/div>\n<div>El jersey es un tejido ligero y el\u00e1stico con una superficie y un interior suaves que ofrecen comodidad y libertad de movimiento.<\/div>\n<div>&#8211; Tipo de producto: Camiseta<\/div>\n<div>&#8211; Cuello: Redondo<\/div>\n<div>&#8211; Manga: Manga corta<\/div>\n<div>&#8211; Estampado: Estampado brillante para un look brillante y moderno, estampado de goma para una sensaci\u00f3n suave<\/div>\n<div>&#8211; Corte: Holgado<\/div>\n<div><\/div>\n<div>G\u00e9nero: Femenino<\/div>\n<div>Fabricaci\u00f3n: Punto circular<\/div>\n<div>Detalle de fabricaci\u00f3n: Jersey sencillo<\/div>\n<div>Tipo de estilo: CAMISETA<\/div>\n<div><\/div>\n<div>Nombre del tejido: SJ-150-100-Co<\/div>\n<div>Composici\u00f3n: 100 % algod\u00f3n<\/div>\n<div>Galga: 24<\/div>\n<div>Gramaje: 150<\/div>\n","protected":false},"excerpt":{"rendered":"<p>Camiseta m\/c Name It infantil ni\u00f1a. Renueva el armario de tu hijo con camisetas modernas, perfectas para el d\u00eda a d\u00eda y para ocasiones especiales. El jersey es un tejido ligero y el\u00e1stico con una superficie y un interior suaves que ofrecen comodidad y libertad de movimiento. &#8211; Tipo de producto: Camiseta &#8211; Cuello: Redondo [&#8230;]\n","protected":false},"featured_media":49054,"template":"","meta":{"om_disable_all_campaigns":false,"_monsterinsights_skip_tracking":false,"_monsterinsights_sitenote_active":false,"_monsterinsights_sitenote_note":"","_monsterinsights_sitenote_category":0},"product_brand":[],"product_cat":[30,10879],"product_tag":[],"class_list":{"0":"post-49021","1":"product","2":"type-product","3":"status-publish","4":"has-post-thumbnail","6":"product_cat-infantil-nina","7":"product_cat-pv2026","8":"yith_product_brand-name-it","10":"first","11":"instock","12":"taxable","13":"shipping-taxable","14":"purchasable","15":"product-type-variable","16":"has-default-attributes"},"aioseo_notices":[],"_links":{"self":[{"href":"https:\/\/paidoskids.com\/index.php\/wp-json\/wp\/v2\/product\/49021","targetHints":{"allow":["GET"]}}],"collection":[{"href":"https:\/\/paidoskids.com\/index.php\/wp-json\/wp\/v2\/product"}],"about":[{"href":"https:\/\/paidoskids.com\/index.php\/wp-json\/wp\/v2\/types\/product"}],"wp:featuredmedia":[{"embeddable":true,"href":"https:\/\/paidoskids.com\/index.php\/wp-json\/wp\/v2\/media\/49054"}],"wp:attachment":[{"href":"https:\/\/paidoskids.com\/index.php\/wp-json\/wp\/v2\/media?parent=49021"}],"wp:term":[{"taxonomy":"product_brand","embeddable":true,"href":"https:\/\/paidoskids.com\/index.php\/wp-json\/wp\/v2\/product_brand?post=49021"},{"taxonomy":"product_cat","embeddable":true,"href":"https:\/\/paidoskids.com\/index.php\/wp-json\/wp\/v2\/product_cat?post=49021"},{"taxonomy":"product_tag","embeddable":true,"href":"https:\/\/paidoskids.com\/index.php\/wp-json\/wp\/v2\/product_tag?post=49021"}],"curies":[{"name":"wp","href":"https:\/\/api.w.org\/{rel}","templated":true}]}}