{"id":49109,"date":"2026-03-05T18:36:04","date_gmt":"2026-03-05T17:36:04","guid":{"rendered":"https:\/\/paidoskids.com\/?post_type=product&#038;p=49109"},"modified":"2026-04-17T21:10:25","modified_gmt":"2026-04-17T19:10:25","slug":"legging-corto-name-it-infantil-nina-2","status":"publish","type":"product","link":"https:\/\/paidoskids.com\/index.php\/product\/legging-corto-name-it-infantil-nina-2\/","title":{"rendered":"Legging Corto Name It Infantil Ni\u00d1a"},"content":{"rendered":"<div>Legging corto Name It infantil ni\u00f1a<\/div>\n<div>Dale un nuevo aire al armario de tu hijo con prendas b\u00e1sicas atemporales y c\u00f3modas que combinan con cualquier ocasi\u00f3n y temporada.<\/div>\n<div>El jersey es un tejido ligero y el\u00e1stico con una superficie y un interior suaves que ofrecen comodidad y libertad de movimiento.<\/div>\n<div>&#8211; Largo\/Talla: Corto<\/div>\n<div>&#8211; Corte: Regular<\/div>\n<div><\/div>\n<div>G\u00e9nero: Mujer<\/div>\n<div>Fabricaci\u00f3n: Punto Circular<\/div>\n<div>Detalles de fabricaci\u00f3n: Jersey sencillo<\/div>\n<div>Composici\u00f3n: 95 % Algod\u00f3n, 5 % Elastano<\/div>\n<div><\/div>\n<div>Ref. del material exterior: 299 | Jersey sencillo 180 GSM-95\/5-Co\/Ea (ALGOD\u00d3N PEINADO)<\/div>\n","protected":false},"excerpt":{"rendered":"<p>Legging corto Name It infantil ni\u00f1a Dale un nuevo aire al armario de tu hijo con prendas b\u00e1sicas atemporales y c\u00f3modas que combinan con cualquier ocasi\u00f3n y temporada. El jersey es un tejido ligero y el\u00e1stico con una superficie y un interior suaves que ofrecen comodidad y libertad de movimiento. &#8211; Largo\/Talla: Corto &#8211; Corte: [&#8230;]\n","protected":false},"featured_media":48975,"template":"","meta":{"om_disable_all_campaigns":false,"_monsterinsights_skip_tracking":false,"_monsterinsights_sitenote_active":false,"_monsterinsights_sitenote_note":"","_monsterinsights_sitenote_category":0},"product_brand":[],"product_cat":[30,10879],"product_tag":[],"class_list":{"0":"post-49109","1":"product","2":"type-product","3":"status-publish","4":"has-post-thumbnail","6":"product_cat-infantil-nina","7":"product_cat-pv2026","8":"yith_product_brand-name-it","10":"first","11":"instock","12":"taxable","13":"shipping-taxable","14":"purchasable","15":"product-type-variable","16":"has-default-attributes"},"aioseo_notices":[],"_links":{"self":[{"href":"https:\/\/paidoskids.com\/index.php\/wp-json\/wp\/v2\/product\/49109","targetHints":{"allow":["GET"]}}],"collection":[{"href":"https:\/\/paidoskids.com\/index.php\/wp-json\/wp\/v2\/product"}],"about":[{"href":"https:\/\/paidoskids.com\/index.php\/wp-json\/wp\/v2\/types\/product"}],"wp:featuredmedia":[{"embeddable":true,"href":"https:\/\/paidoskids.com\/index.php\/wp-json\/wp\/v2\/media\/48975"}],"wp:attachment":[{"href":"https:\/\/paidoskids.com\/index.php\/wp-json\/wp\/v2\/media?parent=49109"}],"wp:term":[{"taxonomy":"product_brand","embeddable":true,"href":"https:\/\/paidoskids.com\/index.php\/wp-json\/wp\/v2\/product_brand?post=49109"},{"taxonomy":"product_cat","embeddable":true,"href":"https:\/\/paidoskids.com\/index.php\/wp-json\/wp\/v2\/product_cat?post=49109"},{"taxonomy":"product_tag","embeddable":true,"href":"https:\/\/paidoskids.com\/index.php\/wp-json\/wp\/v2\/product_tag?post=49109"}],"curies":[{"name":"wp","href":"https:\/\/api.w.org\/{rel}","templated":true}]}}