{"id":49179,"date":"2026-03-12T18:52:57","date_gmt":"2026-03-12T17:52:57","guid":{"rendered":"https:\/\/paidoskids.com\/?post_type=product&#038;p=49179"},"modified":"2026-05-02T11:40:09","modified_gmt":"2026-05-02T09:40:09","slug":"camiseta-m-c-chica-name-it-3","status":"publish","type":"product","link":"https:\/\/paidoskids.com\/index.php\/product\/camiseta-m-c-chica-name-it-3\/","title":{"rendered":"Camiseta M\/c Chica Name It"},"content":{"rendered":"<p>Camiseta m\/c chica Name It.<\/p>\n<div>Crea el conjunto perfecto para tu hijo\/a con estilos de calidad para el d\u00eda a d\u00eda y crea un look c\u00f3modo y moderno.<\/div>\n<div>El jersey es un tejido ligero y el\u00e1stico con una superficie y un interior suaves que ofrecen comodidad y libertad de movimiento.<\/div>\n<div>&#8211; Tipo de producto: Camiseta<\/div>\n<div>&#8211; Cuello: Redondo<\/div>\n<div>&#8211; Manga: Manga corta<\/div>\n<div>&#8211; Largo\/Talla: Corto<\/div>\n<div>&#8211; Estampado: Estampado brillante para un look brillante y moderno<\/div>\n<div>&#8211; Corte: Regular<\/div>\n<div><\/div>\n<div>G\u00e9nero: Femenino<\/div>\n<div>Fabricaci\u00f3n: Punto circular<\/div>\n<div>Detalles de fabricaci\u00f3n: Jersey sencillo<\/div>\n<div><\/div>\n<div>Nombre del tejido: SJ-150-100-OCO<\/div>\n<div>Composici\u00f3n: 100 % algod\u00f3n org\u00e1nico<\/div>\n<div>Galga: 24<\/div>\n<div>Gramaje: 150<\/div>\n<div>Informaci\u00f3n sobre el tejido: ALGOD\u00d3N PEINADO<\/div>\n<div>Fibras certificadas y de marca<\/div>\n<div>El material principal de este producto contiene un m\u00ednimo de 50 % de algod\u00f3n org\u00e1nico.<\/div>\n","protected":false},"excerpt":{"rendered":"<p>Camiseta m\/c chica Name It. Crea el conjunto perfecto para tu hijo\/a con estilos de calidad para el d\u00eda a d\u00eda y crea un look c\u00f3modo y moderno. El jersey es un tejido ligero y el\u00e1stico con una superficie y un interior suaves que ofrecen comodidad y libertad de movimiento. &#8211; Tipo de producto: Camiseta [&#8230;]\n","protected":false},"featured_media":49344,"template":"","meta":{"om_disable_all_campaigns":false,"_monsterinsights_skip_tracking":false,"_monsterinsights_sitenote_active":false,"_monsterinsights_sitenote_note":"","_monsterinsights_sitenote_category":0},"product_brand":[],"product_cat":[32,10879],"product_tag":[],"class_list":{"0":"post-49179","1":"product","2":"type-product","3":"status-publish","4":"has-post-thumbnail","6":"product_cat-chica","7":"product_cat-pv2026","8":"yith_product_brand-name-it","10":"first","11":"instock","12":"sale","13":"taxable","14":"shipping-taxable","15":"purchasable","16":"product-type-variable","17":"has-default-attributes"},"aioseo_notices":[],"_links":{"self":[{"href":"https:\/\/paidoskids.com\/index.php\/wp-json\/wp\/v2\/product\/49179","targetHints":{"allow":["GET"]}}],"collection":[{"href":"https:\/\/paidoskids.com\/index.php\/wp-json\/wp\/v2\/product"}],"about":[{"href":"https:\/\/paidoskids.com\/index.php\/wp-json\/wp\/v2\/types\/product"}],"wp:featuredmedia":[{"embeddable":true,"href":"https:\/\/paidoskids.com\/index.php\/wp-json\/wp\/v2\/media\/49344"}],"wp:attachment":[{"href":"https:\/\/paidoskids.com\/index.php\/wp-json\/wp\/v2\/media?parent=49179"}],"wp:term":[{"taxonomy":"product_brand","embeddable":true,"href":"https:\/\/paidoskids.com\/index.php\/wp-json\/wp\/v2\/product_brand?post=49179"},{"taxonomy":"product_cat","embeddable":true,"href":"https:\/\/paidoskids.com\/index.php\/wp-json\/wp\/v2\/product_cat?post=49179"},{"taxonomy":"product_tag","embeddable":true,"href":"https:\/\/paidoskids.com\/index.php\/wp-json\/wp\/v2\/product_tag?post=49179"}],"curies":[{"name":"wp","href":"https:\/\/api.w.org\/{rel}","templated":true}]}}