{"id":49254,"date":"2026-03-12T18:54:24","date_gmt":"2026-03-12T17:54:24","guid":{"rendered":"https:\/\/paidoskids.com\/?post_type=product&#038;p=49254"},"modified":"2026-04-17T21:10:55","modified_gmt":"2026-04-17T19:10:55","slug":"camiseta-m-c-guppy-infantil-nino","status":"publish","type":"product","link":"https:\/\/paidoskids.com\/index.php\/product\/camiseta-m-c-guppy-infantil-nino\/","title":{"rendered":"Camiseta M\/c Guppy Infantil Ni\u00d1o"},"content":{"rendered":"<p>Camiseta m\/c Guppy infantil ni\u00f1o.<\/p>\n<div>Experimenta la luz, la vida y la naturaleza con vibrantes estilos primaverales que a\u00f1aden diversi\u00f3n y color al conjunto de tu hijo.<\/div>\n<div>El jersey es un tejido ligero y el\u00e1stico con una superficie y un interior suaves que ofrecen comodidad y libertad de movimiento.<\/div>\n<div>&#8211; Tipo de producto: Camiseta<\/div>\n<div>&#8211; Cuello: Redondo<\/div>\n<div>&#8211; Manga: Manga corta<\/div>\n<div>&#8211; Estampado: Estampado de goma para una sensaci\u00f3n suave<\/div>\n<div>&#8211; Ajuste: Regular<\/div>\n<div><\/div>\n<div>G\u00e9nero: Masculino<\/div>\n<div>Fabricaci\u00f3n: Punto circular<\/div>\n<div>Detalle de fabricaci\u00f3n: Jersey sencillo<\/div>\n<div>Tipo de estilo: CAMISETA<\/div>\n<div><\/div>\n<div>Nombre del tejido: SJ-150-100-Co<\/div>\n<div>Composici\u00f3n: 100 % algod\u00f3n<\/div>\n<div>Galga: 24<\/div>\n<div>Gramaje: 150<\/div>\n","protected":false},"excerpt":{"rendered":"<p>Camiseta m\/c Guppy infantil ni\u00f1o. Experimenta la luz, la vida y la naturaleza con vibrantes estilos primaverales que a\u00f1aden diversi\u00f3n y color al conjunto de tu hijo. El jersey es un tejido ligero y el\u00e1stico con una superficie y un interior suaves que ofrecen comodidad y libertad de movimiento. &#8211; Tipo de producto: Camiseta &#8211; [&#8230;]\n","protected":false},"featured_media":49317,"template":"","meta":{"om_disable_all_campaigns":false,"_monsterinsights_skip_tracking":false,"_monsterinsights_sitenote_active":false,"_monsterinsights_sitenote_note":"","_monsterinsights_sitenote_category":0},"product_brand":[],"product_cat":[29,10879],"product_tag":[],"class_list":{"0":"post-49254","1":"product","2":"type-product","3":"status-publish","4":"has-post-thumbnail","6":"product_cat-infantil-nino","7":"product_cat-pv2026","8":"yith_product_brand-guppy","11":"first","12":"instock","13":"taxable","14":"shipping-taxable","15":"purchasable","16":"product-type-variable","17":"has-default-attributes"},"aioseo_notices":[],"_links":{"self":[{"href":"https:\/\/paidoskids.com\/index.php\/wp-json\/wp\/v2\/product\/49254","targetHints":{"allow":["GET"]}}],"collection":[{"href":"https:\/\/paidoskids.com\/index.php\/wp-json\/wp\/v2\/product"}],"about":[{"href":"https:\/\/paidoskids.com\/index.php\/wp-json\/wp\/v2\/types\/product"}],"wp:featuredmedia":[{"embeddable":true,"href":"https:\/\/paidoskids.com\/index.php\/wp-json\/wp\/v2\/media\/49317"}],"wp:attachment":[{"href":"https:\/\/paidoskids.com\/index.php\/wp-json\/wp\/v2\/media?parent=49254"}],"wp:term":[{"taxonomy":"product_brand","embeddable":true,"href":"https:\/\/paidoskids.com\/index.php\/wp-json\/wp\/v2\/product_brand?post=49254"},{"taxonomy":"product_cat","embeddable":true,"href":"https:\/\/paidoskids.com\/index.php\/wp-json\/wp\/v2\/product_cat?post=49254"},{"taxonomy":"product_tag","embeddable":true,"href":"https:\/\/paidoskids.com\/index.php\/wp-json\/wp\/v2\/product_tag?post=49254"}],"curies":[{"name":"wp","href":"https:\/\/api.w.org\/{rel}","templated":true}]}}