{"id":49277,"date":"2026-03-12T18:54:49","date_gmt":"2026-03-12T17:54:49","guid":{"rendered":"https:\/\/paidoskids.com\/?post_type=product&#038;p=49277"},"modified":"2026-04-17T21:10:55","modified_gmt":"2026-04-17T19:10:55","slug":"jogger-corto-denim-name-it-infantil-nino","status":"publish","type":"product","link":"https:\/\/paidoskids.com\/index.php\/product\/jogger-corto-denim-name-it-infantil-nino\/","title":{"rendered":"Jogger Corto Denim Name It Infantil Ni\u00d1o"},"content":{"rendered":"<p>Jogger corto denim Name It infantil ni\u00f1o.<\/p>\n<div>Crea el conjunto perfecto para tu hijo con estilos de calidad para el d\u00eda a d\u00eda y crea un look c\u00f3modo y moderno.<\/div>\n<div>&#8211; Tipo de producto: Pantalones cortos<\/div>\n<div>&#8211; Detalles adicionales: Insignia<\/div>\n<div>&#8211; Corte: Jogger<\/div>\n<div><\/div>\n<div>G\u00e9nero: Masculino<\/div>\n<div>Fabricaci\u00f3n: Tejido<\/div>\n<div>Detalle de fabricaci\u00f3n: Sarga<\/div>\n<div>Composici\u00f3n: 50 % algod\u00f3n, 27 % poli\u00e9ster reciclado, 20 % algod\u00f3n reciclado, 3 % elastano<\/div>\n<div><\/div>\n<div>Material exterior: Ref. 2141 | Sarga de 8.26 oz &#8211; 50\/27\/20\/3-Co\/RecPl\/RecCo\/Ea-TH DENIM (ALGOD\u00d3N PEINADO)<\/div>\n<div>Fibras certificadas y de marca<\/div>\n<div>El material principal de este producto contiene un m\u00ednimo de 20 % de algod\u00f3n reciclado.<\/div>\n","protected":false},"excerpt":{"rendered":"<p>Jogger corto denim Name It infantil ni\u00f1o. Crea el conjunto perfecto para tu hijo con estilos de calidad para el d\u00eda a d\u00eda y crea un look c\u00f3modo y moderno. &#8211; Tipo de producto: Pantalones cortos &#8211; Detalles adicionales: Insignia &#8211; Corte: Jogger G\u00e9nero: Masculino Fabricaci\u00f3n: Tejido Detalle de fabricaci\u00f3n: Sarga Composici\u00f3n: 50 % algod\u00f3n, [&#8230;]\n","protected":false},"featured_media":49302,"template":"","meta":{"om_disable_all_campaigns":false,"_monsterinsights_skip_tracking":false,"_monsterinsights_sitenote_active":false,"_monsterinsights_sitenote_note":"","_monsterinsights_sitenote_category":0},"product_brand":[],"product_cat":[29,10879],"product_tag":[],"class_list":{"0":"post-49277","1":"product","2":"type-product","3":"status-publish","4":"has-post-thumbnail","6":"product_cat-infantil-nino","7":"product_cat-pv2026","8":"yith_product_brand-name-it","10":"first","11":"instock","12":"taxable","13":"shipping-taxable","14":"purchasable","15":"product-type-variable","16":"has-default-attributes"},"aioseo_notices":[],"_links":{"self":[{"href":"https:\/\/paidoskids.com\/index.php\/wp-json\/wp\/v2\/product\/49277","targetHints":{"allow":["GET"]}}],"collection":[{"href":"https:\/\/paidoskids.com\/index.php\/wp-json\/wp\/v2\/product"}],"about":[{"href":"https:\/\/paidoskids.com\/index.php\/wp-json\/wp\/v2\/types\/product"}],"wp:featuredmedia":[{"embeddable":true,"href":"https:\/\/paidoskids.com\/index.php\/wp-json\/wp\/v2\/media\/49302"}],"wp:attachment":[{"href":"https:\/\/paidoskids.com\/index.php\/wp-json\/wp\/v2\/media?parent=49277"}],"wp:term":[{"taxonomy":"product_brand","embeddable":true,"href":"https:\/\/paidoskids.com\/index.php\/wp-json\/wp\/v2\/product_brand?post=49277"},{"taxonomy":"product_cat","embeddable":true,"href":"https:\/\/paidoskids.com\/index.php\/wp-json\/wp\/v2\/product_cat?post=49277"},{"taxonomy":"product_tag","embeddable":true,"href":"https:\/\/paidoskids.com\/index.php\/wp-json\/wp\/v2\/product_tag?post=49277"}],"curies":[{"name":"wp","href":"https:\/\/api.w.org\/{rel}","templated":true}]}}