{"id":49379,"date":"2026-03-12T20:53:17","date_gmt":"2026-03-12T19:53:17","guid":{"rendered":"https:\/\/paidoskids.com\/?post_type=product&#038;p=49379"},"modified":"2026-04-17T21:10:55","modified_gmt":"2026-04-17T19:10:55","slug":"jogger-corto-denim-name-it-chico","status":"publish","type":"product","link":"https:\/\/paidoskids.com\/index.php\/product\/jogger-corto-denim-name-it-chico\/","title":{"rendered":"Jogger Corto Denim Name It Chico"},"content":{"rendered":"<p>Pantal\u00f3n corto denim Name It Chico con la cintura de goma.<\/p>\n<div>Crea el conjunto perfecto para tu hijo con prendas de calidad para el d\u00eda a d\u00eda y consigue un look c\u00f3modo y moderno.<\/div>\n<div><\/div>\n<div>&#8211; Tipo de producto: Pantalones cortos<\/div>\n<div><\/div>\n<div>&#8211; Detalles adicionales: Insignia<\/div>\n<div>&#8211; Corte: Jockey<\/div>\n<div><\/div>\n<div>G\u00e9nero: Masculino<\/div>\n<div>Fabricaci\u00f3n: Tejido<\/div>\n<div>Detalle de fabricaci\u00f3n: Sarga<\/div>\n<div>Composici\u00f3n: 50 % algod\u00f3n, 27 % poli\u00e9ster reciclado, 20 % algod\u00f3n reciclado, 3 % elastano<\/div>\n<div><\/div>\n<div>Referencia del tejido exterior: 2141 | Tejido de sarga 8.26 OZ-50\/27\/20\/3-Co\/RecPl\/RecCo\/Ea-TH DENIM (algod\u00f3n peinado)<\/div>\n<div>Fibras certificadas y de marca<\/div>\n<div>El material principal de este producto contiene un m\u00ednimo de 20 % de algod\u00f3n reciclado.<\/div>\n","protected":false},"excerpt":{"rendered":"<p>Pantal\u00f3n corto denim Name It Chico con la cintura de goma. Crea el conjunto perfecto para tu hijo con prendas de calidad para el d\u00eda a d\u00eda y consigue un look c\u00f3modo y moderno. &#8211; Tipo de producto: Pantalones cortos &#8211; Detalles adicionales: Insignia &#8211; Corte: Jockey G\u00e9nero: Masculino Fabricaci\u00f3n: Tejido Detalle de fabricaci\u00f3n: Sarga [&#8230;]\n","protected":false},"featured_media":49308,"template":"","meta":{"om_disable_all_campaigns":false,"_monsterinsights_skip_tracking":false,"_monsterinsights_sitenote_active":false,"_monsterinsights_sitenote_note":"","_monsterinsights_sitenote_category":0},"product_brand":[],"product_cat":[31,10879],"product_tag":[],"class_list":{"0":"post-49379","1":"product","2":"type-product","3":"status-publish","4":"has-post-thumbnail","6":"product_cat-chico","7":"product_cat-pv2026","8":"yith_product_brand-name-it","10":"first","11":"instock","12":"taxable","13":"shipping-taxable","14":"purchasable","15":"product-type-variable","16":"has-default-attributes"},"aioseo_notices":[],"_links":{"self":[{"href":"https:\/\/paidoskids.com\/index.php\/wp-json\/wp\/v2\/product\/49379","targetHints":{"allow":["GET"]}}],"collection":[{"href":"https:\/\/paidoskids.com\/index.php\/wp-json\/wp\/v2\/product"}],"about":[{"href":"https:\/\/paidoskids.com\/index.php\/wp-json\/wp\/v2\/types\/product"}],"wp:featuredmedia":[{"embeddable":true,"href":"https:\/\/paidoskids.com\/index.php\/wp-json\/wp\/v2\/media\/49308"}],"wp:attachment":[{"href":"https:\/\/paidoskids.com\/index.php\/wp-json\/wp\/v2\/media?parent=49379"}],"wp:term":[{"taxonomy":"product_brand","embeddable":true,"href":"https:\/\/paidoskids.com\/index.php\/wp-json\/wp\/v2\/product_brand?post=49379"},{"taxonomy":"product_cat","embeddable":true,"href":"https:\/\/paidoskids.com\/index.php\/wp-json\/wp\/v2\/product_cat?post=49379"},{"taxonomy":"product_tag","embeddable":true,"href":"https:\/\/paidoskids.com\/index.php\/wp-json\/wp\/v2\/product_tag?post=49379"}],"curies":[{"name":"wp","href":"https:\/\/api.w.org\/{rel}","templated":true}]}}