{"id":49465,"date":"2026-03-12T20:54:55","date_gmt":"2026-03-12T19:54:55","guid":{"rendered":"https:\/\/paidoskids.com\/?post_type=product&#038;p=49465"},"modified":"2026-04-18T19:15:40","modified_gmt":"2026-04-18T17:15:40","slug":"vestido-tirantes-chica-name-it","status":"publish","type":"product","link":"https:\/\/paidoskids.com\/index.php\/product\/vestido-tirantes-chica-name-it\/","title":{"rendered":"Vestido tirantes chica Name It"},"content":{"rendered":"<p>Vestido tirantes chica Name It.<\/p>\n<div>Renueva el armario de tu hija con vestidos bonitos y modernos, perfectos para cualquier temporada y ocasi\u00f3n.<\/div>\n<div><\/div>\n<div>El jersey es un tejido ligero y el\u00e1stico, suave por dentro y por fuera para una mayor comodidad y libertad de movimiento.<\/div>\n<div><\/div>\n<div>&#8211; Tipo de producto: Vestido<\/div>\n<div><\/div>\n<div>&#8211; Cuello: Redondo<\/div>\n<div><\/div>\n<div>&#8211; Manga: Sin mangas<\/div>\n<div><\/div>\n<div>&#8211; Detalles adicionales: Detalle trenzado<\/div>\n<div><\/div>\n<div>&#8211; Estampado: Estampado en la parte delantera<\/div>\n<div><\/div>\n<div>&#8211; Corte: Regular<\/div>\n<div><\/div>\n<div>G\u00e9nero: Femenino<\/div>\n<div>Confecci\u00f3n: Punto circular<\/div>\n<div>Detalle de confecci\u00f3n: Jersey sencillo<\/div>\n<div>Composici\u00f3n: 100 % algod\u00f3n org\u00e1nico<\/div>\n<div><\/div>\n<div>Referencia del tejido exterior: Jersey sencillo 150 g\/m\u00b2 &#8211; 100 g\/m\u00b2 &#8211; Algod\u00f3n peinado<\/div>\n<div>Fibras certificadas y de marca<\/div>\n<div>El tejido principal de este producto contiene un m\u00ednimo del 50 % de algod\u00f3n org\u00e1nico.<\/div>\n","protected":false},"excerpt":{"rendered":"<p>Vestido tirantes chica Name It. Renueva el armario de tu hija con vestidos bonitos y modernos, perfectos para cualquier temporada y ocasi\u00f3n. El jersey es un tejido ligero y el\u00e1stico, suave por dentro y por fuera para una mayor comodidad y libertad de movimiento. &#8211; Tipo de producto: Vestido &#8211; Cuello: Redondo &#8211; Manga: Sin [&#8230;]\n","protected":false},"featured_media":49555,"template":"","meta":{"om_disable_all_campaigns":false,"_monsterinsights_skip_tracking":false,"_monsterinsights_sitenote_active":false,"_monsterinsights_sitenote_note":"","_monsterinsights_sitenote_category":0},"product_brand":[],"product_cat":[32,10879],"product_tag":[],"class_list":{"0":"post-49465","1":"product","2":"type-product","3":"status-publish","4":"has-post-thumbnail","6":"product_cat-chica","7":"product_cat-pv2026","8":"yith_product_brand-name-it","10":"first","11":"instock","12":"sale","13":"taxable","14":"shipping-taxable","15":"purchasable","16":"product-type-variable","17":"has-default-attributes"},"aioseo_notices":[],"_links":{"self":[{"href":"https:\/\/paidoskids.com\/index.php\/wp-json\/wp\/v2\/product\/49465","targetHints":{"allow":["GET"]}}],"collection":[{"href":"https:\/\/paidoskids.com\/index.php\/wp-json\/wp\/v2\/product"}],"about":[{"href":"https:\/\/paidoskids.com\/index.php\/wp-json\/wp\/v2\/types\/product"}],"wp:featuredmedia":[{"embeddable":true,"href":"https:\/\/paidoskids.com\/index.php\/wp-json\/wp\/v2\/media\/49555"}],"wp:attachment":[{"href":"https:\/\/paidoskids.com\/index.php\/wp-json\/wp\/v2\/media?parent=49465"}],"wp:term":[{"taxonomy":"product_brand","embeddable":true,"href":"https:\/\/paidoskids.com\/index.php\/wp-json\/wp\/v2\/product_brand?post=49465"},{"taxonomy":"product_cat","embeddable":true,"href":"https:\/\/paidoskids.com\/index.php\/wp-json\/wp\/v2\/product_cat?post=49465"},{"taxonomy":"product_tag","embeddable":true,"href":"https:\/\/paidoskids.com\/index.php\/wp-json\/wp\/v2\/product_tag?post=49465"}],"curies":[{"name":"wp","href":"https:\/\/api.w.org\/{rel}","templated":true}]}}