{"id":49484,"date":"2026-03-12T20:55:15","date_gmt":"2026-03-12T19:55:15","guid":{"rendered":"https:\/\/paidoskids.com\/?post_type=product&#038;p=49484"},"modified":"2026-04-16T11:02:41","modified_gmt":"2026-04-16T09:02:41","slug":"pantalon-corto-5-bolsillos-sarga-name-it-infantil-nino","status":"publish","type":"product","link":"https:\/\/paidoskids.com\/index.php\/product\/pantalon-corto-5-bolsillos-sarga-name-it-infantil-nino\/","title":{"rendered":"Pantalon Corto 5 Bolsillos Sarga Name It Infantil Ni\u00d1o"},"content":{"rendered":"<p>Pantal\u00f3n corto 5 bolsillos sarga Name it infantil ni\u00f1o.<\/p>\n<div>Crea el look veraniego perfecto para tu hijo con unos bonitos shorts y su camiseta favorita.<\/div>\n<div><\/div>\n<div>La sarga es un tejido resistente que se caracteriza por su dise\u00f1o diagonal para un look cl\u00e1sico.<\/div>\n<div><\/div>\n<div>&#8211; Tipo de producto: Shorts<\/div>\n<div><\/div>\n<div>&#8211; Cierre: Bot\u00f3n de gancho y cremallera<\/div>\n<div><\/div>\n<div>&#8211; Bolsillos: Bolsillos traseros, bolsillo para monedas, bolsillos delanteros<\/div>\n<div><\/div>\n<div>&#8211; Detalles adicionales: Cintura ajustable<\/div>\n<div><\/div>\n<div>&#8211; Lavado\/Acabado: Ligeros desgastes<\/div>\n<div><\/div>\n<div>&#8211; Corte: Regular<\/div>\n<div><\/div>\n<div>G\u00e9nero: Masculino<\/div>\n<div>Fabricaci\u00f3n: Tejido<\/div>\n<div>Detalle de fabricaci\u00f3n: Tejido de sarga<\/div>\n<div>Composici\u00f3n: 77 % algod\u00f3n, 20 % algod\u00f3n reciclado, 3 % elastano<\/div>\n<div>Fibras certificadas y de marca<\/div>\n<div>El material principal de este producto contiene un m\u00ednimo de 20 % de algod\u00f3n reciclado.<\/div>\n","protected":false},"excerpt":{"rendered":"<p>Pantal\u00f3n corto 5 bolsillos sarga Name it infantil ni\u00f1o. Crea el look veraniego perfecto para tu hijo con unos bonitos shorts y su camiseta favorita. La sarga es un tejido resistente que se caracteriza por su dise\u00f1o diagonal para un look cl\u00e1sico. &#8211; Tipo de producto: Shorts &#8211; Cierre: Bot\u00f3n de gancho y cremallera &#8211; [&#8230;]\n","protected":false},"featured_media":49551,"template":"","meta":{"om_disable_all_campaigns":false,"_monsterinsights_skip_tracking":false,"_monsterinsights_sitenote_active":false,"_monsterinsights_sitenote_note":"","_monsterinsights_sitenote_category":0},"product_brand":[],"product_cat":[29,10879],"product_tag":[],"class_list":{"0":"post-49484","1":"product","2":"type-product","3":"status-publish","4":"has-post-thumbnail","6":"product_cat-infantil-nino","7":"product_cat-pv2026","8":"yith_product_brand-name-it","10":"first","11":"instock","12":"taxable","13":"shipping-taxable","14":"purchasable","15":"product-type-variable","16":"has-default-attributes"},"aioseo_notices":[],"_links":{"self":[{"href":"https:\/\/paidoskids.com\/index.php\/wp-json\/wp\/v2\/product\/49484","targetHints":{"allow":["GET"]}}],"collection":[{"href":"https:\/\/paidoskids.com\/index.php\/wp-json\/wp\/v2\/product"}],"about":[{"href":"https:\/\/paidoskids.com\/index.php\/wp-json\/wp\/v2\/types\/product"}],"wp:featuredmedia":[{"embeddable":true,"href":"https:\/\/paidoskids.com\/index.php\/wp-json\/wp\/v2\/media\/49551"}],"wp:attachment":[{"href":"https:\/\/paidoskids.com\/index.php\/wp-json\/wp\/v2\/media?parent=49484"}],"wp:term":[{"taxonomy":"product_brand","embeddable":true,"href":"https:\/\/paidoskids.com\/index.php\/wp-json\/wp\/v2\/product_brand?post=49484"},{"taxonomy":"product_cat","embeddable":true,"href":"https:\/\/paidoskids.com\/index.php\/wp-json\/wp\/v2\/product_cat?post=49484"},{"taxonomy":"product_tag","embeddable":true,"href":"https:\/\/paidoskids.com\/index.php\/wp-json\/wp\/v2\/product_tag?post=49484"}],"curies":[{"name":"wp","href":"https:\/\/api.w.org\/{rel}","templated":true}]}}