{"id":49585,"date":"2026-04-01T12:45:19","date_gmt":"2026-04-01T10:45:19","guid":{"rendered":"https:\/\/paidoskids.com\/?post_type=product&#038;p=49585"},"modified":"2026-04-15T17:46:03","modified_gmt":"2026-04-15T15:46:03","slug":"vestido-s-m-name-it-infantil-nina","status":"publish","type":"product","link":"https:\/\/paidoskids.com\/index.php\/product\/vestido-s-m-name-it-infantil-nina\/","title":{"rendered":"Vestido S\/m Name It Infantil Ni\u00d1a"},"content":{"rendered":"<p>Vestido sin manga Name It infantil ni\u00f1a.<\/p>\n<div>Renueva el armario de tu hija con vestidos bonitos y modernos, perfectos para cualquier temporada y ocasi\u00f3n.<\/div>\n<div><\/div>\n<div>El jersey es un tejido ligero y el\u00e1stico, suave por dentro y por fuera para una mayor comodidad y libertad de movimiento.<\/div>\n<div><\/div>\n<div>&#8211; Tipo de producto: Vestido Spencer<\/div>\n<div><\/div>\n<div>&#8211; Cuello: Redondo<\/div>\n<div><\/div>\n<div>&#8211; Manga: Sin mangas<\/div>\n<div><\/div>\n<div>&#8211; Estampado: Estampado repetido en toda la superficie del producto<\/div>\n<div><\/div>\n<div>&#8211; Corte: Regular<\/div>\n<div><\/div>\n<div>G\u00e9nero: Femenino<\/div>\n<div>Confecci\u00f3n: Punto circular<\/div>\n<div>Detalle de confecci\u00f3n: Jersey sencillo<\/div>\n<div>Tipo de estilo: VESTIDO<\/div>\n<div><\/div>\n<div>Nombre del tejido: SJ-150-100-Co<\/div>\n<div>Composici\u00f3n: 100 % algod\u00f3n<\/div>\n<div>Calibre: 24<\/div>\n<div>Peso: 150<\/div>\n","protected":false},"excerpt":{"rendered":"<p>Vestido sin manga Name It infantil ni\u00f1a. Renueva el armario de tu hija con vestidos bonitos y modernos, perfectos para cualquier temporada y ocasi\u00f3n. El jersey es un tejido ligero y el\u00e1stico, suave por dentro y por fuera para una mayor comodidad y libertad de movimiento. &#8211; Tipo de producto: Vestido Spencer &#8211; Cuello: Redondo [&#8230;]\n","protected":false},"featured_media":49676,"template":"","meta":{"om_disable_all_campaigns":false,"_monsterinsights_skip_tracking":false,"_monsterinsights_sitenote_active":false,"_monsterinsights_sitenote_note":"","_monsterinsights_sitenote_category":0},"product_brand":[],"product_cat":[30,10879],"product_tag":[],"class_list":{"0":"post-49585","1":"product","2":"type-product","3":"status-publish","4":"has-post-thumbnail","6":"product_cat-infantil-nina","7":"product_cat-pv2026","8":"yith_product_brand-name-it","10":"first","11":"instock","12":"taxable","13":"shipping-taxable","14":"purchasable","15":"product-type-variable","16":"has-default-attributes"},"aioseo_notices":[],"_links":{"self":[{"href":"https:\/\/paidoskids.com\/index.php\/wp-json\/wp\/v2\/product\/49585","targetHints":{"allow":["GET"]}}],"collection":[{"href":"https:\/\/paidoskids.com\/index.php\/wp-json\/wp\/v2\/product"}],"about":[{"href":"https:\/\/paidoskids.com\/index.php\/wp-json\/wp\/v2\/types\/product"}],"wp:featuredmedia":[{"embeddable":true,"href":"https:\/\/paidoskids.com\/index.php\/wp-json\/wp\/v2\/media\/49676"}],"wp:attachment":[{"href":"https:\/\/paidoskids.com\/index.php\/wp-json\/wp\/v2\/media?parent=49585"}],"wp:term":[{"taxonomy":"product_brand","embeddable":true,"href":"https:\/\/paidoskids.com\/index.php\/wp-json\/wp\/v2\/product_brand?post=49585"},{"taxonomy":"product_cat","embeddable":true,"href":"https:\/\/paidoskids.com\/index.php\/wp-json\/wp\/v2\/product_cat?post=49585"},{"taxonomy":"product_tag","embeddable":true,"href":"https:\/\/paidoskids.com\/index.php\/wp-json\/wp\/v2\/product_tag?post=49585"}],"curies":[{"name":"wp","href":"https:\/\/api.w.org\/{rel}","templated":true}]}}