{"id":49731,"date":"2026-03-20T13:27:05","date_gmt":"2026-03-20T12:27:05","guid":{"rendered":"https:\/\/paidoskids.com\/?post_type=product&#038;p=49731"},"modified":"2026-05-13T11:35:00","modified_gmt":"2026-05-13T09:35:00","slug":"pantalon-corto-guppy-infantil-nino","status":"publish","type":"product","link":"https:\/\/paidoskids.com\/index.php\/product\/pantalon-corto-guppy-infantil-nino\/","title":{"rendered":"Pantal\u00d3n Corto Guppy Infantil Ni\u00d1o"},"content":{"rendered":"<p>Pantal\u00f3n corto Guppy infantil ni\u00f1o.<\/p>\n<div>Disfruta de la luz, la vida y la naturaleza con estos alegres dise\u00f1os primaverales que le dar\u00e1n un toque divertido y colorido al atuendo de tu hijo\/a.<\/div>\n<div><\/div>\n<div>El jersey es un tejido ligero y el\u00e1stico, suave por dentro y por fuera para mayor comodidad y libertad de movimiento.<\/div>\n<div><\/div>\n<div>&#8211; Tipo de producto: Pantalones cortos<\/div>\n<div>&#8211; Detalles adicionales: Cintura ajustable<\/div>\n<div>&#8211; Corte: Regular<\/div>\n<div><\/div>\n<div>G\u00e9nero: Masculino<\/div>\n<div>Fabricaci\u00f3n: Punto circular<\/div>\n<div>Detalle de fabricaci\u00f3n: Jersey sencillo<\/div>\n<div>Composici\u00f3n: 100% algod\u00f3n<\/div>\n<div><\/div>\n<div>Referencia del tejido exterior: 301 | Jersey sencillo 160 g\/m\u00b2 &#8211; 100% algod\u00f3n peinado<\/div>\n","protected":false},"excerpt":{"rendered":"<p>Pantal\u00f3n corto Guppy infantil ni\u00f1o. Disfruta de la luz, la vida y la naturaleza con estos alegres dise\u00f1os primaverales que le dar\u00e1n un toque divertido y colorido al atuendo de tu hijo\/a. El jersey es un tejido ligero y el\u00e1stico, suave por dentro y por fuera para mayor comodidad y libertad de movimiento. &#8211; Tipo [&#8230;]\n","protected":false},"featured_media":49876,"template":"","meta":{"om_disable_all_campaigns":false,"_monsterinsights_skip_tracking":false,"_monsterinsights_sitenote_active":false,"_monsterinsights_sitenote_note":"","_monsterinsights_sitenote_category":0},"product_brand":[],"product_cat":[29,10879],"product_tag":[],"class_list":{"0":"post-49731","1":"product","2":"type-product","3":"status-publish","4":"has-post-thumbnail","6":"product_cat-infantil-nino","7":"product_cat-pv2026","8":"yith_product_brand-guppy","10":"first","11":"instock","12":"sale","13":"taxable","14":"shipping-taxable","15":"purchasable","16":"product-type-variable","17":"has-default-attributes"},"aioseo_notices":[],"_links":{"self":[{"href":"https:\/\/paidoskids.com\/index.php\/wp-json\/wp\/v2\/product\/49731","targetHints":{"allow":["GET"]}}],"collection":[{"href":"https:\/\/paidoskids.com\/index.php\/wp-json\/wp\/v2\/product"}],"about":[{"href":"https:\/\/paidoskids.com\/index.php\/wp-json\/wp\/v2\/types\/product"}],"wp:featuredmedia":[{"embeddable":true,"href":"https:\/\/paidoskids.com\/index.php\/wp-json\/wp\/v2\/media\/49876"}],"wp:attachment":[{"href":"https:\/\/paidoskids.com\/index.php\/wp-json\/wp\/v2\/media?parent=49731"}],"wp:term":[{"taxonomy":"product_brand","embeddable":true,"href":"https:\/\/paidoskids.com\/index.php\/wp-json\/wp\/v2\/product_brand?post=49731"},{"taxonomy":"product_cat","embeddable":true,"href":"https:\/\/paidoskids.com\/index.php\/wp-json\/wp\/v2\/product_cat?post=49731"},{"taxonomy":"product_tag","embeddable":true,"href":"https:\/\/paidoskids.com\/index.php\/wp-json\/wp\/v2\/product_tag?post=49731"}],"curies":[{"name":"wp","href":"https:\/\/api.w.org\/{rel}","templated":true}]}}