{"id":49990,"date":"2026-03-25T13:13:15","date_gmt":"2026-03-25T12:13:15","guid":{"rendered":"https:\/\/paidoskids.com\/?post_type=product&#038;p=49990"},"modified":"2026-04-18T19:15:34","modified_gmt":"2026-04-18T17:15:34","slug":"vestido-plisado-estampado","status":"publish","type":"product","link":"https:\/\/paidoskids.com\/index.php\/product\/vestido-plisado-estampado\/","title":{"rendered":"Vestido Plisado Estampado"},"content":{"rendered":"<p>Vestido con cintur\u00f3n a juego para chica.<\/p>\n<p>Vestido de manga larga para chica con pu\u00f1os el\u00e1sticos. Cuello redondo. Peque\u00f1a abertura en la espalda con cierre de bot\u00f3n para facilitar la puesta de la prenda. Modelo con dise\u00f1o plisado. Dise\u00f1o estampado.<\/p>\n<p>Cintur\u00f3n ajustable para chica.<\/p>\n<p>COMPOSICI\u00d3N: 100% Poli\u00e9ster<br \/>\nForro<br \/>\n100% Poli\u00e9ster<\/p>\n","protected":false},"excerpt":{"rendered":"<p>Vestido con cintur\u00f3n a juego para chica. Vestido de manga larga para chica con pu\u00f1os el\u00e1sticos. Cuello redondo. Peque\u00f1a abertura en la espalda con cierre de bot\u00f3n para facilitar la puesta de la prenda. Modelo con dise\u00f1o plisado. Dise\u00f1o estampado. Cintur\u00f3n ajustable para chica. COMPOSICI\u00d3N: 100% Poli\u00e9ster Forro 100% Poli\u00e9ster<\/p>\n","protected":false},"featured_media":50054,"template":"","meta":{"om_disable_all_campaigns":false,"_monsterinsights_skip_tracking":false,"_monsterinsights_sitenote_active":false,"_monsterinsights_sitenote_note":"","_monsterinsights_sitenote_category":0},"product_brand":[],"product_cat":[32,10879],"product_tag":[],"class_list":{"0":"post-49990","1":"product","2":"type-product","3":"status-publish","4":"has-post-thumbnail","6":"product_cat-chica","7":"product_cat-pv2026","8":"yith_product_brand-mayoral","10":"first","11":"instock","12":"taxable","13":"shipping-taxable","14":"purchasable","15":"product-type-variable","16":"has-default-attributes"},"aioseo_notices":[],"_links":{"self":[{"href":"https:\/\/paidoskids.com\/index.php\/wp-json\/wp\/v2\/product\/49990","targetHints":{"allow":["GET"]}}],"collection":[{"href":"https:\/\/paidoskids.com\/index.php\/wp-json\/wp\/v2\/product"}],"about":[{"href":"https:\/\/paidoskids.com\/index.php\/wp-json\/wp\/v2\/types\/product"}],"wp:featuredmedia":[{"embeddable":true,"href":"https:\/\/paidoskids.com\/index.php\/wp-json\/wp\/v2\/media\/50054"}],"wp:attachment":[{"href":"https:\/\/paidoskids.com\/index.php\/wp-json\/wp\/v2\/media?parent=49990"}],"wp:term":[{"taxonomy":"product_brand","embeddable":true,"href":"https:\/\/paidoskids.com\/index.php\/wp-json\/wp\/v2\/product_brand?post=49990"},{"taxonomy":"product_cat","embeddable":true,"href":"https:\/\/paidoskids.com\/index.php\/wp-json\/wp\/v2\/product_cat?post=49990"},{"taxonomy":"product_tag","embeddable":true,"href":"https:\/\/paidoskids.com\/index.php\/wp-json\/wp\/v2\/product_tag?post=49990"}],"curies":[{"name":"wp","href":"https:\/\/api.w.org\/{rel}","templated":true}]}}