{"id":50119,"date":"2026-04-02T12:06:51","date_gmt":"2026-04-02T10:06:51","guid":{"rendered":"https:\/\/paidoskids.com\/?post_type=product&#038;p=50119"},"modified":"2026-04-28T20:56:07","modified_gmt":"2026-04-28T18:56:07","slug":"camiseta-manga-corta-grafica-mayoral","status":"publish","type":"product","link":"https:\/\/paidoskids.com\/index.php\/product\/camiseta-manga-corta-grafica-mayoral\/","title":{"rendered":"Camiseta manga corta gr\u00e1fica Mayoral"},"content":{"rendered":"<p>Camiseta manga corta gr\u00e1fica Mayoral para chica.<\/p>\n<div class=\"header\">\n<p>Camiseta manga corta<\/p>\n<\/div>\n<div class=\"sub-header\">\n<p>COMPOSICI\u00d3N<\/p>\n<\/div>\n<div class=\"Com\">\n<div class=\"CLin\">\n<div class=\"Cuni_t\">Exterior<\/div>\n<div class=\"Cuni\">100% Algod\u00f3n<\/div>\n<\/div>\n<\/div>\n<div class=\"Cui\">\n<p>CUIDADO DE LA PRENDA<\/p>\n<p><img decoding=\"async\" src=\"https:\/\/media.mayoral.com\/wcsstore\/mayoral\/images\/careicons\/S01.JPG\" \/>\u00a0<img decoding=\"async\" src=\"https:\/\/media.mayoral.com\/wcsstore\/mayoral\/images\/careicons\/S13.JPG\" \/>\u00a0<img decoding=\"async\" src=\"https:\/\/media.mayoral.com\/wcsstore\/mayoral\/images\/careicons\/S38.JPG\" \/>\u00a0<img decoding=\"async\" src=\"https:\/\/media.mayoral.com\/wcsstore\/mayoral\/images\/careicons\/S17.JPG\" \/>\u00a0<img decoding=\"async\" src=\"https:\/\/media.mayoral.com\/wcsstore\/mayoral\/images\/careicons\/S26.JPG\" \/><\/p>\n<\/div>\n","protected":false},"excerpt":{"rendered":"<p>Camiseta manga corta gr\u00e1fica Mayoral para chica. Camiseta manga corta COMPOSICI\u00d3N Exterior 100% Algod\u00f3n CUIDADO DE LA PRENDA \u00a0\u00a0\u00a0\u00a0<\/p>\n","protected":false},"featured_media":50256,"template":"","meta":{"om_disable_all_campaigns":false,"_monsterinsights_skip_tracking":false,"_monsterinsights_sitenote_active":false,"_monsterinsights_sitenote_note":"","_monsterinsights_sitenote_category":0},"product_brand":[],"product_cat":[32,10879],"product_tag":[],"class_list":{"0":"post-50119","1":"product","2":"type-product","3":"status-publish","4":"has-post-thumbnail","6":"product_cat-chica","7":"product_cat-pv2026","8":"yith_product_brand-mayoral","10":"first","11":"instock","12":"taxable","13":"shipping-taxable","14":"purchasable","15":"product-type-variable","16":"has-default-attributes"},"aioseo_notices":[],"_links":{"self":[{"href":"https:\/\/paidoskids.com\/index.php\/wp-json\/wp\/v2\/product\/50119","targetHints":{"allow":["GET"]}}],"collection":[{"href":"https:\/\/paidoskids.com\/index.php\/wp-json\/wp\/v2\/product"}],"about":[{"href":"https:\/\/paidoskids.com\/index.php\/wp-json\/wp\/v2\/types\/product"}],"wp:featuredmedia":[{"embeddable":true,"href":"https:\/\/paidoskids.com\/index.php\/wp-json\/wp\/v2\/media\/50256"}],"wp:attachment":[{"href":"https:\/\/paidoskids.com\/index.php\/wp-json\/wp\/v2\/media?parent=50119"}],"wp:term":[{"taxonomy":"product_brand","embeddable":true,"href":"https:\/\/paidoskids.com\/index.php\/wp-json\/wp\/v2\/product_brand?post=50119"},{"taxonomy":"product_cat","embeddable":true,"href":"https:\/\/paidoskids.com\/index.php\/wp-json\/wp\/v2\/product_cat?post=50119"},{"taxonomy":"product_tag","embeddable":true,"href":"https:\/\/paidoskids.com\/index.php\/wp-json\/wp\/v2\/product_tag?post=50119"}],"curies":[{"name":"wp","href":"https:\/\/api.w.org\/{rel}","templated":true}]}}