{"id":50172,"date":"2026-04-02T12:07:29","date_gmt":"2026-04-02T10:07:29","guid":{"rendered":"https:\/\/paidoskids.com\/?post_type=product&#038;p=50172"},"modified":"2026-04-28T20:56:07","modified_gmt":"2026-04-28T18:56:07","slug":"camiseta-chica-name-it-algodon-organico","status":"publish","type":"product","link":"https:\/\/paidoskids.com\/index.php\/product\/camiseta-chica-name-it-algodon-organico\/","title":{"rendered":"Camiseta Chica Name It Algodon Organico"},"content":{"rendered":"<p>Camiseta chica Name It en algod\u00f3n org\u00e1nico.<\/p>\n<div>Renueva el armario de tu hija con camisetas modernas, perfectas para el d\u00eda a d\u00eda y ocasiones especiales.<\/div>\n<div><\/div>\n<div>El jersey es un tejido ligero y el\u00e1stico, suave por dentro y por fuera, que proporciona comodidad y libertad de movimiento.<\/div>\n<div><\/div>\n<div>&#8211; Tipo de producto: Camiseta<\/div>\n<div><\/div>\n<div>&#8211; Cuello: Redondo<\/div>\n<div><\/div>\n<div>&#8211; Manga: Corta<\/div>\n<div><\/div>\n<div>&#8211; Detalles adicionales: Lentejuelas<\/div>\n<div><\/div>\n<div>&#8211; Estampado: Estampado pigmentado para un efecto suave en tejidos ligeros<\/div>\n<div><\/div>\n<div>&#8211; Corte: Regular<\/div>\n<div><\/div>\n<div>G\u00e9nero: Femenino<\/div>\n<div>Confecci\u00f3n: Punto circular<\/div>\n<div>Detalle de fabricaci\u00f3n: Jersey sencillo<\/div>\n<div>Composici\u00f3n: 100 % algod\u00f3n org\u00e1nico<\/div>\n<div><\/div>\n<div>Referencia del tejido exterior: Jersey sencillo 150 g\/m\u00b2 &#8211; 100 g\/m\u00b2 &#8211; Algod\u00f3n peinado<\/div>\n<div>Fibras certificadas y de marca<\/div>\n<div>El tejido principal de este producto contiene un m\u00ednimo del 50 % de algod\u00f3n org\u00e1nico.<\/div>\n","protected":false},"excerpt":{"rendered":"<p>Camiseta chica Name It en algod\u00f3n org\u00e1nico. Renueva el armario de tu hija con camisetas modernas, perfectas para el d\u00eda a d\u00eda y ocasiones especiales. El jersey es un tejido ligero y el\u00e1stico, suave por dentro y por fuera, que proporciona comodidad y libertad de movimiento. &#8211; Tipo de producto: Camiseta &#8211; Cuello: Redondo &#8211; [&#8230;]\n","protected":false},"featured_media":50216,"template":"","meta":{"om_disable_all_campaigns":false,"_monsterinsights_skip_tracking":false,"_monsterinsights_sitenote_active":false,"_monsterinsights_sitenote_note":"","_monsterinsights_sitenote_category":0},"product_brand":[],"product_cat":[32,10879],"product_tag":[],"class_list":{"0":"post-50172","1":"product","2":"type-product","3":"status-publish","4":"has-post-thumbnail","6":"product_cat-chica","7":"product_cat-pv2026","8":"yith_product_brand-name-it","10":"first","11":"instock","12":"sale","13":"taxable","14":"shipping-taxable","15":"purchasable","16":"product-type-variable","17":"has-default-attributes"},"aioseo_notices":[],"_links":{"self":[{"href":"https:\/\/paidoskids.com\/index.php\/wp-json\/wp\/v2\/product\/50172","targetHints":{"allow":["GET"]}}],"collection":[{"href":"https:\/\/paidoskids.com\/index.php\/wp-json\/wp\/v2\/product"}],"about":[{"href":"https:\/\/paidoskids.com\/index.php\/wp-json\/wp\/v2\/types\/product"}],"wp:featuredmedia":[{"embeddable":true,"href":"https:\/\/paidoskids.com\/index.php\/wp-json\/wp\/v2\/media\/50216"}],"wp:attachment":[{"href":"https:\/\/paidoskids.com\/index.php\/wp-json\/wp\/v2\/media?parent=50172"}],"wp:term":[{"taxonomy":"product_brand","embeddable":true,"href":"https:\/\/paidoskids.com\/index.php\/wp-json\/wp\/v2\/product_brand?post=50172"},{"taxonomy":"product_cat","embeddable":true,"href":"https:\/\/paidoskids.com\/index.php\/wp-json\/wp\/v2\/product_cat?post=50172"},{"taxonomy":"product_tag","embeddable":true,"href":"https:\/\/paidoskids.com\/index.php\/wp-json\/wp\/v2\/product_tag?post=50172"}],"curies":[{"name":"wp","href":"https:\/\/api.w.org\/{rel}","templated":true}]}}