{"id":50291,"date":"2026-04-18T12:13:41","date_gmt":"2026-04-18T10:13:41","guid":{"rendered":"https:\/\/paidoskids.com\/?post_type=product&#038;p=50291"},"modified":"2026-04-25T20:04:07","modified_gmt":"2026-04-25T18:04:07","slug":"short-tejano-name-it-infantil-nina","status":"publish","type":"product","link":"https:\/\/paidoskids.com\/index.php\/product\/short-tejano-name-it-infantil-nina\/","title":{"rendered":"Short Tejano Name It Infantil Ni\u00d1a"},"content":{"rendered":"<p>Short tejano Name It infantil ni\u00f1a.<\/p>\n<div>Crea el look veraniego perfecto para tu hija con unos bonitos shorts y su camiseta favorita.<\/div>\n<div><\/div>\n<div>El denim es un tejido resistente disponible en varios estilos para un look \u00fanico.<\/div>\n<div><\/div>\n<div>&#8211; Tipo de producto: Shorts de mezclilla<\/div>\n<div><\/div>\n<div>&#8211; Cierre: Bot\u00f3n de gancho y cremallera<\/div>\n<div><\/div>\n<div>&#8211; Bolsillos: Bolsillos traseros, bolsillo para monedas, bolsillos delanteros<\/div>\n<div><\/div>\n<div>&#8211; Detalles adicionales: Cintura ajustable<\/div>\n<div><\/div>\n<div>&#8211; Lavado\/Acabado: Desgaste sutil<\/div>\n<div><\/div>\n<div>&#8211; Corte: Pierna ancha<\/div>\n<div><\/div>\n<div>G\u00e9nero: Femenino<\/div>\n<div>Fabricaci\u00f3n: Tejido<\/div>\n<div>Detalle de fabricaci\u00f3n: Tejido de sarga<\/div>\n<div>Composici\u00f3n: 78% algod\u00f3n, 21% poli\u00e9ster reciclado, 1% elastano<\/div>\n","protected":false},"excerpt":{"rendered":"<p>Short tejano Name It infantil ni\u00f1a. Crea el look veraniego perfecto para tu hija con unos bonitos shorts y su camiseta favorita. El denim es un tejido resistente disponible en varios estilos para un look \u00fanico. &#8211; Tipo de producto: Shorts de mezclilla &#8211; Cierre: Bot\u00f3n de gancho y cremallera &#8211; Bolsillos: Bolsillos traseros, bolsillo [&#8230;]\n","protected":false},"featured_media":50455,"template":"","meta":{"om_disable_all_campaigns":false,"_monsterinsights_skip_tracking":false,"_monsterinsights_sitenote_active":false,"_monsterinsights_sitenote_note":"","_monsterinsights_sitenote_category":0},"product_brand":[],"product_cat":[30,10879],"product_tag":[],"class_list":{"0":"post-50291","1":"product","2":"type-product","3":"status-publish","4":"has-post-thumbnail","6":"product_cat-infantil-nina","7":"product_cat-pv2026","8":"yith_product_brand-name-it","10":"first","11":"instock","12":"taxable","13":"shipping-taxable","14":"purchasable","15":"product-type-variable","16":"has-default-attributes"},"aioseo_notices":[],"_links":{"self":[{"href":"https:\/\/paidoskids.com\/index.php\/wp-json\/wp\/v2\/product\/50291","targetHints":{"allow":["GET"]}}],"collection":[{"href":"https:\/\/paidoskids.com\/index.php\/wp-json\/wp\/v2\/product"}],"about":[{"href":"https:\/\/paidoskids.com\/index.php\/wp-json\/wp\/v2\/types\/product"}],"wp:featuredmedia":[{"embeddable":true,"href":"https:\/\/paidoskids.com\/index.php\/wp-json\/wp\/v2\/media\/50455"}],"wp:attachment":[{"href":"https:\/\/paidoskids.com\/index.php\/wp-json\/wp\/v2\/media?parent=50291"}],"wp:term":[{"taxonomy":"product_brand","embeddable":true,"href":"https:\/\/paidoskids.com\/index.php\/wp-json\/wp\/v2\/product_brand?post=50291"},{"taxonomy":"product_cat","embeddable":true,"href":"https:\/\/paidoskids.com\/index.php\/wp-json\/wp\/v2\/product_cat?post=50291"},{"taxonomy":"product_tag","embeddable":true,"href":"https:\/\/paidoskids.com\/index.php\/wp-json\/wp\/v2\/product_tag?post=50291"}],"curies":[{"name":"wp","href":"https:\/\/api.w.org\/{rel}","templated":true}]}}