{"id":50314,"date":"2026-04-18T12:13:57","date_gmt":"2026-04-18T10:13:57","guid":{"rendered":"https:\/\/paidoskids.com\/?post_type=product&#038;p=50314"},"modified":"2026-04-25T19:52:12","modified_gmt":"2026-04-25T17:52:12","slug":"camiseta-tirantes-name-it-chico","status":"publish","type":"product","link":"https:\/\/paidoskids.com\/index.php\/product\/camiseta-tirantes-name-it-chico\/","title":{"rendered":"Camiseta Tirantes Name It Chico"},"content":{"rendered":"<p>Camiseta de tirantes Name It chico.<\/p>\n<div class=\"u-mb-md\">\n<div>\n<div>Renueva el armario de tu hija con camisetas modernas, perfectas para el d\u00eda a d\u00eda y ocasiones especiales.<\/div>\n<div><\/div>\n<div>El jersey es un tejido ligero y el\u00e1stico, suave por dentro y por fuera, que proporciona comodidad y libertad de movimiento.<\/div>\n<div><\/div>\n<div>&#8211; Tipo de producto: Camiseta<\/div>\n<div><\/div>\n<div>&#8211; Cuello: Redondo<\/div>\n<div><\/div>\n<div>&#8211; Manga: Sin manga<\/div>\n<div><\/div>\n<div>&#8211; Estampado: Estampado pigmentado para un efecto suave en tejidos ligeros<\/div>\n<div><\/div>\n<div>&#8211; Corte: Regular<\/div>\n<div><\/div>\n<div>G\u00e9nero: Masculino<\/div>\n<div>Confecci\u00f3n: Punto circular<\/div>\n<div>Detalle de confecci\u00f3n: Jersey sencillo<\/div>\n<div>Tipo de estilo: Camiseta<\/div>\n<div><\/div>\n<div>Nombre del tejido: SJ-150-100-OCO<\/div>\n<div>Composici\u00f3n: 100 % algod\u00f3n org\u00e1nico<\/div>\n<div>Calibre: 24<\/div>\n<div>Peso: 150 g\/m\u00b2<\/div>\n<div>Comentarios sobre el tejido: Algod\u00f3n peinado<\/div>\n<div>Fibras certificadas y de marca<\/div>\n<div>El material principal de este producto contiene un m\u00ednimo del 50 % de algod\u00f3n org\u00e1nico.<\/div>\n<\/div>\n<\/div>\n","protected":false},"excerpt":{"rendered":"<p>Camiseta de tirantes Name It chico. Renueva el armario de tu hija con camisetas modernas, perfectas para el d\u00eda a d\u00eda y ocasiones especiales. El jersey es un tejido ligero y el\u00e1stico, suave por dentro y por fuera, que proporciona comodidad y libertad de movimiento. &#8211; Tipo de producto: Camiseta &#8211; Cuello: Redondo &#8211; Manga: [&#8230;]\n","protected":false},"featured_media":50451,"template":"","meta":{"om_disable_all_campaigns":false,"_monsterinsights_skip_tracking":false,"_monsterinsights_sitenote_active":false,"_monsterinsights_sitenote_note":"","_monsterinsights_sitenote_category":0},"product_brand":[],"product_cat":[31,10879],"product_tag":[],"class_list":{"0":"post-50314","1":"product","2":"type-product","3":"status-publish","4":"has-post-thumbnail","6":"product_cat-chico","7":"product_cat-pv2026","8":"yith_product_brand-name-it","10":"first","11":"instock","12":"taxable","13":"shipping-taxable","14":"purchasable","15":"product-type-variable","16":"has-default-attributes"},"aioseo_notices":[],"_links":{"self":[{"href":"https:\/\/paidoskids.com\/index.php\/wp-json\/wp\/v2\/product\/50314","targetHints":{"allow":["GET"]}}],"collection":[{"href":"https:\/\/paidoskids.com\/index.php\/wp-json\/wp\/v2\/product"}],"about":[{"href":"https:\/\/paidoskids.com\/index.php\/wp-json\/wp\/v2\/types\/product"}],"wp:featuredmedia":[{"embeddable":true,"href":"https:\/\/paidoskids.com\/index.php\/wp-json\/wp\/v2\/media\/50451"}],"wp:attachment":[{"href":"https:\/\/paidoskids.com\/index.php\/wp-json\/wp\/v2\/media?parent=50314"}],"wp:term":[{"taxonomy":"product_brand","embeddable":true,"href":"https:\/\/paidoskids.com\/index.php\/wp-json\/wp\/v2\/product_brand?post=50314"},{"taxonomy":"product_cat","embeddable":true,"href":"https:\/\/paidoskids.com\/index.php\/wp-json\/wp\/v2\/product_cat?post=50314"},{"taxonomy":"product_tag","embeddable":true,"href":"https:\/\/paidoskids.com\/index.php\/wp-json\/wp\/v2\/product_tag?post=50314"}],"curies":[{"name":"wp","href":"https:\/\/api.w.org\/{rel}","templated":true}]}}