{"id":50333,"date":"2026-04-18T12:14:10","date_gmt":"2026-04-18T10:14:10","guid":{"rendered":"https:\/\/paidoskids.com\/?post_type=product&#038;p=50333"},"modified":"2026-04-25T19:21:42","modified_gmt":"2026-04-25T17:21:42","slug":"polo-name-it-chico","status":"publish","type":"product","link":"https:\/\/paidoskids.com\/index.php\/product\/polo-name-it-chico\/","title":{"rendered":"Polo Name It Chico"},"content":{"rendered":"<p>Polo chico Name It.<\/p>\n<div>Renueva el armario de tu hijo con camisetas modernas, perfectas para el d\u00eda a d\u00eda y ocasiones especiales.<\/div>\n<div><\/div>\n<div>El tejido piqu\u00e9 tiene una sutil textura tipo gofre para un look cl\u00e1sico.<\/div>\n<div><\/div>\n<div>&#8211; Tipo de producto: Polo<\/div>\n<div><\/div>\n<div>&#8211; Cuello: Polo<\/div>\n<div>&#8211; Manga: Manga larga<\/div>\n<div><\/div>\n<div>&#8211; Cierre: Botones<\/div>\n<div><\/div>\n<div>&#8211; Corte: Regular<\/div>\n<div><\/div>\n<div>G\u00e9nero: Masculino<\/div>\n<div>Confecci\u00f3n: Punto circular<\/div>\n<div>Detalle de confecci\u00f3n: Piqu\u00e9<\/div>\n<div>Composici\u00f3n: 100 % algod\u00f3n<\/div>\n","protected":false},"excerpt":{"rendered":"<p>Polo chico Name It. Renueva el armario de tu hijo con camisetas modernas, perfectas para el d\u00eda a d\u00eda y ocasiones especiales. El tejido piqu\u00e9 tiene una sutil textura tipo gofre para un look cl\u00e1sico. &#8211; Tipo de producto: Polo &#8211; Cuello: Polo &#8211; Manga: Manga larga &#8211; Cierre: Botones &#8211; Corte: Regular G\u00e9nero: Masculino [&#8230;]\n","protected":false},"featured_media":50435,"template":"","meta":{"om_disable_all_campaigns":false,"_monsterinsights_skip_tracking":false,"_monsterinsights_sitenote_active":false,"_monsterinsights_sitenote_note":"","_monsterinsights_sitenote_category":0},"product_brand":[],"product_cat":[31,10879],"product_tag":[],"class_list":{"0":"post-50333","1":"product","2":"type-product","3":"status-publish","4":"has-post-thumbnail","6":"product_cat-chico","7":"product_cat-pv2026","8":"yith_product_brand-name-it","10":"first","11":"instock","12":"taxable","13":"shipping-taxable","14":"purchasable","15":"product-type-variable","16":"has-default-attributes"},"aioseo_notices":[],"_links":{"self":[{"href":"https:\/\/paidoskids.com\/index.php\/wp-json\/wp\/v2\/product\/50333","targetHints":{"allow":["GET"]}}],"collection":[{"href":"https:\/\/paidoskids.com\/index.php\/wp-json\/wp\/v2\/product"}],"about":[{"href":"https:\/\/paidoskids.com\/index.php\/wp-json\/wp\/v2\/types\/product"}],"wp:featuredmedia":[{"embeddable":true,"href":"https:\/\/paidoskids.com\/index.php\/wp-json\/wp\/v2\/media\/50435"}],"wp:attachment":[{"href":"https:\/\/paidoskids.com\/index.php\/wp-json\/wp\/v2\/media?parent=50333"}],"wp:term":[{"taxonomy":"product_brand","embeddable":true,"href":"https:\/\/paidoskids.com\/index.php\/wp-json\/wp\/v2\/product_brand?post=50333"},{"taxonomy":"product_cat","embeddable":true,"href":"https:\/\/paidoskids.com\/index.php\/wp-json\/wp\/v2\/product_cat?post=50333"},{"taxonomy":"product_tag","embeddable":true,"href":"https:\/\/paidoskids.com\/index.php\/wp-json\/wp\/v2\/product_tag?post=50333"}],"curies":[{"name":"wp","href":"https:\/\/api.w.org\/{rel}","templated":true}]}}