{"id":50395,"date":"2026-04-18T12:14:50","date_gmt":"2026-04-18T10:14:50","guid":{"rendered":"https:\/\/paidoskids.com\/?post_type=product&#038;p=50395"},"modified":"2026-04-25T19:06:00","modified_gmt":"2026-04-25T17:06:00","slug":"pijama-nina-name-it","status":"publish","type":"product","link":"https:\/\/paidoskids.com\/index.php\/product\/pijama-nina-name-it\/","title":{"rendered":"Pijama Ni\u00d1a Name It"},"content":{"rendered":"<p>Pijama chica Name It.<\/p>\n<div>Haz que la hora de dormir sea m\u00e1s divertida para tu hijo\/a con pijamas suaves y frescos, perfectos para un buen descanso.<\/div>\n<div><\/div>\n<div>El jersey es un tejido ligero y el\u00e1stico, suave por dentro y por fuera, que proporciona una sensaci\u00f3n c\u00f3moda y libertad de movimiento.<\/div>\n<div><\/div>\n<div>&#8211; Tipo de producto: Conjunto de pijama<\/div>\n<div><\/div>\n<div>&#8211; Manga: Manga corta<\/div>\n<div><\/div>\n<div>&#8211; Estampado: Estampado repetido en toda la superficie del producto<\/div>\n<div><\/div>\n<div>G\u00e9nero: Femenino<\/div>\n<div>Fabricaci\u00f3n: Punto circular<\/div>\n<div>Detalle de fabricaci\u00f3n: Jersey sencillo<\/div>\n<div>Composici\u00f3n: 95 % algod\u00f3n org\u00e1nico, 5 % elastano<\/div>\n<div><\/div>\n<div>Referencia del tejido exterior: 296 | Jersey sencillo 160 g\/m\u00b2 &#8211; 95\/5\/100 g\/m\u00b2 (algod\u00f3n peinado)<\/div>\n<div>Fibras certificadas y de marca<\/div>\n<div>El tejido principal de este producto contiene un m\u00ednimo del 50 % de algod\u00f3n org\u00e1nico.<\/div>\n","protected":false},"excerpt":{"rendered":"<p>Pijama chica Name It. Haz que la hora de dormir sea m\u00e1s divertida para tu hijo\/a con pijamas suaves y frescos, perfectos para un buen descanso. El jersey es un tejido ligero y el\u00e1stico, suave por dentro y por fuera, que proporciona una sensaci\u00f3n c\u00f3moda y libertad de movimiento. &#8211; Tipo de producto: Conjunto de [&#8230;]\n","protected":false},"featured_media":50421,"template":"","meta":{"om_disable_all_campaigns":false,"_monsterinsights_skip_tracking":false,"_monsterinsights_sitenote_active":false,"_monsterinsights_sitenote_note":"","_monsterinsights_sitenote_category":0},"product_brand":[],"product_cat":[32,10879],"product_tag":[],"class_list":{"0":"post-50395","1":"product","2":"type-product","3":"status-publish","4":"has-post-thumbnail","6":"product_cat-chica","7":"product_cat-pv2026","8":"yith_product_brand-name-it","10":"first","11":"instock","12":"taxable","13":"shipping-taxable","14":"purchasable","15":"product-type-variable","16":"has-default-attributes"},"aioseo_notices":[],"_links":{"self":[{"href":"https:\/\/paidoskids.com\/index.php\/wp-json\/wp\/v2\/product\/50395","targetHints":{"allow":["GET"]}}],"collection":[{"href":"https:\/\/paidoskids.com\/index.php\/wp-json\/wp\/v2\/product"}],"about":[{"href":"https:\/\/paidoskids.com\/index.php\/wp-json\/wp\/v2\/types\/product"}],"wp:featuredmedia":[{"embeddable":true,"href":"https:\/\/paidoskids.com\/index.php\/wp-json\/wp\/v2\/media\/50421"}],"wp:attachment":[{"href":"https:\/\/paidoskids.com\/index.php\/wp-json\/wp\/v2\/media?parent=50395"}],"wp:term":[{"taxonomy":"product_brand","embeddable":true,"href":"https:\/\/paidoskids.com\/index.php\/wp-json\/wp\/v2\/product_brand?post=50395"},{"taxonomy":"product_cat","embeddable":true,"href":"https:\/\/paidoskids.com\/index.php\/wp-json\/wp\/v2\/product_cat?post=50395"},{"taxonomy":"product_tag","embeddable":true,"href":"https:\/\/paidoskids.com\/index.php\/wp-json\/wp\/v2\/product_tag?post=50395"}],"curies":[{"name":"wp","href":"https:\/\/api.w.org\/{rel}","templated":true}]}}